{"id":89828,"date":"2021-04-21T10:20:50","date_gmt":"2021-04-21T08:20:50","guid":{"rendered":"http:\/\/chateau.agencecentaure.fr\/politique-de-confidentialite\/"},"modified":"2021-05-31T16:52:16","modified_gmt":"2021-05-31T14:52:16","slug":"politique-de-confidentialite","status":"publish","type":"page","link":"https:\/\/www.chateau-la-rochefoucauld.com\/zh-hans\/politique-de-confidentialite\/","title":{"rendered":"\u9690\u79c1\u653f\u7b56"},"content":{"rendered":"<p>\u9762\u5bf9\u65b0\u7684\u901a\u8baf\u5de5\u5177\u7684\u53d1\u5c55\uff0c\u6709\u5fc5\u8981\u7279\u522b\u6ce8\u610f\u4fdd\u62a4\u9690\u79c1\u3002\u8fd9\u5c31\u662f\u4e3a\u4ec0\u4e48\u6211\u4eec\u81f4\u529b\u4e8e\u5c0a\u91cd\u6211\u4eec\u6536\u96c6\u7684\u4e2a\u4eba\u4fe1\u606f\u7684\u673a\u5bc6\u6027\u7684\u539f\u56e0\u3002<\/p>\n<hr \/>\n<p><strong>\u6536\u96c6\u4e2a\u4eba\u4fe1\u606f<\/strong><\/p>\n<p>\u6211\u4eec\u6536\u96c6\u4ee5\u4e0b\u4fe1\u606f\uff1a<\/p>\n<ul>\n<li>\u59d3<\/li>\n<li>\u540d<\/li>\n<li>\u5730\u5740<\/li>\n<li>\u90ae\u653f\u7f16\u7801<\/li>\n<li>\u7535\u5b50\u90ae\u4ef6\u5730\u5740<\/li>\n<li>\u7535\u8bdd\/\u4f20\u771f\u53f7\u7801<\/li>\n<li>\u6027\u522b\/\u6027\u522b<\/li>\n<li>\u5e74\u9f84\/\u51fa\u751f\u65e5\u671f<\/li>\n<\/ul>\n<p>\u6211\u4eec\u6536\u96c6\u7684\u4e2a\u4eba\u4fe1\u606f\u662f\u901a\u8fc7\u8868\u683c\u548c\u60a8\u4e0e\u6211\u4eec\u7f51\u7ad9\u4e4b\u95f4\u5efa\u7acb\u7684\u4e92\u52a8\u6027\u6536\u96c6\u7684\u3002\u5982\u4e0b\u8282\u6240\u8ff0\uff0c\u6211\u4eec\u8fd8\u4f7f\u7528Cookie\u548c\/\u6216\u65e5\u5fd7\u6765\u6536\u96c6\u6709\u5173\u60a8\u7684\u4fe1\u606f\u3002<\/p>\n<hr \/>\n<p><strong>\u5f62\u5f0f\u4e0e\u4e92\u52a8<\/strong><\/p>\n<p>\u60a8\u7684\u4e2a\u4eba\u4fe1\u606f\u662f\u901a\u8fc7\u4ee5\u4e0b\u5f62\u5f0f\u6536\u96c6\u7684\uff1a<\/p>\n<ul>\n<li>\u7f51\u7ad9\u6ce8\u518c\u8868\u683c<\/li>\n<li>\u8ba2\u5355<\/li>\n<\/ul>\n<p>\u6211\u4eec\u5c06\u6536\u96c6\u5230\u7684\u4fe1\u606f\u7528\u4e8e\u4ee5\u4e0b\u76ee\u7684\uff1a<\/p>\n<ul>\n<li>\u8ba2\u5355\u8ddf\u8e2a<\/li>\n<li>\u4fe1\u606f\/\u4fc3\u9500\u4f18\u60e0<\/li>\n<li>\u7edf\u8ba1\u6570\u636e<\/li>\n<li>\u63a5\u89e6<\/li>\n<li>\u7f51\u7ad9\u7ba1\u7406\uff08\u6f14\u793a\uff0c\u7ec4\u7ec7\uff09<\/li>\n<\/ul>\n<p>\u60a8\u7684\u4fe1\u606f\u4e5f\u662f\u901a\u8fc7\u60a8\u4e0e\u6211\u4eec\u7f51\u7ad9\u4e4b\u95f4\u5efa\u7acb\u7684\u4e92\u52a8\u5173\u7cfb\u6536\u96c6\u7684\uff0c\u5982\u4e0b\u6240\u793a\uff1a<\/p>\n<ul>\n<li>\u7edf\u8ba1\u6570\u636e<\/li>\n<li>\u63a5\u89e6<\/li>\n<li>\u7f51\u7ad9\u7ba1\u7406\uff08\u6f14\u793a\uff0c\u7ec4\u7ec7\uff09<\/li>\n<\/ul>\n<p>\u6211\u4eec\u5c06\u6536\u96c6\u5230\u7684\u4fe1\u606f\u7528\u4e8e\u4ee5\u4e0b\u76ee\u7684\uff1a<\/p>\n<ul>\n<li>\u6ce8\u91ca<\/li>\n<li>\u4e00\u81f4<\/li>\n<li>\u4fe1\u606f\u6216\u4fc3\u9500\u4f18\u60e0<\/li>\n<\/ul>\n<hr \/>\n<p><strong>\u65e5\u5fd7\u6587\u4ef6\u548ccookie<\/strong><\/p>\n<p>\u6211\u4eec\u901a\u8fc7\u65e5\u5fd7\u6587\u4ef6\u548ccookie\u6536\u96c6\u67d0\u4e9b\u4fe1\u606f\u3002\u8fd9\u4e3b\u8981\u6d89\u53ca\u4ee5\u4e0b\u4fe1\u606f\uff1a<\/p>\n<ul>\n<li>IP\u5730\u5740<\/li>\n<li>\u64cd\u4f5c\u7cfb\u7edf<\/li>\n<li>\u8bbf\u95ee\u7684\u9875\u9762\u548c\u8bf7\u6c42<\/li>\n<li>\u8fde\u63a5\u7684\u65f6\u95f4\u548c\u65e5\u671f<\/li>\n<\/ul>\n<p>\u4f7f\u7528\u6b64\u7c7b\u6587\u4ef6\u53ef\u4ee5\u4f7f\u6211\u4eec\uff1a<\/p>\n<ul>\n<li>\u66f4\u597d\u7684\u670d\u52a1\u548c\u4e2a\u6027\u5316\u7684\u6b22\u8fce<\/li>\n<li>\u8ffd\u8e2a\u63a7\u5236<\/li>\n<li>\u7edf\u8ba1<\/li>\n<\/ul>\n<hr \/>\n<p><strong>\u5f02\u8bae\u548c\u64a4\u56de\u6743<\/strong><\/p>\n<p>\u6211\u4eec\u81f4\u529b\u4e8e\u4e3a\u60a8\u63d0\u4f9b\u53cd\u5bf9\u548c\u64a4\u56de\u60a8\u7684\u4e2a\u4eba\u4fe1\u606f\u7684\u6743\u5229\u3002<br \/>\n\u5f02\u8bae\u6743\u88ab\u7406\u89e3\u4e3a\u63d0\u4f9b\u7ed9\u4e92\u8054\u7f51\u7528\u6237\u62d2\u7edd\u5176\u4e2a\u4eba\u4fe1\u606f\u7528\u4e8e\u6536\u96c6\u8fc7\u7a0b\u4e2d\u63d0\u53ca\u7684\u67d0\u4e9b\u76ee\u7684\u7684\u53ef\u80fd\u6027\u3002<\/p>\n<p>\u64a4\u56de\u6743\u5e94\u7406\u89e3\u4e3a\u4e92\u8054\u7f51\u7528\u6237\u8bf7\u6c42\u5176\u4e2a\u4eba\u4fe1\u606f\u4e0d\u518d\u51fa\u73b0\u5728\u90ae\u4ef6\u5217\u8868\u4e2d\u7684\u53ef\u80fd\u6027\u3002<\/p>\n<p>\u8981\u884c\u4f7f\u8fd9\u4e9b\u6743\u5229\uff0c\u60a8\u53ef\u4ee5\u4f7f\u7528\u9875\u9762\u5e95\u90e8\u7684\u8868\u683c\u6216\u4e0e\u6211\u4eec\u8054\u7cfb\uff1a<br \/>\n\u5730\u5740\uff1aCh\u00e2teaude la Rochefoucauld<br \/>\n16 110 La Rochefoucauld<br \/>\n\u7535\u5b50\u90ae\u4ef6\uff1aamis-du-chateau@wanadoo.fr<br \/>\n\u7535\u8bdd\uff1a05 45 62 07 42<br \/>\n\u7f51\u7ad9\u90e8\u5206\u7f51\u5740\uff1ahttp\uff1a\/\/www.chateau-la-rochefoucauld.com\/politique-de-confidentialite\/<\/p>\n<hr \/>\n<p><strong>\u5b58\u53d6\u6743\u9650<\/strong><\/p>\n<p>\u6211\u4eec\u627f\u8bfa\u627f\u8ba4\u5e0c\u671b\u67e5\u9605\uff0c\u4fee\u6539\u751a\u81f3\u5220\u9664\u4e0e\u4e4b\u6709\u5173\u7684\u4fe1\u606f\u7684\u6570\u636e\u4e3b\u4f53\u6709\u6743\u83b7\u5f97\u548c\u66f4\u6b63\u3002<br \/>\n\u8fd9\u4e00\u6743\u5229\u5c06\u4f7f\u7528\u7684\u5f62\u5f0f\u5728\u9875\u9762\u5e95\u90e8\u7684\u884c\u4f7f\uff0c\u6216\u8054\u7cfb\u6211\u4eec\uff1a<br \/>\n\u5730\u5740\uff1a\u57ce\u5821\uff0c\u6559\u80b2\u5bb6<br \/>\n16 110\u62c9\u7f57\u4ec0\u798f\u79d1<br \/>\n\u7535\u5b50\u90ae\u4ef6\uff1aamis-du-chateau@wanadoo.fr<br \/>\n\u7535\u8bdd\uff1a05 45 62 07 42<br \/>\n\u7684\u7b2c\u7f51\u7ad9\uff1ahttp\uff1a\/\/www.chateau-la-rochefoucauld.com\/politique-de-confidentialite\/<\/p>\n<hr \/>\n<p><strong>\u5b89\u5168<\/strong><\/p>\n<p>\u6211\u4eec\u6536\u96c6\u7684\u4e2a\u4eba\u4fe1\u606f\u4fdd\u5b58\u5728\u5b89\u5168\u7684\u73af\u5883\u4e2d\u3002\u4e3a\u6211\u4eec\u5de5\u4f5c\u7684\u4eba\u4eec\u5fc5\u987b\u5c0a\u91cd\u60a8\u4fe1\u606f\u7684\u673a\u5bc6\u6027\u3002<br \/>\n\u4e3a\u4e86\u786e\u4fdd\u60a8\u7684\u4e2a\u4eba\u4fe1\u606f\u7684\u5b89\u5168\uff0c\u6211\u4eec\u91c7\u53d6\u4ee5\u4e0b\u63aa\u65bd\uff1a<\/p>\n<ul>\n<li>SSL\uff08\u5b89\u5168\u5957\u63a5\u5b57\u5c42\uff09\u534f\u8bae<\/li>\n<li>\u8bbf\u95ee\u7ba1\u7406-\u6388\u6743\u4eba<\/li>\n<li>\u8bbf\u95ee\u7ba1\u7406-\u6570\u636e\u4e3b\u9898<\/li>\n<li>\u7535\u8111\u5907\u4efd<\/li>\n<li>\u767b\u5f55\u5bc6\u7801<\/li>\n<li>\u9632\u706b\u5899<\/li>\n<\/ul>\n<p>\u6211\u4eec\u81f4\u529b\u4e8e\u901a\u8fc7\u96c6\u6210\u6700\u65b0\u7684\u6280\u672f\u521b\u65b0\u6765\u4fdd\u6301\u9ad8\u5ea6\u7684\u673a\u5bc6\u6027\uff0c\u4ee5\u786e\u4fdd\u60a8\u4ea4\u6613\u7684\u673a\u5bc6\u6027\u3002\u4f46\u662f\uff0c\u7531\u4e8e\u6ca1\u6709\u4e00\u79cd\u673a\u5236\u53ef\u4ee5\u63d0\u4f9b\u6700\u5927\u7684\u5b89\u5168\u6027\uff0c\u56e0\u6b64\u5728\u4f7f\u7528Internet\u4f20\u8f93\u4e2a\u4eba\u4fe1\u606f\u65f6\u59cb\u7ec8\u4f1a\u6d89\u53ca\u4e00\u4e9b\u98ce\u9669\u3002<\/p>\n<hr \/>\n<p><strong>\u7acb\u6cd5<\/strong><\/p>\n<p><span class=\"goog-text-highlight\">\u6211\u4eec\u627f\u8bfa\u9075\u5b88\u4ee5\u4e0b\u6cd5\u5f8b\u89c4\u5b9a\uff1a<\/span><br \/>\n<span class=\"goog-text-highlight\">https <\/span><span class=\"goog-text-highlight\">: <\/span><span class=\"goog-text-highlight\">\/\/www.cnil.fr\/fr\/loi-78-17-du-6-janvier-1978-modifiee<\/span><\/p>\n<hr \/>\n<h2>\u4e2a\u4eba\u6570\u636e\u8bbf\u95ee\u8868<\/h2>\n\t\t<form action=\"https:\/\/www.chateau-la-rochefoucauld.com\/wp-admin\/admin-ajax.php\" method=\"post\" id=\"gdrf-form\">\n\t\t\t<input type=\"hidden\" name=\"action\" value=\"gdrf_data_request\" \/>\n\t\t\t<input type=\"hidden\" name=\"gdrf_data_human_key\" id=\"gdrf_data_human_key\" value=\"80007\" \/>\n\t\t\t<input type=\"hidden\" name=\"gdrf_data_nonce\" id=\"gdrf_data_nonce\" value=\"bc9ff9ca69\" \/>\n\n\t\t\t\t\t<div class=\"gdrf-field gdrf-field-action\" role=\"radiogroup\" aria-labelledby=\"gdrf-radio-label\">\n\t\t\t\t<p id=\"gdrf-radio-label\">\n\t\t\t\t\tSelect your request:\t\t\t\t<\/p>\n\n\t\t\t\t<input id=\"gdrf-data-type-export\" class=\"gdrf-data-type-input\" type=\"radio\" name=\"gdrf_data_type\" value=\"export_personal_data\" \/>\n\t\t\t\t<label for=\"gdrf-data-type-export\" class=\"gdrf-data-type-label\">\n\t\t\t\t\tExport Personal Data\t\t\t\t<\/label>\n\t\t\t\t<br \/>\n\t\t\t\t<input id=\"gdrf-data-type-remove\" class=\"gdrf-data-type-input\" type=\"radio\" name=\"gdrf_data_type\" value=\"remove_personal_data\" \/>\n\t\t\t\t<label for=\"gdrf-data-type-remove\" class=\"gdrf-data-type-label\">\n\t\t\t\t\tRemove Personal Data\t\t\t\t<\/label>\n\t\t\t<\/div>\n\t\t\n\t\t\t<p class=\"gdrf-field gdrf-field-email\">\n\t\t\t\t<label for=\"gdrf_data_email\">\n\t\t\t\t\tYour email address (required)\t\t\t\t<\/label>\n\t\t\t\t<input type=\"email\" id=\"gdrf_data_email\" name=\"gdrf_data_email\" required \/>\n\t\t\t<\/p>\n\n\t\t\t<p class=\"gdrf-field gdrf-field-human\">\n\t\t\t\t<label for=\"gdrf_data_human\">\n\t\t\t\t\tHuman verification (required):\t\t\t\t\t8\u00a0+\u00a07\u00a0=\u00a0?\t\t\t\t<\/label>\n\t\t\t\t<input type=\"text\" id=\"gdrf_data_human\" name=\"gdrf_data_human\" required \/>\n\t\t\t<\/p>\n\n\t\t\t<p class=\"gdrf-field gdrf-field-submit\">\n\t\t\t\t<input id=\"gdrf-submit-button\" type=\"submit\" class=\"wp-element-button\" value=\"Send Request\" \/>\n\t\t\t<\/p>\n\t\t<\/form>\n\t\t\n","protected":false},"excerpt":{"rendered":"<p>\u9762\u5bf9\u65b0\u7684\u901a\u8baf\u5de5\u5177\u7684\u53d1\u5c55\uff0c\u6709\u5fc5\u8981\u7279\u522b\u6ce8\u610f\u4fdd [&hellip;]<\/p>\n","protected":false},"author":1,"featured_media":0,"parent":0,"menu_order":0,"comment_status":"closed","ping_status":"closed","template":"","meta":{"footnotes":""},"class_list":["post-89828","page","type-page","status-publish","hentry"],"yoast_head":"<!-- This site is optimized with the Yoast SEO plugin v27.5 - https:\/\/yoast.com\/product\/yoast-seo-wordpress\/ -->\n<title>\u9690\u79c1\u653f\u7b56 - Ch\u00e2teau de La Rochefoucauld<\/title>\n<meta name=\"robots\" content=\"index, follow, max-snippet:-1, max-image-preview:large, max-video-preview:-1\" \/>\n<link rel=\"canonical\" href=\"https:\/\/www.chateau-la-rochefoucauld.com\/zh-hans\/politique-de-confidentialite\/\" \/>\n<meta property=\"og:locale\" content=\"zh_CN\" \/>\n<meta property=\"og:type\" content=\"article\" \/>\n<meta property=\"og:title\" content=\"\u9690\u79c1\u653f\u7b56 - Ch\u00e2teau de La Rochefoucauld\" \/>\n<meta property=\"og:description\" content=\"\u9762\u5bf9\u65b0\u7684\u901a\u8baf\u5de5\u5177\u7684\u53d1\u5c55\uff0c\u6709\u5fc5\u8981\u7279\u522b\u6ce8\u610f\u4fdd [&hellip;]\" \/>\n<meta property=\"og:url\" content=\"https:\/\/www.chateau-la-rochefoucauld.com\/zh-hans\/politique-de-confidentialite\/\" \/>\n<meta property=\"og:site_name\" content=\"Ch\u00e2teau de La Rochefoucauld\" \/>\n<meta property=\"article:publisher\" content=\"https:\/\/www.facebook.com\/ChateauDeLaRochefoucauld\" \/>\n<meta property=\"article:modified_time\" content=\"2021-05-31T14:52:16+00:00\" \/>\n<meta name=\"twitter:card\" content=\"summary_large_image\" \/>\n<script type=\"application\/ld+json\" class=\"yoast-schema-graph\">{\"@context\":\"https:\\\/\\\/schema.org\",\"@graph\":[{\"@type\":\"WebPage\",\"@id\":\"https:\\\/\\\/www.chateau-la-rochefoucauld.com\\\/zh-hans\\\/politique-de-confidentialite\\\/\",\"url\":\"https:\\\/\\\/www.chateau-la-rochefoucauld.com\\\/zh-hans\\\/politique-de-confidentialite\\\/\",\"name\":\"\u9690\u79c1\u653f\u7b56 - Ch\u00e2teau de La Rochefoucauld\",\"isPartOf\":{\"@id\":\"https:\\\/\\\/www.chateau-la-rochefoucauld.com\\\/es\\\/#website\"},\"datePublished\":\"2021-04-21T08:20:50+00:00\",\"dateModified\":\"2021-05-31T14:52:16+00:00\",\"breadcrumb\":{\"@id\":\"https:\\\/\\\/www.chateau-la-rochefoucauld.com\\\/zh-hans\\\/politique-de-confidentialite\\\/#breadcrumb\"},\"inLanguage\":\"zh-Hans\",\"potentialAction\":[{\"@type\":\"ReadAction\",\"target\":[\"https:\\\/\\\/www.chateau-la-rochefoucauld.com\\\/zh-hans\\\/politique-de-confidentialite\\\/\"]}]},{\"@type\":\"BreadcrumbList\",\"@id\":\"https:\\\/\\\/www.chateau-la-rochefoucauld.com\\\/zh-hans\\\/politique-de-confidentialite\\\/#breadcrumb\",\"itemListElement\":[{\"@type\":\"ListItem\",\"position\":1,\"name\":\"Accueil\",\"item\":\"https:\\\/\\\/www.chateau-la-rochefoucauld.com\\\/\"},{\"@type\":\"ListItem\",\"position\":2,\"name\":\"\u9690\u79c1\u653f\u7b56\"}]},{\"@type\":\"WebSite\",\"@id\":\"https:\\\/\\\/www.chateau-la-rochefoucauld.com\\\/es\\\/#website\",\"url\":\"https:\\\/\\\/www.chateau-la-rochefoucauld.com\\\/es\\\/\",\"name\":\"Ch\u00e2teau de La Rochefoucauld\",\"description\":\"du 11\u00e8me si\u00e8cle \u00e0 nos jours\",\"publisher\":{\"@id\":\"https:\\\/\\\/www.chateau-la-rochefoucauld.com\\\/es\\\/#organization\"},\"potentialAction\":[{\"@type\":\"SearchAction\",\"target\":{\"@type\":\"EntryPoint\",\"urlTemplate\":\"https:\\\/\\\/www.chateau-la-rochefoucauld.com\\\/es\\\/?s={search_term_string}\"},\"query-input\":{\"@type\":\"PropertyValueSpecification\",\"valueRequired\":true,\"valueName\":\"search_term_string\"}}],\"inLanguage\":\"zh-Hans\"},{\"@type\":\"Organization\",\"@id\":\"https:\\\/\\\/www.chateau-la-rochefoucauld.com\\\/es\\\/#organization\",\"name\":\"Ch\u00e2teau de La Rochefoucauld\",\"url\":\"https:\\\/\\\/www.chateau-la-rochefoucauld.com\\\/es\\\/\",\"logo\":{\"@type\":\"ImageObject\",\"inLanguage\":\"zh-Hans\",\"@id\":\"https:\\\/\\\/www.chateau-la-rochefoucauld.com\\\/es\\\/#\\\/schema\\\/logo\\\/image\\\/\",\"url\":\"https:\\\/\\\/www.chateau-la-rochefoucauld.com\\\/wp-content\\\/uploads\\\/2021\\\/04\\\/blasonLaRochefoucauldPei.png\",\"contentUrl\":\"https:\\\/\\\/www.chateau-la-rochefoucauld.com\\\/wp-content\\\/uploads\\\/2021\\\/04\\\/blasonLaRochefoucauldPei.png\",\"width\":184,\"height\":200,\"caption\":\"Ch\u00e2teau de La Rochefoucauld\"},\"image\":{\"@id\":\"https:\\\/\\\/www.chateau-la-rochefoucauld.com\\\/es\\\/#\\\/schema\\\/logo\\\/image\\\/\"},\"sameAs\":[\"https:\\\/\\\/www.facebook.com\\\/ChateauDeLaRochefoucauld\",\"https:\\\/\\\/www.instagram.com\\\/chateau.la.rochefoucauld\\\/\"]}]}<\/script>\n<!-- \/ Yoast SEO plugin. -->","yoast_head_json":{"title":"\u9690\u79c1\u653f\u7b56 - Ch\u00e2teau de La Rochefoucauld","robots":{"index":"index","follow":"follow","max-snippet":"max-snippet:-1","max-image-preview":"max-image-preview:large","max-video-preview":"max-video-preview:-1"},"canonical":"https:\/\/www.chateau-la-rochefoucauld.com\/zh-hans\/politique-de-confidentialite\/","og_locale":"zh_CN","og_type":"article","og_title":"\u9690\u79c1\u653f\u7b56 - Ch\u00e2teau de La Rochefoucauld","og_description":"\u9762\u5bf9\u65b0\u7684\u901a\u8baf\u5de5\u5177\u7684\u53d1\u5c55\uff0c\u6709\u5fc5\u8981\u7279\u522b\u6ce8\u610f\u4fdd [&hellip;]","og_url":"https:\/\/www.chateau-la-rochefoucauld.com\/zh-hans\/politique-de-confidentialite\/","og_site_name":"Ch\u00e2teau de La Rochefoucauld","article_publisher":"https:\/\/www.facebook.com\/ChateauDeLaRochefoucauld","article_modified_time":"2021-05-31T14:52:16+00:00","twitter_card":"summary_large_image","schema":{"@context":"https:\/\/schema.org","@graph":[{"@type":"WebPage","@id":"https:\/\/www.chateau-la-rochefoucauld.com\/zh-hans\/politique-de-confidentialite\/","url":"https:\/\/www.chateau-la-rochefoucauld.com\/zh-hans\/politique-de-confidentialite\/","name":"\u9690\u79c1\u653f\u7b56 - Ch\u00e2teau de La Rochefoucauld","isPartOf":{"@id":"https:\/\/www.chateau-la-rochefoucauld.com\/es\/#website"},"datePublished":"2021-04-21T08:20:50+00:00","dateModified":"2021-05-31T14:52:16+00:00","breadcrumb":{"@id":"https:\/\/www.chateau-la-rochefoucauld.com\/zh-hans\/politique-de-confidentialite\/#breadcrumb"},"inLanguage":"zh-Hans","potentialAction":[{"@type":"ReadAction","target":["https:\/\/www.chateau-la-rochefoucauld.com\/zh-hans\/politique-de-confidentialite\/"]}]},{"@type":"BreadcrumbList","@id":"https:\/\/www.chateau-la-rochefoucauld.com\/zh-hans\/politique-de-confidentialite\/#breadcrumb","itemListElement":[{"@type":"ListItem","position":1,"name":"Accueil","item":"https:\/\/www.chateau-la-rochefoucauld.com\/"},{"@type":"ListItem","position":2,"name":"\u9690\u79c1\u653f\u7b56"}]},{"@type":"WebSite","@id":"https:\/\/www.chateau-la-rochefoucauld.com\/es\/#website","url":"https:\/\/www.chateau-la-rochefoucauld.com\/es\/","name":"Ch\u00e2teau de La Rochefoucauld","description":"du 11\u00e8me si\u00e8cle \u00e0 nos jours","publisher":{"@id":"https:\/\/www.chateau-la-rochefoucauld.com\/es\/#organization"},"potentialAction":[{"@type":"SearchAction","target":{"@type":"EntryPoint","urlTemplate":"https:\/\/www.chateau-la-rochefoucauld.com\/es\/?s={search_term_string}"},"query-input":{"@type":"PropertyValueSpecification","valueRequired":true,"valueName":"search_term_string"}}],"inLanguage":"zh-Hans"},{"@type":"Organization","@id":"https:\/\/www.chateau-la-rochefoucauld.com\/es\/#organization","name":"Ch\u00e2teau de La Rochefoucauld","url":"https:\/\/www.chateau-la-rochefoucauld.com\/es\/","logo":{"@type":"ImageObject","inLanguage":"zh-Hans","@id":"https:\/\/www.chateau-la-rochefoucauld.com\/es\/#\/schema\/logo\/image\/","url":"https:\/\/www.chateau-la-rochefoucauld.com\/wp-content\/uploads\/2021\/04\/blasonLaRochefoucauldPei.png","contentUrl":"https:\/\/www.chateau-la-rochefoucauld.com\/wp-content\/uploads\/2021\/04\/blasonLaRochefoucauldPei.png","width":184,"height":200,"caption":"Ch\u00e2teau de La Rochefoucauld"},"image":{"@id":"https:\/\/www.chateau-la-rochefoucauld.com\/es\/#\/schema\/logo\/image\/"},"sameAs":["https:\/\/www.facebook.com\/ChateauDeLaRochefoucauld","https:\/\/www.instagram.com\/chateau.la.rochefoucauld\/"]}]}},"_links":{"self":[{"href":"https:\/\/www.chateau-la-rochefoucauld.com\/zh-hans\/wp-json\/wp\/v2\/pages\/89828","targetHints":{"allow":["GET"]}}],"collection":[{"href":"https:\/\/www.chateau-la-rochefoucauld.com\/zh-hans\/wp-json\/wp\/v2\/pages"}],"about":[{"href":"https:\/\/www.chateau-la-rochefoucauld.com\/zh-hans\/wp-json\/wp\/v2\/types\/page"}],"author":[{"embeddable":true,"href":"https:\/\/www.chateau-la-rochefoucauld.com\/zh-hans\/wp-json\/wp\/v2\/users\/1"}],"replies":[{"embeddable":true,"href":"https:\/\/www.chateau-la-rochefoucauld.com\/zh-hans\/wp-json\/wp\/v2\/comments?post=89828"}],"version-history":[{"count":3,"href":"https:\/\/www.chateau-la-rochefoucauld.com\/zh-hans\/wp-json\/wp\/v2\/pages\/89828\/revisions"}],"predecessor-version":[{"id":90369,"href":"https:\/\/www.chateau-la-rochefoucauld.com\/zh-hans\/wp-json\/wp\/v2\/pages\/89828\/revisions\/90369"}],"wp:attachment":[{"href":"https:\/\/www.chateau-la-rochefoucauld.com\/zh-hans\/wp-json\/wp\/v2\/media?parent=89828"}],"curies":[{"name":"wp","href":"https:\/\/api.w.org\/{rel}","templated":true}]}}