{"id":89186,"date":"2021-04-20T11:25:38","date_gmt":"2021-04-20T09:25:38","guid":{"rendered":"http:\/\/chateau.agencecentaure.fr\/%e8%b4%9d%e6%b0%8f%e8%ae%a1%e5%88%92\/"},"modified":"2021-06-01T17:38:41","modified_gmt":"2021-06-01T15:38:41","slug":"%e8%b4%9d%e6%b0%8f%e8%ae%a1%e5%88%92","status":"publish","type":"page","link":"https:\/\/www.chateau-la-rochefoucauld.com\/zh-hans\/%e8%b4%9d%e6%b0%8f%e8%ae%a1%e5%88%92\/","title":{"rendered":"\u8d1d\u6c0f\u8ba1\u5212"},"content":{"rendered":"<div class=\"wpb-content-wrapper\"><p>[vc_row unlock_row_content=&#8221;yes&#8221; row_height_percent=&#8221;100&#8243; override_padding=&#8221;yes&#8221; h_padding=&#8221;0&#8243; top_padding=&#8221;0&#8243; bottom_padding=&#8221;0&#8243; back_color=&#8221;color-jevc&#8221; overlay_alpha=&#8221;50&#8243; equal_height=&#8221;yes&#8221; gutter_size=&#8221;0&#8243; column_width_percent=&#8221;100&#8243; shift_y=&#8221;0&#8243; z_index=&#8221;0&#8243; shape_dividers=&#8221;&#8221;][vc_column column_width_percent=&#8221;100&#8243; align_horizontal=&#8221;align_center&#8221; gutter_size=&#8221;3&#8243; expand_height=&#8221;yes&#8221; back_color=&#8221;color-jevc&#8221; overlay_alpha=&#8221;50&#8243; shift_x=&#8221;0&#8243; shift_y=&#8221;0&#8243; shift_y_down=&#8221;0&#8243; z_index=&#8221;0&#8243; medium_width=&#8221;0&#8243; mobile_width=&#8221;0&#8243; sticky=&#8221;yes&#8221; width=&#8221;1\/2&#8243; mobile_height=&#8221;340&#8243; css=&#8221;.vc_custom_1618429650882{padding-top: 0px !important;padding-right: 0px !important;padding-bottom: 0px !important;padding-left: 0px !important;}&#8221;][vc_single_image media=&#8221;87952&#8243; media_width_percent=&#8221;100&#8243; media_ratio=&#8221;four-five&#8221; alignment=&#8221;center&#8221;][\/vc_column][vc_column column_width_use_pixel=&#8221;yes&#8221; gutter_size=&#8221;3&#8243; override_padding=&#8221;yes&#8221; column_padding=&#8221;5&#8243; back_color=&#8221;color-188982&#8243; overlay_alpha=&#8221;50&#8243; shift_x=&#8221;0&#8243; shift_y=&#8221;0&#8243; shift_y_down=&#8221;0&#8243; z_index=&#8221;0&#8243; medium_width=&#8221;0&#8243; mobile_width=&#8221;0&#8243; width=&#8221;1\/2&#8243; column_width_pixel=&#8221;528&#8243;][vc_custom_heading heading_semantic=&#8221;h6&#8243; text_size=&#8221;fontsize-160000&#8243; text_transform=&#8221;uppercase&#8221; text_space=&#8221;fontspace-135905&#8243; text_color=&#8221;accent&#8221;]<\/p>\n<h1>\u827e\u5965\u660e\u57f9\u9879\u76ee<\/h1>\n<p>[\/vc_custom_heading][vc_button border_width=&#8221;0&#8243; media_lightbox=&#8221;88030&#8243;]\u70b9\u51fb\u8fd9\u91cc\u67e5\u770b\u8d5e\u52a9\u6587\u4ef6[\/vc_button][vc_column_text text_lead=&#8221;yes&#8221;]\u5fb7?\u62c9\u7f57\u4ec0\u798f\u79d1\u57ce\u5821\u6709\u7740\u4ece\u516c\u51431000\u5e74\u81f3\u516c\u5143\u5341\u516b\u4e16\u7eaa\u4e2d\u53f6\uff0c\u603b\u5171\u8de8\u8d8a\u4e03\u767e\u591a\u5e74\u7684\u60a0\u4e45\u5386\u53f2\uff0c\u5e76\u5f15\u4ee5\u4e3a\u8c6a\u3002<\/p>\n<p>\u57ce\u5821\u7684\u6bcf\u5904\u5efa\u7b51\u90fd\u4e0e\u5386\u53f2\u4e0a\u67d0\u4e00\u653f\u6cbb\u4e8b\u4ef6\u76f8\u5bf9\u5e94\uff0c\u4e43\u4e3a\u663e\u793a\u5bb6\u65cf\u5b9e\u529b\u6216\u4e3a\u5e86\u795d\u6218\u4e89\u80dc\u5229\u800c\u5efa<\/p>\n<p>20\u4e16\u7eaa\u5b88\u57ce\u7684\u90e8\u5206\u6ca6\u9677\u7ed9\u4e86\u6211\u4eec\u572821\u4e16\u7eaa\u7ee7\u7eed\u5efa\u7b51\u5de5\u4f5c\u7684\u673a\u4f1a\u3002\u57ce\u5821\u7684\u73b0\u4efb\u4e3b\u4eba\u8bf7\u8457\u540d\u7684\u5efa\u7b51\u5e08PEI\u5148\u751f\u7528\u73b0\u4ee3\u6750\u6599\u91cd\u65b0\u8bbe\u8ba1\u4fdd\u6301\uff08\u89c1\u6a21\u578b\uff09\u3002\u4ed6\u6765\u5230La Rochefoucauld\uff0c\u8868\u73b0\u51fa\u6781\u5927\u7684\u70ed\u60c5\uff0c\u7b2c\u4e00\u4e2a\u6a21\u578b\u53ef\u4ee5\u57281999\u5e74\u5448\u73b0\u3002\u7b2c\u4e8c\u4e2a\u6a21\u578b\u6700\u7ec8\u88ab\u9ad8\u7ea7\u5386\u53f2\u9057\u8ff9\u59d4\u5458\u4f1a\u63a5\u53d7\u3002\u8fd9\u4e2a\u5730\u7262\u5c06\u662f\u4e00\u4e2a\u5e38\u5e74\u6027\u7684\u8c61\u5f81\u3002\u5b83\u7684\u65c1\u8fb9\u662fPEI\u5148\u751f\u60f3\u8981\u7684\u4e00\u4e2a\u865a\u62df\u56fe\u4e66\u9986\uff0c\u4e0e\u76ee\u524d\u7684\u5165\u53e3\u57ce\u5821\u76f8\u5bf9\u5e94\uff0c\u8fd9\u4e2a\u57ce\u5821\u91cc\u6709La Rochefoucauld Liancourt\u7684\u56fe\u4e66\u9986\u300218\u4e16\u7eaa\u7684\u7ffc\u697c\u5c06\u88ab\u6539\u9020\u6210\u4e00\u6240\u5efa\u7b51\u5b66\u6821\u3002\u4eca\u5929\uff0c\u8fd9\u4e2a\u8017\u8d44500\u4e07\u6b27\u5143\u7684\u4e8c\u5341\u4e00\u4e16\u7eaa\u5b88\u95e8\u4eba\u7684\u5efa\u9020\u9879\u76ee\u662f\u4e00\u4e2a\u8d5e\u52a9\u6587\u4ef6\u7684\u4e3b\u9898\u3002<\/p>\n<p>&nbsp;<\/p>\n<p><em>\u8fd9\u5ea7\u65b0\u4e16\u7eaa\u4e3b\u5854\u4fee\u5efa\u8ba1\u5212\u8017\u8d44\u8fbe\u4e94\u767e\u4e07\u6b27\u5143\uff0c\u76ee\u524d\u6b63\u5728\u5bfb\u627e\u8d44\u52a9\u8d22\u56e2\u3002<\/em><br \/>\n<a href=\"http:\/\/www.imreyculbert.com\/\" target=\"_blank\" rel=\"noopener\">www.imreyculbert.com<\/a>[\/vc_column_text][\/vc_column][\/vc_row]<\/p>\n<\/div>","protected":false},"excerpt":{"rendered":"<p>[vc_row unlock_row_c [&hellip;]<\/p>\n","protected":false},"author":1,"featured_media":0,"parent":0,"menu_order":0,"comment_status":"closed","ping_status":"closed","template":"","meta":{"footnotes":""},"class_list":["post-89186","page","type-page","status-publish","hentry"],"yoast_head":"<!-- This site is optimized with the Yoast SEO plugin v27.5 - https:\/\/yoast.com\/product\/yoast-seo-wordpress\/ -->\n<title>\u8d1d\u6c0f\u8ba1\u5212 - Ch\u00e2teau de La Rochefoucauld<\/title>\n<meta name=\"robots\" content=\"index, follow, max-snippet:-1, max-image-preview:large, max-video-preview:-1\" \/>\n<link rel=\"canonical\" href=\"https:\/\/www.chateau-la-rochefoucauld.com\/zh-hans\/\u8d1d\u6c0f\u8ba1\u5212\/\" \/>\n<meta property=\"og:locale\" content=\"zh_CN\" \/>\n<meta property=\"og:type\" content=\"article\" \/>\n<meta property=\"og:title\" content=\"\u8d1d\u6c0f\u8ba1\u5212 - Ch\u00e2teau de La Rochefoucauld\" \/>\n<meta property=\"og:description\" content=\"[vc_row unlock_row_c [&hellip;]\" \/>\n<meta property=\"og:url\" content=\"https:\/\/www.chateau-la-rochefoucauld.com\/zh-hans\/\u8d1d\u6c0f\u8ba1\u5212\/\" \/>\n<meta property=\"og:site_name\" content=\"Ch\u00e2teau de La Rochefoucauld\" \/>\n<meta property=\"article:publisher\" content=\"https:\/\/www.facebook.com\/ChateauDeLaRochefoucauld\" \/>\n<meta property=\"article:modified_time\" content=\"2021-06-01T15:38:41+00:00\" \/>\n<meta name=\"twitter:card\" content=\"summary_large_image\" \/>\n<meta name=\"twitter:label1\" content=\"\u9884\u8ba1\u9605\u8bfb\u65f6\u95f4\" \/>\n\t<meta name=\"twitter:data1\" content=\"1 \u5206\" \/>\n<script type=\"application\/ld+json\" class=\"yoast-schema-graph\">{\"@context\":\"https:\\\/\\\/schema.org\",\"@graph\":[{\"@type\":\"WebPage\",\"@id\":\"https:\\\/\\\/www.chateau-la-rochefoucauld.com\\\/zh-hans\\\/%e8%b4%9d%e6%b0%8f%e8%ae%a1%e5%88%92\\\/\",\"url\":\"https:\\\/\\\/www.chateau-la-rochefoucauld.com\\\/zh-hans\\\/%e8%b4%9d%e6%b0%8f%e8%ae%a1%e5%88%92\\\/\",\"name\":\"\u8d1d\u6c0f\u8ba1\u5212 - Ch\u00e2teau de La Rochefoucauld\",\"isPartOf\":{\"@id\":\"https:\\\/\\\/www.chateau-la-rochefoucauld.com\\\/es\\\/#website\"},\"datePublished\":\"2021-04-20T09:25:38+00:00\",\"dateModified\":\"2021-06-01T15:38:41+00:00\",\"breadcrumb\":{\"@id\":\"https:\\\/\\\/www.chateau-la-rochefoucauld.com\\\/zh-hans\\\/%e8%b4%9d%e6%b0%8f%e8%ae%a1%e5%88%92\\\/#breadcrumb\"},\"inLanguage\":\"zh-Hans\",\"potentialAction\":[{\"@type\":\"ReadAction\",\"target\":[\"https:\\\/\\\/www.chateau-la-rochefoucauld.com\\\/zh-hans\\\/%e8%b4%9d%e6%b0%8f%e8%ae%a1%e5%88%92\\\/\"]}]},{\"@type\":\"BreadcrumbList\",\"@id\":\"https:\\\/\\\/www.chateau-la-rochefoucauld.com\\\/zh-hans\\\/%e8%b4%9d%e6%b0%8f%e8%ae%a1%e5%88%92\\\/#breadcrumb\",\"itemListElement\":[{\"@type\":\"ListItem\",\"position\":1,\"name\":\"Accueil\",\"item\":\"https:\\\/\\\/www.chateau-la-rochefoucauld.com\\\/\"},{\"@type\":\"ListItem\",\"position\":2,\"name\":\"\u8d1d\u6c0f\u8ba1\u5212\"}]},{\"@type\":\"WebSite\",\"@id\":\"https:\\\/\\\/www.chateau-la-rochefoucauld.com\\\/es\\\/#website\",\"url\":\"https:\\\/\\\/www.chateau-la-rochefoucauld.com\\\/es\\\/\",\"name\":\"Ch\u00e2teau de La Rochefoucauld\",\"description\":\"du 11\u00e8me si\u00e8cle \u00e0 nos jours\",\"publisher\":{\"@id\":\"https:\\\/\\\/www.chateau-la-rochefoucauld.com\\\/es\\\/#organization\"},\"potentialAction\":[{\"@type\":\"SearchAction\",\"target\":{\"@type\":\"EntryPoint\",\"urlTemplate\":\"https:\\\/\\\/www.chateau-la-rochefoucauld.com\\\/es\\\/?s={search_term_string}\"},\"query-input\":{\"@type\":\"PropertyValueSpecification\",\"valueRequired\":true,\"valueName\":\"search_term_string\"}}],\"inLanguage\":\"zh-Hans\"},{\"@type\":\"Organization\",\"@id\":\"https:\\\/\\\/www.chateau-la-rochefoucauld.com\\\/es\\\/#organization\",\"name\":\"Ch\u00e2teau de La Rochefoucauld\",\"url\":\"https:\\\/\\\/www.chateau-la-rochefoucauld.com\\\/es\\\/\",\"logo\":{\"@type\":\"ImageObject\",\"inLanguage\":\"zh-Hans\",\"@id\":\"https:\\\/\\\/www.chateau-la-rochefoucauld.com\\\/es\\\/#\\\/schema\\\/logo\\\/image\\\/\",\"url\":\"https:\\\/\\\/www.chateau-la-rochefoucauld.com\\\/wp-content\\\/uploads\\\/2021\\\/04\\\/blasonLaRochefoucauldPei.png\",\"contentUrl\":\"https:\\\/\\\/www.chateau-la-rochefoucauld.com\\\/wp-content\\\/uploads\\\/2021\\\/04\\\/blasonLaRochefoucauldPei.png\",\"width\":184,\"height\":200,\"caption\":\"Ch\u00e2teau de La Rochefoucauld\"},\"image\":{\"@id\":\"https:\\\/\\\/www.chateau-la-rochefoucauld.com\\\/es\\\/#\\\/schema\\\/logo\\\/image\\\/\"},\"sameAs\":[\"https:\\\/\\\/www.facebook.com\\\/ChateauDeLaRochefoucauld\",\"https:\\\/\\\/www.instagram.com\\\/chateau.la.rochefoucauld\\\/\"]}]}<\/script>\n<!-- \/ Yoast SEO plugin. -->","yoast_head_json":{"title":"\u8d1d\u6c0f\u8ba1\u5212 - Ch\u00e2teau de La Rochefoucauld","robots":{"index":"index","follow":"follow","max-snippet":"max-snippet:-1","max-image-preview":"max-image-preview:large","max-video-preview":"max-video-preview:-1"},"canonical":"https:\/\/www.chateau-la-rochefoucauld.com\/zh-hans\/\u8d1d\u6c0f\u8ba1\u5212\/","og_locale":"zh_CN","og_type":"article","og_title":"\u8d1d\u6c0f\u8ba1\u5212 - Ch\u00e2teau de La Rochefoucauld","og_description":"[vc_row unlock_row_c [&hellip;]","og_url":"https:\/\/www.chateau-la-rochefoucauld.com\/zh-hans\/\u8d1d\u6c0f\u8ba1\u5212\/","og_site_name":"Ch\u00e2teau de La Rochefoucauld","article_publisher":"https:\/\/www.facebook.com\/ChateauDeLaRochefoucauld","article_modified_time":"2021-06-01T15:38:41+00:00","twitter_card":"summary_large_image","twitter_misc":{"\u9884\u8ba1\u9605\u8bfb\u65f6\u95f4":"1 \u5206"},"schema":{"@context":"https:\/\/schema.org","@graph":[{"@type":"WebPage","@id":"https:\/\/www.chateau-la-rochefoucauld.com\/zh-hans\/%e8%b4%9d%e6%b0%8f%e8%ae%a1%e5%88%92\/","url":"https:\/\/www.chateau-la-rochefoucauld.com\/zh-hans\/%e8%b4%9d%e6%b0%8f%e8%ae%a1%e5%88%92\/","name":"\u8d1d\u6c0f\u8ba1\u5212 - Ch\u00e2teau de La Rochefoucauld","isPartOf":{"@id":"https:\/\/www.chateau-la-rochefoucauld.com\/es\/#website"},"datePublished":"2021-04-20T09:25:38+00:00","dateModified":"2021-06-01T15:38:41+00:00","breadcrumb":{"@id":"https:\/\/www.chateau-la-rochefoucauld.com\/zh-hans\/%e8%b4%9d%e6%b0%8f%e8%ae%a1%e5%88%92\/#breadcrumb"},"inLanguage":"zh-Hans","potentialAction":[{"@type":"ReadAction","target":["https:\/\/www.chateau-la-rochefoucauld.com\/zh-hans\/%e8%b4%9d%e6%b0%8f%e8%ae%a1%e5%88%92\/"]}]},{"@type":"BreadcrumbList","@id":"https:\/\/www.chateau-la-rochefoucauld.com\/zh-hans\/%e8%b4%9d%e6%b0%8f%e8%ae%a1%e5%88%92\/#breadcrumb","itemListElement":[{"@type":"ListItem","position":1,"name":"Accueil","item":"https:\/\/www.chateau-la-rochefoucauld.com\/"},{"@type":"ListItem","position":2,"name":"\u8d1d\u6c0f\u8ba1\u5212"}]},{"@type":"WebSite","@id":"https:\/\/www.chateau-la-rochefoucauld.com\/es\/#website","url":"https:\/\/www.chateau-la-rochefoucauld.com\/es\/","name":"Ch\u00e2teau de La Rochefoucauld","description":"du 11\u00e8me si\u00e8cle \u00e0 nos jours","publisher":{"@id":"https:\/\/www.chateau-la-rochefoucauld.com\/es\/#organization"},"potentialAction":[{"@type":"SearchAction","target":{"@type":"EntryPoint","urlTemplate":"https:\/\/www.chateau-la-rochefoucauld.com\/es\/?s={search_term_string}"},"query-input":{"@type":"PropertyValueSpecification","valueRequired":true,"valueName":"search_term_string"}}],"inLanguage":"zh-Hans"},{"@type":"Organization","@id":"https:\/\/www.chateau-la-rochefoucauld.com\/es\/#organization","name":"Ch\u00e2teau de La Rochefoucauld","url":"https:\/\/www.chateau-la-rochefoucauld.com\/es\/","logo":{"@type":"ImageObject","inLanguage":"zh-Hans","@id":"https:\/\/www.chateau-la-rochefoucauld.com\/es\/#\/schema\/logo\/image\/","url":"https:\/\/www.chateau-la-rochefoucauld.com\/wp-content\/uploads\/2021\/04\/blasonLaRochefoucauldPei.png","contentUrl":"https:\/\/www.chateau-la-rochefoucauld.com\/wp-content\/uploads\/2021\/04\/blasonLaRochefoucauldPei.png","width":184,"height":200,"caption":"Ch\u00e2teau de La Rochefoucauld"},"image":{"@id":"https:\/\/www.chateau-la-rochefoucauld.com\/es\/#\/schema\/logo\/image\/"},"sameAs":["https:\/\/www.facebook.com\/ChateauDeLaRochefoucauld","https:\/\/www.instagram.com\/chateau.la.rochefoucauld\/"]}]}},"_links":{"self":[{"href":"https:\/\/www.chateau-la-rochefoucauld.com\/zh-hans\/wp-json\/wp\/v2\/pages\/89186","targetHints":{"allow":["GET"]}}],"collection":[{"href":"https:\/\/www.chateau-la-rochefoucauld.com\/zh-hans\/wp-json\/wp\/v2\/pages"}],"about":[{"href":"https:\/\/www.chateau-la-rochefoucauld.com\/zh-hans\/wp-json\/wp\/v2\/types\/page"}],"author":[{"embeddable":true,"href":"https:\/\/www.chateau-la-rochefoucauld.com\/zh-hans\/wp-json\/wp\/v2\/users\/1"}],"replies":[{"embeddable":true,"href":"https:\/\/www.chateau-la-rochefoucauld.com\/zh-hans\/wp-json\/wp\/v2\/comments?post=89186"}],"version-history":[{"count":17,"href":"https:\/\/www.chateau-la-rochefoucauld.com\/zh-hans\/wp-json\/wp\/v2\/pages\/89186\/revisions"}],"predecessor-version":[{"id":90461,"href":"https:\/\/www.chateau-la-rochefoucauld.com\/zh-hans\/wp-json\/wp\/v2\/pages\/89186\/revisions\/90461"}],"wp:attachment":[{"href":"https:\/\/www.chateau-la-rochefoucauld.com\/zh-hans\/wp-json\/wp\/v2\/media?parent=89186"}],"curies":[{"name":"wp","href":"https:\/\/api.w.org\/{rel}","templated":true}]}}