{"id":89021,"date":"2021-04-20T10:26:53","date_gmt":"2021-04-20T08:26:53","guid":{"rendered":"http:\/\/chateau.agencecentaure.fr\/%d0%bf%d1%80%d0%b8%d0%b5%d0%bc%d1%8b-%d0%b8-%d1%81%d0%b5%d0%bc%d0%b8%d0%bd%d0%b0%d1%80%d1%8b\/"},"modified":"2026-02-27T08:50:27","modified_gmt":"2026-02-27T07:50:27","slug":"d0-bf-d1-80-d0-b8-d0-b5-d0-bc-d1-8b-d0-b8-d1-81-d0-b5-d0-bc-d0-b8-d0-bd-d0-b0-d1-80-d1-8b","status":"publish","type":"page","link":"https:\/\/www.chateau-la-rochefoucauld.com\/ru\/d0-bf-d1-80-d0-b8-d0-b5-d0-bc-d1-8b-d0-b8-d1-81-d0-b5-d0-bc-d0-b8-d0-bd-d0-b0-d1-80-d1-8b\/","title":{"rendered":"\u041f\u0420\u0418\u0415\u041c\u042b \u0418 \u0421\u0415\u041c\u0418\u041d\u0410\u0420\u042b"},"content":{"rendered":"<div class=\"wpb-content-wrapper\"><p>[vc_row unlock_row_content=&#8221;yes&#8221; row_height_percent=&#8221;100&#8243; override_padding=&#8221;yes&#8221; h_padding=&#8221;0&#8243; top_padding=&#8221;0&#8243; bottom_padding=&#8221;0&#8243; back_color=&#8221;color-jevc&#8221; overlay_alpha=&#8221;50&#8243; equal_height=&#8221;yes&#8221; gutter_size=&#8221;0&#8243; column_width_percent=&#8221;100&#8243; shift_y=&#8221;0&#8243; z_index=&#8221;0&#8243;][vc_column column_width_percent=&#8221;100&#8243; align_horizontal=&#8221;align_center&#8221; gutter_size=&#8221;0&#8243; override_padding=&#8221;yes&#8221; column_padding=&#8221;0&#8243; expand_height=&#8221;yes&#8221; back_color=&#8221;color-jevc&#8221; overlay_alpha=&#8221;50&#8243; shift_x=&#8221;0&#8243; shift_y=&#8221;0&#8243; shift_y_down=&#8221;0&#8243; z_index=&#8221;0&#8243; medium_width=&#8221;0&#8243; mobile_width=&#8221;0&#8243; sticky=&#8221;yes&#8221; width=&#8221;1\/2&#8243; mobile_height=&#8221;340&#8243;][vc_gmaps latlon=&#8221;45.741769,0.380351&#8243; size=&#8221;900px&#8221; map_color=&#8221;&#8221; ui_color=&#8221;&#8221; zoom=&#8221;14&#8243; map_saturation=&#8221;-20&#8243; map_brightness=&#8221;5&#8243; address=&#8221;Ch\u00e2teau de La Rochefoucauld, 16110 La Rochefoucauld-en-Angoumois, France&#8221; uncode_shortcode_id=&#8221;125742&#8243;][\/vc_column][vc_column column_width_use_pixel=&#8221;yes&#8221; gutter_size=&#8221;3&#8243; override_padding=&#8221;yes&#8221; column_padding=&#8221;5&#8243; back_color=&#8221;color-xsdn&#8221; overlay_alpha=&#8221;50&#8243; shift_x=&#8221;0&#8243; shift_y=&#8221;0&#8243; shift_y_down=&#8221;0&#8243; z_index=&#8221;0&#8243; medium_width=&#8221;0&#8243; mobile_width=&#8221;0&#8243; width=&#8221;1\/2&#8243; column_width_pixel=&#8221;528&#8243;][vc_custom_heading text_color=&#8221;accent&#8221; heading_semantic=&#8221;h6&#8243; text_size=&#8221;fontsize-160000&#8243; text_transform=&#8221;uppercase&#8221; text_space=&#8221;fontspace-135905&#8243;]<\/p>\n<h1>\u041f\u0420\u0418\u0415\u041c\u042b \u0418 \u0421\u0415\u041c\u0418\u041d\u0410\u0420\u042b<\/h1>\n<p>[\/vc_custom_heading][vc_column_text text_lead=&#8221;yes&#8221; uncode_shortcode_id=&#8221;191740&#8243; el_class=&#8221;hidden&#8221;]<\/p>\n<h2><strong><span class=\"txtgras\">\u0414\u0415\u041d\u042c \u041d\u0410\u0421\u041b\u0415\u0414\u0418\u042f<br \/>\n<\/span><\/strong><strong><span class=\"txtgras\">17 \u0438 18 \u0421\u0415\u041d\u0422\u042f\u0411\u0420\u042f<br \/>\n<\/span><\/strong><strong><span class=\"txtgras\">\u0412\u0425\u041e\u0414 2 \u20ac \u0421 12 \u041b\u0415\u0422<\/span><\/strong><\/h2>\n<p>[\/vc_column_text][vc_column_text text_lead=&#8221;yes&#8221; uncode_shortcode_id=&#8221;101407&#8243;]<\/p>\n<h2><strong><span class=\"txtgras\">\u0427\u0410\u0421\u042b<\/span><\/strong><\/h2>\n<p>\u0417\u0430\u043c\u043e\u043a \u043e\u0442\u043a\u0440\u044b\u0442 \u043a\u0430\u0436\u0434\u044b\u0439 \u0434\u0435\u043d\u044c, \u043a\u0440\u043e\u043c\u0435 \u0432\u0442\u043e\u0440\u043d\u0438\u043a\u0430, \u0441 10:00 \u0434\u043e 19:00.<\/p>\n<h2><strong><span class=\"txtgras\">\u0422\u0430\u0440\u0438\u0444\u044b (Tariffs)<\/span><\/strong><\/h2>\n<p>\u0412\u0437\u0440\u043e\u0441\u043b\u044b\u0435: \u20ac12<br \/>\n\u0414\u0435\u0442\u0438 \u043e\u0442 4 \u0434\u043e 12 \u043b\u0435\u0442: \u20ac6<br \/>\n\u041c\u0435\u043d\u0435\u0435 4 \u043b\u0435\u0442: \u0431\u0435\u0441\u043f\u043b\u0430\u0442\u043d\u043e<\/p>\n<p>\u042d\u0442\u0438 \u0446\u0435\u043d\u044b \u0432\u043a\u043b\u044e\u0447\u0430\u044e\u0442 \u0431\u0435\u0441\u043f\u043b\u0430\u0442\u043d\u043e\u0435 \u043f\u043e\u0441\u0435\u0449\u0435\u043d\u0438\u0435 \u0437\u0430\u043c\u043a\u0430, \u0430 \u0442\u0430\u043a\u0436\u0435 \u044d\u043a\u0441\u043a\u0443\u0440\u0441\u0438\u044e \u0441 \u0433\u0438\u0434\u043e\u043c \u043f\u043e \u0431\u0438\u0431\u043b\u0438\u043e\u0442\u0435\u043a\u0430\u043c \u0438 \u0430\u0440\u0445\u0438\u0432\u043d\u043e\u043c\u0443 \u0437\u0430\u043b\u0443.<br \/>\n\u0414\u043b\u044f \u0433\u0440\u0443\u043f\u043f (20 \u0447\u0435\u043b\u043e\u0432\u0435\u043a \u0438 \u0431\u043e\u043b\u0435\u0435) \u043f\u043e \u0437\u0430\u043f\u0440\u043e\u0441\u0443 \u043f\u0440\u0435\u0434\u043e\u0441\u0442\u0430\u0432\u043b\u044f\u0435\u0442\u0441\u044f \u0434\u0432\u0443\u0445\u0447\u0430\u0441\u043e\u0432\u0430\u044f \u044d\u043a\u0441\u043a\u0443\u0440\u0441\u0438\u044f \u043f\u043e \u0432\u0441\u0435\u043c\u0443 \u0437\u0430\u043c\u043a\u0443 \u043f\u043e \u0442\u0435\u043c \u0436\u0435 \u0446\u0435\u043d\u0430\u043c.<\/p>\n<h2><strong><span class=\"txtgras\">\u0421\u041e\u0411\u0410\u041a\u0418<\/span><\/strong><\/h2>\n<p>\u0421\u043e\u0431\u0430\u043a\u0438 \u0437\u0430\u043f\u0440\u0435\u0449\u0435\u043d\u044b \u0432 \u043f\u0430\u0440\u043a\u0435 \u0438 \u043d\u0430 \u0442\u0435\u0440\u0440\u0438\u0442\u043e\u0440\u0438\u0438 \u0437\u0430\u043c\u043a\u0430.<br \/>\n\u041a \u043f\u043e\u0441\u0435\u0449\u0435\u043d\u0438\u044f\u043c \u0434\u043e\u043f\u0443\u0441\u043a\u0430\u044e\u0442\u0441\u044f \u0442\u043e\u043b\u044c\u043a\u043e \u043c\u0430\u043b\u0435\u043d\u044c\u043a\u0438\u0435 \u0441\u043e\u0431\u0430\u043a\u0438 \u043d\u0430 \u0440\u0443\u043a\u0430\u0445 \u0438\u043b\u0438 \u0432 \u0441\u0443\u043c\u043a\u0435.<\/p>\n<h2>\u041a\u041e\u041b\u042f\u0421\u041a\u0418<\/h2>\n<p>\u0417\u0430\u0440\u0430\u043d\u0435\u0435 \u0431\u043b\u0430\u0433\u043e\u0434\u0430\u0440\u0438\u043c \u0432\u0430\u0441 \u0437\u0430 \u0442\u043e, \u0447\u0442\u043e \u0432\u044b \u043e\u0441\u0442\u0430\u0432\u043b\u044f\u0435\u0442\u0435 \u043a\u043e\u043b\u044f\u0441\u043a\u0438 \u0443 \u0432\u0445\u043e\u0434\u0430.<\/p>\n<h2><strong><span class=\"txtgras\">\u0421\u043f\u0440\u0430\u0432\u043a\u0438 \u0438 \u0437\u0430\u043a\u0430\u0437 \u043f\u043e \u0442\u0435\u043b\u0435\u0444\u043e\u043d\u0443 (Enquiries and Reservations)<\/span><\/strong><\/h2>\n<p><a class=\"txtnoir\" href=\"mailto:amis-du-chateau@wanadoo.fr\">amis-du-chateau@wanadoo.fr<\/a><br \/>\n\u0422\u0435\u043b: 05 45 63 52 71[\/vc_column_text][vc_column_text text_lead=&#8221;yes&#8221; uncode_shortcode_id=&#8221;923742&#8243; el_class=&#8221;hidden&#8221;]<\/p>\n<h2><strong><span class=\"txtgras\">\u0417\u0430\u043c\u043e\u043a \u0420\u043e\u0448\u0444\u0443\u043a\u043e<\/span><\/strong><\/h2>\n<p>\u0415\u0436\u0435\u0433\u043e\u0434\u043d\u043e\u0435 \u0437\u0430\u043a\u0440\u044b\u0442\u0438\u0435: \u0441 2 \u044f\u043d\u0432\u0430\u0440\u044f \u043f\u043e 14 \u0444\u0435\u0432\u0440\u0430\u043b\u044f.<\/p>\n<p>\u0415\u0436\u0435\u0433\u043e\u0434\u043d\u043e\u0435 \u0437\u0430\u043a\u0440\u044b\u0442\u0438\u0435: \u0441\u043e 2 \u044f\u043d\u0432\u0430\u0440\u044f \u043f\u043e 14 \u0444\u0435\u0432\u0440\u0430\u043b\u044f (\u043e\u0434\u043d\u0430\u043a\u043e \u0432 \u044d\u0442\u043e\u0442 \u043f\u0435\u0440\u0438\u043e\u0434 \u0437\u0430\u043c\u043e\u043a \u043e\u0442\u043a\u0440\u044b\u0442 \u043f\u043e \u0432\u043e\u0441\u043a\u0440\u0435\u0441\u0435\u043d\u044c\u044f\u043c \u0441 14:00).<\/p>\n<h2><strong><span class=\"txtgras\">\u0422\u0430\u0440\u0438\u0444\u044b (Tariffs)<\/span><\/strong><\/h2>\n<p>\u041c\u044b \u043f\u0440\u0438\u0432\u0435\u0442\u0441\u0442\u0432\u0443\u0435\u043c \u043f\u043e\u0441\u0435\u0442\u0438\u0442\u0435\u043b\u0435\u0439 \u0432 \u0433\u0440\u0443\u043f\u043f\u0430\u0445 \u0438\u043b\u0438 \u0438\u043d\u0434\u0438\u0432\u0438\u0434\u0443\u0430\u043b\u044c\u043d\u043e, \u043f\u043e \u0446\u0435\u043d\u0435 12 \u20ac \u0434\u043b\u044f \u0432\u0437\u0440\u043e\u0441\u043b\u044b\u0445, 5 \u20ac \u0434\u043b\u044f \u0434\u0435\u0442\u0435\u0439 \u043e\u0442 4 \u0434\u043e 12 \u043b\u0435\u0442, \u0431\u0435\u0441\u043f\u043b\u0430\u0442\u043d\u043e \u0434\u043b\u044f \u0434\u0435\u0442\u0435\u0439 \u0434\u043e 4 \u043b\u0435\u0442.<\/p>\n<h2><strong><span class=\"txtgras\">\u0421\u043f\u0440\u0430\u0432\u043a\u0438 \u0438 \u0437\u0430\u043a\u0430\u0437 \u043f\u043e \u0442\u0435\u043b\u0435\u0444\u043e\u043d\u0443 (Enquiries and Reservations)<\/span><\/strong><\/h2>\n<p><a class=\"txtnoir\" href=\"mailto:amis-du-chateau@wanadoo.fr\">amis-du-chateau@wanadoo.fr<\/a><br \/>\n\u0422\u0435\u043b:: +33.5.45.62.07.42[\/vc_column_text][\/vc_column][\/vc_row]<\/p>\n<\/div>","protected":false},"excerpt":{"rendered":"<p>[vc_row unlock_row_content=&#8221;yes&#8221; row_height_percent=&#8221;100&#8243; override_padding=&#8221;yes&#8221; h_padding=&#8221;0&#8243; top_padding=&#8221;0&#8243; bottom_padding=&#8221;0&#8243; back_color=&#8221;color-jevc&#8221; overlay_alpha=&#8221;50&#8243; equal_height=&#8221;yes&#8221; gutter_size=&#8221;0&#8243; column_width_percent=&#8221;100&#8243; shift_y=&#8221;0&#8243; z_index=&#8221;0&#8243;][vc_column column_width_percent=&#8221;100&#8243; align_horizontal=&#8221;align_center&#8221; gutter_size=&#8221;0&#8243; override_padding=&#8221;yes&#8221; column_padding=&#8221;0&#8243; expand_height=&#8221;yes&#8221; [&hellip;]<\/p>\n","protected":false},"author":1,"featured_media":0,"parent":0,"menu_order":0,"comment_status":"closed","ping_status":"closed","template":"","meta":{"footnotes":""},"class_list":["post-89021","page","type-page","status-publish","hentry"],"yoast_head":"<!-- This site is optimized with the Yoast SEO plugin v27.5 - https:\/\/yoast.com\/product\/yoast-seo-wordpress\/ -->\n<title>\u041f\u0420\u0418\u0415\u041c\u042b \u0418 \u0421\u0415\u041c\u0418\u041d\u0410\u0420\u042b - Ch\u00e2teau de La Rochefoucauld<\/title>\n<meta name=\"robots\" content=\"index, follow, max-image-preview:large, max-video-preview:-1, noarchive, nosnippet\" \/>\n<link rel=\"canonical\" href=\"https:\/\/www.chateau-la-rochefoucauld.com\/informations-pratiques\/\" \/>\n<meta property=\"og:locale\" content=\"ru_RU\" \/>\n<meta property=\"og:type\" content=\"article\" \/>\n<meta property=\"og:title\" content=\"\u041f\u0420\u0418\u0415\u041c\u042b \u0418 \u0421\u0415\u041c\u0418\u041d\u0410\u0420\u042b - Ch\u00e2teau de La Rochefoucauld\" \/>\n<meta property=\"og:description\" content=\"[vc_row unlock_row_content=&#8221;yes&#8221; row_height_percent=&#8221;100&#8243; override_padding=&#8221;yes&#8221; h_padding=&#8221;0&#8243; top_padding=&#8221;0&#8243; bottom_padding=&#8221;0&#8243; back_color=&#8221;color-jevc&#8221; overlay_alpha=&#8221;50&#8243; equal_height=&#8221;yes&#8221; gutter_size=&#8221;0&#8243; column_width_percent=&#8221;100&#8243; shift_y=&#8221;0&#8243; z_index=&#8221;0&#8243;][vc_column column_width_percent=&#8221;100&#8243; align_horizontal=&#8221;align_center&#8221; gutter_size=&#8221;0&#8243; override_padding=&#8221;yes&#8221; column_padding=&#8221;0&#8243; expand_height=&#8221;yes&#8221; [&hellip;]\" \/>\n<meta property=\"og:url\" content=\"https:\/\/www.chateau-la-rochefoucauld.com\/informations-pratiques\/\" \/>\n<meta property=\"og:site_name\" content=\"Ch\u00e2teau de La Rochefoucauld\" \/>\n<meta property=\"article:publisher\" content=\"https:\/\/www.facebook.com\/ChateauDeLaRochefoucauld\" \/>\n<meta property=\"article:modified_time\" content=\"2026-02-27T07:50:27+00:00\" \/>\n<meta name=\"twitter:card\" content=\"summary_large_image\" \/>\n<meta name=\"twitter:label1\" content=\"\u041f\u0440\u0438\u043c\u0435\u0440\u043d\u043e\u0435 \u0432\u0440\u0435\u043c\u044f \u0434\u043b\u044f \u0447\u0442\u0435\u043d\u0438\u044f\" \/>\n\t<meta name=\"twitter:data1\" content=\"2 \u043c\u0438\u043d\u0443\u0442\u044b\" \/>\n<script type=\"application\/ld+json\" class=\"yoast-schema-graph\">{\"@context\":\"https:\\\/\\\/schema.org\",\"@graph\":[{\"@type\":\"WebPage\",\"@id\":\"https:\\\/\\\/www.chateau-la-rochefoucauld.com\\\/informations-pratiques\\\/\",\"url\":\"https:\\\/\\\/www.chateau-la-rochefoucauld.com\\\/informations-pratiques\\\/\",\"name\":\"\u041f\u0420\u0418\u0415\u041c\u042b \u0418 \u0421\u0415\u041c\u0418\u041d\u0410\u0420\u042b - Ch\u00e2teau de La Rochefoucauld\",\"isPartOf\":{\"@id\":\"https:\\\/\\\/www.chateau-la-rochefoucauld.com\\\/es\\\/#website\"},\"datePublished\":\"2021-04-20T08:26:53+00:00\",\"dateModified\":\"2026-02-27T07:50:27+00:00\",\"breadcrumb\":{\"@id\":\"https:\\\/\\\/www.chateau-la-rochefoucauld.com\\\/informations-pratiques\\\/#breadcrumb\"},\"inLanguage\":\"ru-RU\",\"potentialAction\":[{\"@type\":\"ReadAction\",\"target\":[\"https:\\\/\\\/www.chateau-la-rochefoucauld.com\\\/informations-pratiques\\\/\"]}]},{\"@type\":\"BreadcrumbList\",\"@id\":\"https:\\\/\\\/www.chateau-la-rochefoucauld.com\\\/informations-pratiques\\\/#breadcrumb\",\"itemListElement\":[{\"@type\":\"ListItem\",\"position\":1,\"name\":\"Accueil\",\"item\":\"https:\\\/\\\/www.chateau-la-rochefoucauld.com\\\/\"},{\"@type\":\"ListItem\",\"position\":2,\"name\":\"\u041f\u0420\u0418\u0415\u041c\u042b \u0418 \u0421\u0415\u041c\u0418\u041d\u0410\u0420\u042b\"}]},{\"@type\":\"WebSite\",\"@id\":\"https:\\\/\\\/www.chateau-la-rochefoucauld.com\\\/es\\\/#website\",\"url\":\"https:\\\/\\\/www.chateau-la-rochefoucauld.com\\\/es\\\/\",\"name\":\"Ch\u00e2teau de La Rochefoucauld\",\"description\":\"du 11\u00e8me si\u00e8cle \u00e0 nos jours\",\"publisher\":{\"@id\":\"https:\\\/\\\/www.chateau-la-rochefoucauld.com\\\/es\\\/#organization\"},\"potentialAction\":[{\"@type\":\"SearchAction\",\"target\":{\"@type\":\"EntryPoint\",\"urlTemplate\":\"https:\\\/\\\/www.chateau-la-rochefoucauld.com\\\/es\\\/?s={search_term_string}\"},\"query-input\":{\"@type\":\"PropertyValueSpecification\",\"valueRequired\":true,\"valueName\":\"search_term_string\"}}],\"inLanguage\":\"ru-RU\"},{\"@type\":\"Organization\",\"@id\":\"https:\\\/\\\/www.chateau-la-rochefoucauld.com\\\/es\\\/#organization\",\"name\":\"Ch\u00e2teau de La Rochefoucauld\",\"url\":\"https:\\\/\\\/www.chateau-la-rochefoucauld.com\\\/es\\\/\",\"logo\":{\"@type\":\"ImageObject\",\"inLanguage\":\"ru-RU\",\"@id\":\"https:\\\/\\\/www.chateau-la-rochefoucauld.com\\\/es\\\/#\\\/schema\\\/logo\\\/image\\\/\",\"url\":\"https:\\\/\\\/www.chateau-la-rochefoucauld.com\\\/wp-content\\\/uploads\\\/2021\\\/04\\\/blasonLaRochefoucauldPei.png\",\"contentUrl\":\"https:\\\/\\\/www.chateau-la-rochefoucauld.com\\\/wp-content\\\/uploads\\\/2021\\\/04\\\/blasonLaRochefoucauldPei.png\",\"width\":184,\"height\":200,\"caption\":\"Ch\u00e2teau de La Rochefoucauld\"},\"image\":{\"@id\":\"https:\\\/\\\/www.chateau-la-rochefoucauld.com\\\/es\\\/#\\\/schema\\\/logo\\\/image\\\/\"},\"sameAs\":[\"https:\\\/\\\/www.facebook.com\\\/ChateauDeLaRochefoucauld\",\"https:\\\/\\\/www.instagram.com\\\/chateau.la.rochefoucauld\\\/\"]}]}<\/script>\n<!-- \/ Yoast SEO plugin. -->","yoast_head_json":{"title":"\u041f\u0420\u0418\u0415\u041c\u042b \u0418 \u0421\u0415\u041c\u0418\u041d\u0410\u0420\u042b - Ch\u00e2teau de La Rochefoucauld","robots":{"index":"index","follow":"follow","max-image-preview":"max-image-preview:large","max-video-preview":"max-video-preview:-1","archive":"noarchive","snippet":"nosnippet"},"canonical":"https:\/\/www.chateau-la-rochefoucauld.com\/informations-pratiques\/","og_locale":"ru_RU","og_type":"article","og_title":"\u041f\u0420\u0418\u0415\u041c\u042b \u0418 \u0421\u0415\u041c\u0418\u041d\u0410\u0420\u042b - Ch\u00e2teau de La Rochefoucauld","og_description":"[vc_row unlock_row_content=&#8221;yes&#8221; row_height_percent=&#8221;100&#8243; override_padding=&#8221;yes&#8221; h_padding=&#8221;0&#8243; top_padding=&#8221;0&#8243; bottom_padding=&#8221;0&#8243; back_color=&#8221;color-jevc&#8221; overlay_alpha=&#8221;50&#8243; equal_height=&#8221;yes&#8221; gutter_size=&#8221;0&#8243; column_width_percent=&#8221;100&#8243; shift_y=&#8221;0&#8243; z_index=&#8221;0&#8243;][vc_column column_width_percent=&#8221;100&#8243; align_horizontal=&#8221;align_center&#8221; gutter_size=&#8221;0&#8243; override_padding=&#8221;yes&#8221; column_padding=&#8221;0&#8243; expand_height=&#8221;yes&#8221; [&hellip;]","og_url":"https:\/\/www.chateau-la-rochefoucauld.com\/informations-pratiques\/","og_site_name":"Ch\u00e2teau de La Rochefoucauld","article_publisher":"https:\/\/www.facebook.com\/ChateauDeLaRochefoucauld","article_modified_time":"2026-02-27T07:50:27+00:00","twitter_card":"summary_large_image","twitter_misc":{"\u041f\u0440\u0438\u043c\u0435\u0440\u043d\u043e\u0435 \u0432\u0440\u0435\u043c\u044f \u0434\u043b\u044f \u0447\u0442\u0435\u043d\u0438\u044f":"2 \u043c\u0438\u043d\u0443\u0442\u044b"},"schema":{"@context":"https:\/\/schema.org","@graph":[{"@type":"WebPage","@id":"https:\/\/www.chateau-la-rochefoucauld.com\/informations-pratiques\/","url":"https:\/\/www.chateau-la-rochefoucauld.com\/informations-pratiques\/","name":"\u041f\u0420\u0418\u0415\u041c\u042b \u0418 \u0421\u0415\u041c\u0418\u041d\u0410\u0420\u042b - Ch\u00e2teau de La Rochefoucauld","isPartOf":{"@id":"https:\/\/www.chateau-la-rochefoucauld.com\/es\/#website"},"datePublished":"2021-04-20T08:26:53+00:00","dateModified":"2026-02-27T07:50:27+00:00","breadcrumb":{"@id":"https:\/\/www.chateau-la-rochefoucauld.com\/informations-pratiques\/#breadcrumb"},"inLanguage":"ru-RU","potentialAction":[{"@type":"ReadAction","target":["https:\/\/www.chateau-la-rochefoucauld.com\/informations-pratiques\/"]}]},{"@type":"BreadcrumbList","@id":"https:\/\/www.chateau-la-rochefoucauld.com\/informations-pratiques\/#breadcrumb","itemListElement":[{"@type":"ListItem","position":1,"name":"Accueil","item":"https:\/\/www.chateau-la-rochefoucauld.com\/"},{"@type":"ListItem","position":2,"name":"\u041f\u0420\u0418\u0415\u041c\u042b \u0418 \u0421\u0415\u041c\u0418\u041d\u0410\u0420\u042b"}]},{"@type":"WebSite","@id":"https:\/\/www.chateau-la-rochefoucauld.com\/es\/#website","url":"https:\/\/www.chateau-la-rochefoucauld.com\/es\/","name":"Ch\u00e2teau de La Rochefoucauld","description":"du 11\u00e8me si\u00e8cle \u00e0 nos jours","publisher":{"@id":"https:\/\/www.chateau-la-rochefoucauld.com\/es\/#organization"},"potentialAction":[{"@type":"SearchAction","target":{"@type":"EntryPoint","urlTemplate":"https:\/\/www.chateau-la-rochefoucauld.com\/es\/?s={search_term_string}"},"query-input":{"@type":"PropertyValueSpecification","valueRequired":true,"valueName":"search_term_string"}}],"inLanguage":"ru-RU"},{"@type":"Organization","@id":"https:\/\/www.chateau-la-rochefoucauld.com\/es\/#organization","name":"Ch\u00e2teau de La Rochefoucauld","url":"https:\/\/www.chateau-la-rochefoucauld.com\/es\/","logo":{"@type":"ImageObject","inLanguage":"ru-RU","@id":"https:\/\/www.chateau-la-rochefoucauld.com\/es\/#\/schema\/logo\/image\/","url":"https:\/\/www.chateau-la-rochefoucauld.com\/wp-content\/uploads\/2021\/04\/blasonLaRochefoucauldPei.png","contentUrl":"https:\/\/www.chateau-la-rochefoucauld.com\/wp-content\/uploads\/2021\/04\/blasonLaRochefoucauldPei.png","width":184,"height":200,"caption":"Ch\u00e2teau de La Rochefoucauld"},"image":{"@id":"https:\/\/www.chateau-la-rochefoucauld.com\/es\/#\/schema\/logo\/image\/"},"sameAs":["https:\/\/www.facebook.com\/ChateauDeLaRochefoucauld","https:\/\/www.instagram.com\/chateau.la.rochefoucauld\/"]}]}},"_links":{"self":[{"href":"https:\/\/www.chateau-la-rochefoucauld.com\/ru\/wp-json\/wp\/v2\/pages\/89021","targetHints":{"allow":["GET"]}}],"collection":[{"href":"https:\/\/www.chateau-la-rochefoucauld.com\/ru\/wp-json\/wp\/v2\/pages"}],"about":[{"href":"https:\/\/www.chateau-la-rochefoucauld.com\/ru\/wp-json\/wp\/v2\/types\/page"}],"author":[{"embeddable":true,"href":"https:\/\/www.chateau-la-rochefoucauld.com\/ru\/wp-json\/wp\/v2\/users\/1"}],"replies":[{"embeddable":true,"href":"https:\/\/www.chateau-la-rochefoucauld.com\/ru\/wp-json\/wp\/v2\/comments?post=89021"}],"version-history":[{"count":26,"href":"https:\/\/www.chateau-la-rochefoucauld.com\/ru\/wp-json\/wp\/v2\/pages\/89021\/revisions"}],"predecessor-version":[{"id":91079,"href":"https:\/\/www.chateau-la-rochefoucauld.com\/ru\/wp-json\/wp\/v2\/pages\/89021\/revisions\/91079"}],"wp:attachment":[{"href":"https:\/\/www.chateau-la-rochefoucauld.com\/ru\/wp-json\/wp\/v2\/media?parent=89021"}],"curies":[{"name":"wp","href":"https:\/\/api.w.org\/{rel}","templated":true}]}}