{"id":89832,"date":"2021-04-21T10:20:50","date_gmt":"2021-04-21T08:20:50","guid":{"rendered":"http:\/\/chateau.agencecentaure.fr\/politique-de-confidentialite\/"},"modified":"2021-05-31T16:56:57","modified_gmt":"2021-05-31T14:56:57","slug":"politique-de-confidentialite","status":"publish","type":"page","link":"https:\/\/www.chateau-la-rochefoucauld.com\/es\/politique-de-confidentialite\/","title":{"rendered":"Pol\u00edtica de confidencialidad"},"content":{"rendered":"<div class=\"post-title-wrapper\">\n<p class=\"post-title\">Ante el desarrollo de nuevas herramientas de comunicaci\u00f3n, es necesario prestar especial atenci\u00f3n a la protecci\u00f3n de la privacidad. Es por eso que nos comprometemos a respetar la confidencialidad de la informaci\u00f3n personal que recopilamos.<\/p>\n<\/div>\n<hr \/>\n<p><strong>Recolecci\u00f3n de informaci\u00f3n personal<\/strong><\/p>\n<p>Recopilamos la siguiente informaci\u00f3n:<\/p>\n<ul>\n<li>apellido<\/li>\n<li>Nombre propio<\/li>\n<li>Direcci\u00f3n postal<\/li>\n<li>C\u00f3digo postal<\/li>\n<li>Direcci\u00f3n de correo electr\u00f3nico<\/li>\n<li>N\u00famero de tel\u00e9fono \/ fax<\/li>\n<li>G\u00e9nero \/ sexo<\/li>\n<li>Edad \/ Fecha de nacimiento<\/li>\n<\/ul>\n<p>La informaci\u00f3n personal que recopilamos se recopila a trav\u00e9s de formularios y mediante la interactividad que se establece entre usted y nuestro sitio web. Tambi\u00e9n utilizamos, como se indica en la siguiente secci\u00f3n, cookies y \/ o registros para recopilar informaci\u00f3n sobre usted.<\/p>\n<hr \/>\n<p><strong>Formas e interactividad<\/strong><\/p>\n<p>Su informaci\u00f3n personal se recopila a trav\u00e9s de un formulario, a saber:<\/p>\n<ul>\n<li>Formulario de registro del sitio web<\/li>\n<li>Formulario de pedido<\/li>\n<\/ul>\n<p>Usamos la informaci\u00f3n as\u00ed recopilada para los siguientes prop\u00f3sitos:<\/p>\n<ul>\n<li>Rastreo de orden<\/li>\n<li>Informaci\u00f3n \/ Ofertas promocionales<\/li>\n<li>Estad\u00edsticas<\/li>\n<li>Contactar<\/li>\n<li>Gesti\u00f3n de sitios web (presentaci\u00f3n, organizaci\u00f3n)<\/li>\n<\/ul>\n<p>Su informaci\u00f3n tambi\u00e9n se recopila a trav\u00e9s de la interactividad que se puede establecer entre usted y nuestro sitio web, de la siguiente manera:<\/p>\n<ul>\n<li>Estad\u00edsticas<\/li>\n<li>Contactar<\/li>\n<li>Gesti\u00f3n de sitios web (presentaci\u00f3n, organizaci\u00f3n)<\/li>\n<\/ul>\n<p>Usamos la informaci\u00f3n as\u00ed recopilada para los siguientes prop\u00f3sitos:<\/p>\n<ul>\n<li>Comentarios<\/li>\n<li>Correspondencia<\/li>\n<li>Informaci\u00f3n o para ofertas promocionales<\/li>\n<\/ul>\n<hr \/>\n<p><strong>Archivos de registro y cookies<\/strong><\/p>\n<p>Recopilamos cierta informaci\u00f3n a trav\u00e9s de archivos de registro y cookies. Esto se refiere principalmente a la siguiente informaci\u00f3n:<\/p>\n<ul>\n<li>direcci\u00f3n IP<\/li>\n<li>Sistema de explotaci\u00f3n<\/li>\n<li>P\u00e1ginas visitadas y solicitudes<\/li>\n<li>Hora y d\u00eda de la conexi\u00f3n<\/li>\n<\/ul>\n<p>El uso de dichos archivos nos permite:<\/p>\n<ul>\n<li>Servicio mejorado y acogida personalizada<\/li>\n<li>Seguimiento de pedido<\/li>\n<li>Estad\u00edstico<\/li>\n<\/ul>\n<hr \/>\n<p><strong>Derecho de oposici\u00f3n y desistimiento<\/strong><\/p>\n<p>Estamos comprometidos a ofrecerle el derecho a oponerse y retirar su informaci\u00f3n personal.<br \/>\nSe entiende por derecho de oposici\u00f3n la posibilidad que se ofrece a los internautas de rechazar que su informaci\u00f3n personal sea utilizada para determinadas finalidades mencionadas durante la recogida.<\/p>\n<p>Se entiende por derecho de desistimiento la posibilidad que se ofrece a los internautas de solicitar que su informaci\u00f3n personal deje de aparecer, por ejemplo, en una lista de correo.<\/p>\n<p>Para ejercer estos derechos, puede utilizar el formulario al final de la p\u00e1gina o contactarnos:<br \/>\nDirecci\u00f3n: Ch\u00e2teau de la Rochefoucauld<br \/>\n16 110 La Rochefoucauld<br \/>\nCorreo electr\u00f3nico: amis-du-chateau@wanadoo.fr<br \/>\nTel\u00e9fono: 05 45 62 07 42<br \/>\nSecci\u00f3n del sitio web: https:\/\/www.chateau-la-rochefoucauld.com\/politique-de-confidentialite\/<\/p>\n<hr \/>\n<p><strong>Permiso de acceso<\/strong><\/p>\n<p>Nos comprometemos a reconocer el derecho de acceso y rectificaci\u00f3n a los interesados \u200b\u200bque deseen consultar, modificar o incluso suprimir la informaci\u00f3n que les concierne.<br \/>\nEste derecho se ejercer\u00e1 mediante el formulario al final de la p\u00e1gina o poni\u00e9ndose en contacto con nosotros:<br \/>\nDirecci\u00f3n: Ch\u00e2teau de la Rochefoucauld<br \/>\n16 110 La Rochefoucauld<br \/>\nCorreo electr\u00f3nico: amis-du-chateau@wanadoo.fr<br \/>\nTel\u00e9fono: 05 45 62 07 42<br \/>\nSecci\u00f3n del sitio web: https:\/\/www.chateau-la-rochefoucauld.com\/politique-de-confidentialite\/<\/p>\n<hr \/>\n<p><strong>seguridad<\/strong><\/p>\n<p>La informaci\u00f3n personal que recopilamos se mantiene en un entorno seguro. Las personas que trabajan para nosotros deben respetar la confidencialidad de su informaci\u00f3n.<br \/>\nPara garantizar la seguridad de su informaci\u00f3n personal, utilizamos las siguientes medidas:<\/p>\n<ul>\n<li>Protocolo SSL (Secure Sockets Layer)<\/li>\n<li>Gesti\u00f3n de acceso &#8211; persona autorizada<\/li>\n<li>Gesti\u00f3n de acceso &#8211; sujeto de datos<\/li>\n<li>Copia de seguridad de la computadora<\/li>\n<li>Contrase\u00f1a de inicio de sesi\u00f3n<\/li>\n<li>Cortafuegos<\/li>\n<\/ul>\n<p>Estamos comprometidos a mantener un alto grado de confidencialidad mediante la integraci\u00f3n de las \u00faltimas innovaciones tecnol\u00f3gicas para garantizar la confidencialidad de sus transacciones. Sin embargo, como ning\u00fan mecanismo ofrece la m\u00e1xima seguridad, siempre existe alg\u00fan riesgo al utilizar Internet para transmitir informaci\u00f3n personal.<\/p>\n<hr \/>\n<p><strong>Legislaci\u00f3n<\/strong><\/p>\n<p><span class=\"goog-text-highlight\">Nos comprometemos a respetar las disposiciones legislativas establecidas en: <\/span><br \/>\n<span class=\"goog-text-highlight\">https:\/\/www.cnil.fr\/fr\/loi-78-17-du-6-janvier-1978-modifiee<\/span><\/p>\n<hr \/>\n<h2>Formulario de acceso a datos personales<\/h2>\n\t\t<form action=\"https:\/\/www.chateau-la-rochefoucauld.com\/wp-admin\/admin-ajax.php\" method=\"post\" id=\"gdrf-form\">\n\t\t\t<input type=\"hidden\" name=\"action\" value=\"gdrf_data_request\" \/>\n\t\t\t<input type=\"hidden\" name=\"gdrf_data_human_key\" id=\"gdrf_data_human_key\" value=\"60006\" \/>\n\t\t\t<input type=\"hidden\" name=\"gdrf_data_nonce\" id=\"gdrf_data_nonce\" value=\"bc9ff9ca69\" \/>\n\n\t\t\t\t\t<div class=\"gdrf-field gdrf-field-action\" role=\"radiogroup\" aria-labelledby=\"gdrf-radio-label\">\n\t\t\t\t<p id=\"gdrf-radio-label\">\n\t\t\t\t\tSelecciona tu petici\u00f3n:\t\t\t\t<\/p>\n\n\t\t\t\t<input id=\"gdrf-data-type-export\" class=\"gdrf-data-type-input\" type=\"radio\" name=\"gdrf_data_type\" value=\"export_personal_data\" \/>\n\t\t\t\t<label for=\"gdrf-data-type-export\" class=\"gdrf-data-type-label\">\n\t\t\t\t\tExportar los datos personales\t\t\t\t<\/label>\n\t\t\t\t<br \/>\n\t\t\t\t<input id=\"gdrf-data-type-remove\" class=\"gdrf-data-type-input\" type=\"radio\" name=\"gdrf_data_type\" value=\"remove_personal_data\" \/>\n\t\t\t\t<label for=\"gdrf-data-type-remove\" class=\"gdrf-data-type-label\">\n\t\t\t\t\tEliminar los datos personales\t\t\t\t<\/label>\n\t\t\t<\/div>\n\t\t\n\t\t\t<p class=\"gdrf-field gdrf-field-email\">\n\t\t\t\t<label for=\"gdrf_data_email\">\n\t\t\t\t\tTu direcci\u00f3n de correo electr\u00f3nico (obligatoria)\t\t\t\t<\/label>\n\t\t\t\t<input type=\"email\" id=\"gdrf_data_email\" name=\"gdrf_data_email\" required \/>\n\t\t\t<\/p>\n\n\t\t\t<p class=\"gdrf-field gdrf-field-human\">\n\t\t\t\t<label for=\"gdrf_data_human\">\n\t\t\t\t\tVerificaci\u00f3n humana (obligatoria):\t\t\t\t\t6\u00a0+\u00a06\u00a0=\u00a0?\t\t\t\t<\/label>\n\t\t\t\t<input type=\"text\" id=\"gdrf_data_human\" name=\"gdrf_data_human\" required \/>\n\t\t\t<\/p>\n\n\t\t\t<p class=\"gdrf-field gdrf-field-submit\">\n\t\t\t\t<input id=\"gdrf-submit-button\" type=\"submit\" class=\"wp-element-button\" value=\"Enviar la solicitud\" \/>\n\t\t\t<\/p>\n\t\t<\/form>\n\t\t\n","protected":false},"excerpt":{"rendered":"<p>Ante el desarrollo de nuevas herramientas de comunicaci\u00f3n, es necesario prestar especial atenci\u00f3n a la protecci\u00f3n de la privacidad. Es [&hellip;]<\/p>\n","protected":false},"author":1,"featured_media":0,"parent":0,"menu_order":0,"comment_status":"closed","ping_status":"closed","template":"","meta":{"footnotes":""},"class_list":["post-89832","page","type-page","status-publish","hentry"],"yoast_head":"<!-- This site is optimized with the Yoast SEO plugin v27.5 - https:\/\/yoast.com\/product\/yoast-seo-wordpress\/ -->\n<title>Pol\u00edtica de confidencialidad - Ch\u00e2teau de La Rochefoucauld<\/title>\n<meta name=\"robots\" content=\"index, follow, max-snippet:-1, max-image-preview:large, max-video-preview:-1\" \/>\n<link rel=\"canonical\" href=\"https:\/\/www.chateau-la-rochefoucauld.com\/es\/politique-de-confidentialite\/\" \/>\n<meta property=\"og:locale\" content=\"es_ES\" \/>\n<meta property=\"og:type\" content=\"article\" \/>\n<meta property=\"og:title\" content=\"Pol\u00edtica de confidencialidad - Ch\u00e2teau de La Rochefoucauld\" \/>\n<meta property=\"og:description\" content=\"Ante el desarrollo de nuevas herramientas de comunicaci\u00f3n, es necesario prestar especial atenci\u00f3n a la protecci\u00f3n de la privacidad. Es [&hellip;]\" \/>\n<meta property=\"og:url\" content=\"https:\/\/www.chateau-la-rochefoucauld.com\/es\/politique-de-confidentialite\/\" \/>\n<meta property=\"og:site_name\" content=\"Ch\u00e2teau de La Rochefoucauld\" \/>\n<meta property=\"article:publisher\" content=\"https:\/\/www.facebook.com\/ChateauDeLaRochefoucauld\" \/>\n<meta property=\"article:modified_time\" content=\"2021-05-31T14:56:57+00:00\" \/>\n<meta name=\"twitter:card\" content=\"summary_large_image\" \/>\n<meta name=\"twitter:label1\" content=\"Tiempo de lectura\" \/>\n\t<meta name=\"twitter:data1\" content=\"3 minutos\" \/>\n<script type=\"application\/ld+json\" class=\"yoast-schema-graph\">{\"@context\":\"https:\\\/\\\/schema.org\",\"@graph\":[{\"@type\":\"WebPage\",\"@id\":\"https:\\\/\\\/www.chateau-la-rochefoucauld.com\\\/es\\\/politique-de-confidentialite\\\/\",\"url\":\"https:\\\/\\\/www.chateau-la-rochefoucauld.com\\\/es\\\/politique-de-confidentialite\\\/\",\"name\":\"Pol\u00edtica de confidencialidad - Ch\u00e2teau de La Rochefoucauld\",\"isPartOf\":{\"@id\":\"https:\\\/\\\/www.chateau-la-rochefoucauld.com\\\/es\\\/#website\"},\"datePublished\":\"2021-04-21T08:20:50+00:00\",\"dateModified\":\"2021-05-31T14:56:57+00:00\",\"breadcrumb\":{\"@id\":\"https:\\\/\\\/www.chateau-la-rochefoucauld.com\\\/es\\\/politique-de-confidentialite\\\/#breadcrumb\"},\"inLanguage\":\"es\",\"potentialAction\":[{\"@type\":\"ReadAction\",\"target\":[\"https:\\\/\\\/www.chateau-la-rochefoucauld.com\\\/es\\\/politique-de-confidentialite\\\/\"]}]},{\"@type\":\"BreadcrumbList\",\"@id\":\"https:\\\/\\\/www.chateau-la-rochefoucauld.com\\\/es\\\/politique-de-confidentialite\\\/#breadcrumb\",\"itemListElement\":[{\"@type\":\"ListItem\",\"position\":1,\"name\":\"Accueil\",\"item\":\"https:\\\/\\\/www.chateau-la-rochefoucauld.com\\\/\"},{\"@type\":\"ListItem\",\"position\":2,\"name\":\"Pol\u00edtica de confidencialidad\"}]},{\"@type\":\"WebSite\",\"@id\":\"https:\\\/\\\/www.chateau-la-rochefoucauld.com\\\/es\\\/#website\",\"url\":\"https:\\\/\\\/www.chateau-la-rochefoucauld.com\\\/es\\\/\",\"name\":\"Ch\u00e2teau de La Rochefoucauld\",\"description\":\"du 11\u00e8me si\u00e8cle \u00e0 nos jours\",\"publisher\":{\"@id\":\"https:\\\/\\\/www.chateau-la-rochefoucauld.com\\\/es\\\/#organization\"},\"potentialAction\":[{\"@type\":\"SearchAction\",\"target\":{\"@type\":\"EntryPoint\",\"urlTemplate\":\"https:\\\/\\\/www.chateau-la-rochefoucauld.com\\\/es\\\/?s={search_term_string}\"},\"query-input\":{\"@type\":\"PropertyValueSpecification\",\"valueRequired\":true,\"valueName\":\"search_term_string\"}}],\"inLanguage\":\"es\"},{\"@type\":\"Organization\",\"@id\":\"https:\\\/\\\/www.chateau-la-rochefoucauld.com\\\/es\\\/#organization\",\"name\":\"Ch\u00e2teau de La Rochefoucauld\",\"url\":\"https:\\\/\\\/www.chateau-la-rochefoucauld.com\\\/es\\\/\",\"logo\":{\"@type\":\"ImageObject\",\"inLanguage\":\"es\",\"@id\":\"https:\\\/\\\/www.chateau-la-rochefoucauld.com\\\/es\\\/#\\\/schema\\\/logo\\\/image\\\/\",\"url\":\"https:\\\/\\\/www.chateau-la-rochefoucauld.com\\\/wp-content\\\/uploads\\\/2021\\\/04\\\/blasonLaRochefoucauldPei.png\",\"contentUrl\":\"https:\\\/\\\/www.chateau-la-rochefoucauld.com\\\/wp-content\\\/uploads\\\/2021\\\/04\\\/blasonLaRochefoucauldPei.png\",\"width\":184,\"height\":200,\"caption\":\"Ch\u00e2teau de La Rochefoucauld\"},\"image\":{\"@id\":\"https:\\\/\\\/www.chateau-la-rochefoucauld.com\\\/es\\\/#\\\/schema\\\/logo\\\/image\\\/\"},\"sameAs\":[\"https:\\\/\\\/www.facebook.com\\\/ChateauDeLaRochefoucauld\",\"https:\\\/\\\/www.instagram.com\\\/chateau.la.rochefoucauld\\\/\"]}]}<\/script>\n<!-- \/ Yoast SEO plugin. -->","yoast_head_json":{"title":"Pol\u00edtica de confidencialidad - Ch\u00e2teau de La Rochefoucauld","robots":{"index":"index","follow":"follow","max-snippet":"max-snippet:-1","max-image-preview":"max-image-preview:large","max-video-preview":"max-video-preview:-1"},"canonical":"https:\/\/www.chateau-la-rochefoucauld.com\/es\/politique-de-confidentialite\/","og_locale":"es_ES","og_type":"article","og_title":"Pol\u00edtica de confidencialidad - Ch\u00e2teau de La Rochefoucauld","og_description":"Ante el desarrollo de nuevas herramientas de comunicaci\u00f3n, es necesario prestar especial atenci\u00f3n a la protecci\u00f3n de la privacidad. Es [&hellip;]","og_url":"https:\/\/www.chateau-la-rochefoucauld.com\/es\/politique-de-confidentialite\/","og_site_name":"Ch\u00e2teau de La Rochefoucauld","article_publisher":"https:\/\/www.facebook.com\/ChateauDeLaRochefoucauld","article_modified_time":"2021-05-31T14:56:57+00:00","twitter_card":"summary_large_image","twitter_misc":{"Tiempo de lectura":"3 minutos"},"schema":{"@context":"https:\/\/schema.org","@graph":[{"@type":"WebPage","@id":"https:\/\/www.chateau-la-rochefoucauld.com\/es\/politique-de-confidentialite\/","url":"https:\/\/www.chateau-la-rochefoucauld.com\/es\/politique-de-confidentialite\/","name":"Pol\u00edtica de confidencialidad - Ch\u00e2teau de La Rochefoucauld","isPartOf":{"@id":"https:\/\/www.chateau-la-rochefoucauld.com\/es\/#website"},"datePublished":"2021-04-21T08:20:50+00:00","dateModified":"2021-05-31T14:56:57+00:00","breadcrumb":{"@id":"https:\/\/www.chateau-la-rochefoucauld.com\/es\/politique-de-confidentialite\/#breadcrumb"},"inLanguage":"es","potentialAction":[{"@type":"ReadAction","target":["https:\/\/www.chateau-la-rochefoucauld.com\/es\/politique-de-confidentialite\/"]}]},{"@type":"BreadcrumbList","@id":"https:\/\/www.chateau-la-rochefoucauld.com\/es\/politique-de-confidentialite\/#breadcrumb","itemListElement":[{"@type":"ListItem","position":1,"name":"Accueil","item":"https:\/\/www.chateau-la-rochefoucauld.com\/"},{"@type":"ListItem","position":2,"name":"Pol\u00edtica de confidencialidad"}]},{"@type":"WebSite","@id":"https:\/\/www.chateau-la-rochefoucauld.com\/es\/#website","url":"https:\/\/www.chateau-la-rochefoucauld.com\/es\/","name":"Ch\u00e2teau de La Rochefoucauld","description":"du 11\u00e8me si\u00e8cle \u00e0 nos jours","publisher":{"@id":"https:\/\/www.chateau-la-rochefoucauld.com\/es\/#organization"},"potentialAction":[{"@type":"SearchAction","target":{"@type":"EntryPoint","urlTemplate":"https:\/\/www.chateau-la-rochefoucauld.com\/es\/?s={search_term_string}"},"query-input":{"@type":"PropertyValueSpecification","valueRequired":true,"valueName":"search_term_string"}}],"inLanguage":"es"},{"@type":"Organization","@id":"https:\/\/www.chateau-la-rochefoucauld.com\/es\/#organization","name":"Ch\u00e2teau de La Rochefoucauld","url":"https:\/\/www.chateau-la-rochefoucauld.com\/es\/","logo":{"@type":"ImageObject","inLanguage":"es","@id":"https:\/\/www.chateau-la-rochefoucauld.com\/es\/#\/schema\/logo\/image\/","url":"https:\/\/www.chateau-la-rochefoucauld.com\/wp-content\/uploads\/2021\/04\/blasonLaRochefoucauldPei.png","contentUrl":"https:\/\/www.chateau-la-rochefoucauld.com\/wp-content\/uploads\/2021\/04\/blasonLaRochefoucauldPei.png","width":184,"height":200,"caption":"Ch\u00e2teau de La Rochefoucauld"},"image":{"@id":"https:\/\/www.chateau-la-rochefoucauld.com\/es\/#\/schema\/logo\/image\/"},"sameAs":["https:\/\/www.facebook.com\/ChateauDeLaRochefoucauld","https:\/\/www.instagram.com\/chateau.la.rochefoucauld\/"]}]}},"_links":{"self":[{"href":"https:\/\/www.chateau-la-rochefoucauld.com\/es\/wp-json\/wp\/v2\/pages\/89832","targetHints":{"allow":["GET"]}}],"collection":[{"href":"https:\/\/www.chateau-la-rochefoucauld.com\/es\/wp-json\/wp\/v2\/pages"}],"about":[{"href":"https:\/\/www.chateau-la-rochefoucauld.com\/es\/wp-json\/wp\/v2\/types\/page"}],"author":[{"embeddable":true,"href":"https:\/\/www.chateau-la-rochefoucauld.com\/es\/wp-json\/wp\/v2\/users\/1"}],"replies":[{"embeddable":true,"href":"https:\/\/www.chateau-la-rochefoucauld.com\/es\/wp-json\/wp\/v2\/comments?post=89832"}],"version-history":[{"count":4,"href":"https:\/\/www.chateau-la-rochefoucauld.com\/es\/wp-json\/wp\/v2\/pages\/89832\/revisions"}],"predecessor-version":[{"id":90376,"href":"https:\/\/www.chateau-la-rochefoucauld.com\/es\/wp-json\/wp\/v2\/pages\/89832\/revisions\/90376"}],"wp:attachment":[{"href":"https:\/\/www.chateau-la-rochefoucauld.com\/es\/wp-json\/wp\/v2\/media?parent=89832"}],"curies":[{"name":"wp","href":"https:\/\/api.w.org\/{rel}","templated":true}]}}