{"id":89827,"date":"2021-04-21T10:40:52","date_gmt":"2021-04-21T08:40:52","guid":{"rendered":"http:\/\/chateau.agencecentaure.fr\/mentions-legalesmentions-legales\/"},"modified":"2021-05-31T16:41:34","modified_gmt":"2021-05-31T14:41:34","slug":"mentions-legalesmentions-legales","status":"publish","type":"page","link":"https:\/\/www.chateau-la-rochefoucauld.com\/es\/mentions-legalesmentions-legales\/","title":{"rendered":"Notas legales"},"content":{"rendered":"<div class=\"post-title-wrapper\">\n<h1 class=\"post-title\"><span style=\"font-size: 14px;\">1. Presentaci\u00f3n del sitio.<\/span><\/h1>\n<\/div>\n<p>En virtud del art\u00edculo 6 de la ley n \u00b0 2004-575 del 21 de junio de 2004 sobre la confianza en la econom\u00eda digital, es clara para los usuarios del sitio la identidad de los diversos actores en el contexto de su implementaci\u00f3n y su seguimiento:<\/p>\n<p><strong>Propietario<\/strong> : Ch\u00e2teau de la Rochefoucauld<br \/>\n16 110 La Rochefoucauld<br \/>\nCorreo electr\u00f3nico: amis-du-chateau@wanadoo.fr<br \/>\nTel\u00e9fono: 05 45 62 07 42<\/p>\n<p><strong>Responsable de publicaci\u00f3n<\/strong> : amis-du-chateau@wanadoo.fr<br \/>\nEl director de la publicaci\u00f3n es una persona jur\u00eddica.<\/p>\n<p><strong>Cr\u00e9ditos fotogr\u00e1ficos :<\/strong><br \/>\nP\u00e1gina de inicio: David Perrin Dlr &#8211; Operador de c\u00e1mara \/ Editor \/ Director<br \/>\nOtras p\u00e1ginas: Bernard Soumagne<\/p>\n<p><strong>Creaci\u00f3n de sitio web:<\/strong> <a href=\"https:\/\/www.agencecentaure.fr\/\" target=\"_blank\" rel=\"noopener\">CENTAURE<\/a><\/p>\n<p><strong>Anfitri\u00f3n<\/strong> : KALANDA &#8211; 94 avenue de la Sarriette &#8211; ZAC Athelia 2 13600 La Ciotat &#8211; Francia<\/p>\n<h3>2. Condiciones generales de uso del sitio y los servicios ofrecidos.<\/h3>\n<p>El uso del sitio <a href=\"https:\/\/translate.google.com\/website?sl=fr&amp;tl=es&amp;ajax=1&amp;u=https:\/\/www.chateau-la-rochefoucauld.com\">www.chateau-la-rochefoucauld.com<\/a> implica la aceptaci\u00f3n plena y completa de las condiciones generales de uso que se describen a continuaci\u00f3n. Es probable que estas condiciones de uso se modifiquen o completen en cualquier momento, por lo que se invita a los usuarios del sitio <a href=\"https:\/\/translate.google.com\/website?sl=fr&amp;tl=es&amp;ajax=1&amp;u=https:\/\/www.chateau-la-rochefoucauld.com\">www.chateau-la-rochefoucauld.com<\/a> a consultarlas peri\u00f3dicamente.<\/p>\n<p>Normalmente, los usuarios pueden acceder a este sitio en todo momento. Sin embargo, Le Ch\u00e2teau de la Rochefoucauld puede decidir una interrupci\u00f3n debido al mantenimiento t\u00e9cnico, quien luego se esforzar\u00e1 por comunicar a los usuarios de antemano las fechas y horas de la intervenci\u00f3n.<\/p>\n<p>El administrador actualiza peri\u00f3dicamente el sitio <a href=\"https:\/\/translate.google.com\/website?sl=fr&amp;tl=es&amp;ajax=1&amp;u=https:\/\/www.chateau-la-rochefoucauld.com\">www.chateau-la-rochefoucauld.com<\/a> . Asimismo, los avisos legales pueden ser modificados en cualquier momento: no obstante, son vinculantes para el usuario al que se invita a consultarlos con la mayor frecuencia posible para conocerlos.<\/p>\n<h3>3. Descripci\u00f3n de los servicios prestados.<\/h3>\n<p>El prop\u00f3sito del sitio <a href=\"https:\/\/translate.google.com\/website?sl=fr&amp;tl=es&amp;ajax=1&amp;u=https:\/\/www.chateau-la-rochefoucauld.com\">www.chateau-la-rochefoucauld.com<\/a> es proporcionar informaci\u00f3n sobre todas las actividades de la empresa.<\/p>\n<p>El castillo de la Rochefoucauld se esfuerza por proporcionar al sitio <a href=\"https:\/\/translate.google.com\/website?sl=fr&amp;tl=es&amp;ajax=1&amp;u=https:\/\/www.chateau-la-rochefoucauld.com\">www.chateau-la-rochefoucauld.com<\/a> la informaci\u00f3n m\u00e1s precisa posible. Sin embargo, no se hace responsable de las omisiones, inexactitudes y deficiencias en la actualizaci\u00f3n, ya sea por ello o por terceros socios que le proporcionen esta informaci\u00f3n.<\/p>\n<p>Toda la informaci\u00f3n indicada en el sitio <a href=\"https:\/\/translate.google.com\/website?sl=fr&amp;tl=es&amp;ajax=1&amp;u=https:\/\/www.chateau-la-rochefoucauld.com\">www.chateau-la-rochefoucauld.com<\/a> se da a t\u00edtulo indicativo y es probable que evolucione. Adem\u00e1s, la informaci\u00f3n del sitio <a href=\"https:\/\/translate.google.com\/website?sl=fr&amp;tl=es&amp;ajax=1&amp;u=https:\/\/www.chateau-la-rochefoucauld.com\">www.chateau-la-rochefoucauld.com<\/a> no es exhaustiva. Se proporcionan a reserva de que se hayan realizado modificaciones desde que se pusieron en l\u00ednea.<\/p>\n<h3>4. Limitaciones contractuales sobre datos t\u00e9cnicos.<\/h3>\n<p>El sitio utiliza tecnolog\u00eda JavaScript.<\/p>\n<p>El sitio web no se hace responsable de los da\u00f1os materiales relacionados con el uso del sitio. Adem\u00e1s, el usuario del sitio se compromete a acceder al sitio utilizando equipos recientes, que no contengan virus y con un navegador actualizado de \u00faltima generaci\u00f3n.<\/p>\n<h3>5. Propiedad intelectual y falsificaciones.<\/h3>\n<p>El castillo de la Rochefoucauld posee los derechos de propiedad intelectual o posee los derechos de uso sobre todos los elementos accesibles en el sitio, en particular los textos, im\u00e1genes, gr\u00e1ficos, logotipos, iconos, sonidos, software.<\/p>\n<p>Cualquier reproducci\u00f3n, representaci\u00f3n, modificaci\u00f3n, publicaci\u00f3n, adaptaci\u00f3n de la totalidad o parte de los elementos del sitio, cualquiera que sea el medio o proceso utilizado, est\u00e1 prohibida sin el consentimiento previo por escrito de: Le Ch\u00e2teau de la Rochefoucauld<\/p>\n<p>Cualquier uso no autorizado del sitio o de cualquiera de los elementos que contiene ser\u00e1 considerado como infracci\u00f3n y perseguido de acuerdo con lo establecido en los art\u00edculos L.335-2 y siguientes del C\u00f3digo de la Propiedad Intelectual.<\/p>\n<h3>6. Limitaciones de responsabilidad.<\/h3>\n<p>Ch\u00e2teau de la Rochefoucauld no se hace responsable de los da\u00f1os directos o indirectos causados \u200b\u200bal equipo del usuario al acceder al sitio <a href=\"https:\/\/translate.google.com\/website?sl=fr&amp;tl=es&amp;ajax=1&amp;u=https:\/\/www.chateau-la-rochefoucauld.com\">www.chateau-la-rochefoucauld.com<\/a> , y que resulten del uso de un equipo que no cumpla con las especificaciones indicadas en el punto 4, o la aparici\u00f3n de un error o una incompatibilidad.<\/p>\n<p>El castillo de la Rochefoucauld tampoco se hace responsable de los da\u00f1os indirectos (como, por ejemplo, la p\u00e9rdida de mercado o la p\u00e9rdida de una oportunidad) consecutivos al uso del sitio <a href=\"https:\/\/translate.google.com\/website?sl=fr&amp;tl=es&amp;ajax=1&amp;u=https:\/\/www.chateau-la-rochefoucauld.com\">www.chateau-la-rochefoucauld.com<\/a><\/p>\n<p>Los espacios interactivos (posibilidad de realizar consultas en el espacio de contacto) est\u00e1n a disposici\u00f3n de los usuarios. Ch\u00e2teau de la Rochefoucauld se reserva el derecho de eliminar, sin previo aviso, cualquier contenido publicado en este espacio que infrinja la ley aplicable en Francia, en particular las disposiciones relativas a la protecci\u00f3n de datos. En su caso, Le Ch\u00e2teau de la Rochefoucauld tambi\u00e9n se reserva el derecho de cuestionar la responsabilidad civil y \/ o penal del usuario, en particular en el caso de un mensaje racista, abusivo, difamatorio o pornogr\u00e1fico, cualquiera que sea el medio utilizado (texto, fotograf\u00eda, etc.).<\/p>\n<h3>7. Gesti\u00f3n de datos personales.<\/h3>\n<p>En Francia, los datos personales est\u00e1n protegidos en particular por la ley n \u00b0 78-87 del 6 de enero de 1978, la ley n \u00b0 2004-801 del 6 de agosto de 2004, el art\u00edculo L. 226-13 del C\u00f3digo Penal y la Directiva europea de octubre. 24 de 1995.<\/p>\n<p>Al utilizar el sitio <a href=\"https:\/\/translate.google.com\/website?sl=fr&amp;tl=es&amp;ajax=1&amp;u=https:\/\/www.chateau-la-rochefoucauld.com\">www.chateau-la-rochefoucauld.com<\/a> , se puede recopilar lo siguiente: la URL de los enlaces a trav\u00e9s de los cuales el usuario accedi\u00f3 al sitio <a href=\"https:\/\/translate.google.com\/website?sl=fr&amp;tl=es&amp;ajax=1&amp;u=https:\/\/www.chateau-la-rochefoucauld.com\">www.chateau-la-rochefoucauld.com<\/a> , el proveedor de acceso del usuario, la Internet del usuario Direcci\u00f3n de protocolo (IP).<\/p>\n<p>En cualquier caso, Ch\u00e2teau de la Rochefoucauld solo recopila informaci\u00f3n personal sobre el usuario para la necesidad de ciertos servicios ofrecidos por el sitio <a href=\"https:\/\/translate.google.com\/website?sl=fr&amp;tl=es&amp;ajax=1&amp;u=https:\/\/www.chateau-la-rochefoucauld.com\">www.chateau-la-rochefoucauld.com<\/a> . El usuario proporciona esta informaci\u00f3n con pleno conocimiento de los hechos, en particular cuando \u00e9l mismo la ingresa. A continuaci\u00f3n, se especifica al usuario del sitio <a href=\"https:\/\/translate.google.com\/website?sl=fr&amp;tl=es&amp;ajax=1&amp;u=https:\/\/www.chateau-la-rochefoucauld.com\">www.chateau-la-rochefoucauld.com<\/a> la obligaci\u00f3n o no de proporcionar esta informaci\u00f3n.<\/p>\n<p>De conformidad con lo dispuesto en los art\u00edculos 38 y siguientes de la ley 78-17 de 6 de enero de 1978 relativa al tratamiento de datos, ficheros y libertades, todo usuario tiene derecho de acceso, rectificaci\u00f3n y oposici\u00f3n a los datos personales que le conciernen, al hacer su solicitud escrita y firmada, acompa\u00f1ada de copia del documento de identidad con firma del titular del documento, especificando la direcci\u00f3n a la que debe enviarse la respuesta.<\/p>\n<p>Ninguna informaci\u00f3n personal del usuario del sitio <a href=\"https:\/\/translate.google.com\/website?sl=fr&amp;tl=es&amp;ajax=1&amp;u=https:\/\/www.chateau-la-rochefoucauld.com\">www.chateau-la-rochefoucauld.com<\/a> es publicada sin el conocimiento del usuario, intercambiada, transferida, cedida o vendida por ning\u00fan medio a terceros. Solo la hip\u00f3tesis de la redenci\u00f3n de Le Ch\u00e2teau de la Rochefoucauld y sus derechos permitir\u00eda la transmisi\u00f3n de dicha informaci\u00f3n al posible comprador, quien a su vez estar\u00eda sujeto a la misma obligaci\u00f3n de almacenar y modificar los datos con respecto al usuario del sitio <a href=\"https:\/\/translate.google.com\/website?sl=fr&amp;tl=es&amp;ajax=1&amp;u=https:\/\/www.chateau-la-rochefoucauld.com\">www. .chateau-la-rochefoucauld.com<\/a> .<\/p>\n<p>El mencionado sitio est\u00e1 declarado a la CNIL con el n\u00famero EN CURSO.<\/p>\n<p>Las bases de datos est\u00e1n protegidas por las disposiciones de la ley del 1 de julio de 1998 que transpone la Directiva 96\/9 del 11 de marzo de 1996 sobre la protecci\u00f3n jur\u00eddica de las bases de datos.<\/p>\n<p>Nuestra p\u00e1gina dedicada le permite leer su pol\u00edtica de privacidad.<br \/>\nEn la parte inferior de la p\u00e1gina, encontrar\u00e1 un formulario de contacto que le permitir\u00e1 solicitar acceso o eliminar sus datos personales.<br \/>\n<a href=\"https:\/\/translate.google.com\/website?sl=fr&amp;tl=es&amp;ajax=1&amp;u=https:\/\/www.chateau-la-rochefoucauld.com\/politique-de-confidentialite\/\">VEA LA P\u00c1GINA DE &#8220;POL\u00cdTICA DE PRIVACIDAD&#8221;.<\/a><\/p>\n<h3>8. Enlaces de hipertexto y cookies.<\/h3>\n<p>El sitio <a href=\"https:\/\/translate.google.com\/website?sl=fr&amp;tl=es&amp;ajax=1&amp;u=https:\/\/www.chateau-la-rochefoucauld.com\">www.chateau-la-rochefoucauld.com<\/a> contiene una serie de enlaces de hipertexto a otros sitios, creados con la autorizaci\u00f3n de Le Ch\u00e2teau de la Rochefoucauld. Sin embargo, Le Ch\u00e2teau de la Rochefoucauld no tiene la posibilidad de comprobar el contenido de los sitios visitados, por lo que no asumir\u00e1 ninguna responsabilidad por este hecho.<\/p>\n<p>Navegar por el sitio <a href=\"https:\/\/translate.google.com\/website?sl=fr&amp;tl=es&amp;ajax=1&amp;u=https:\/\/www.chateau-la-rochefoucauld.com\">www.chateau-la-rochefoucauld.com<\/a> puede provocar que se instalen cookies en la computadora del usuario. Una cookie es un peque\u00f1o archivo que no permite la identificaci\u00f3n del usuario, pero que registra informaci\u00f3n relacionada con la navegaci\u00f3n de una computadora en un sitio. Los datos as\u00ed obtenidos est\u00e1n destinados a facilitar la navegaci\u00f3n posterior en el sitio, y tambi\u00e9n est\u00e1n destinados a permitir diversas medidas de asistencia.<\/p>\n<p>Negarse a instalar una cookie puede imposibilitar el acceso a determinados servicios. Sin embargo, el usuario puede configurar su computadora de la siguiente manera, para rechazar la instalaci\u00f3n de cookies:<\/p>\n<p>En Internet Explorer: pesta\u00f1a de herramientas (pictograma en forma de engranaje en la parte superior derecha) \/ opciones de Internet. Haga clic en Privacidad y elija Bloquear todas las cookies. Validar en Ok.<\/p>\n<p>En Firefox: en la parte superior de la ventana del navegador, haga clic en el bot\u00f3n Firefox, luego vaya a la pesta\u00f1a Opciones. Haga clic en la pesta\u00f1a Privacidad.<\/p>\n<p>Configure las reglas de conservaci\u00f3n en: use par\u00e1metros personalizados para el historial. Finalmente, desm\u00e1rquelo para deshabilitar las cookies.<\/p>\n<p>En Safari: haga clic en en la parte superior derecha del navegador en el pictograma del men\u00fa (simbolizado por un engranaje). Selecciona Configuraciones. Haga clic en Mostrar configuraci\u00f3n avanzada. En la secci\u00f3n &#8220;Confidencialidad&#8221;, haga clic en Configuraci\u00f3n de contenido. En la secci\u00f3n &#8220;Cookies&#8221;, puede bloquear las cookies.<\/p>\n<p>En Chrome: haga clic en la parte superior derecha del navegador en el pictograma del men\u00fa (simbolizado por tres l\u00edneas horizontales). Selecciona Configuraciones. Haga clic en Mostrar configuraci\u00f3n avanzada. En la secci\u00f3n &#8220;Confidencialidad&#8221;, haga clic en preferencias. En la pesta\u00f1a &#8220;Confidencialidad&#8221;, puede bloquear las cookies.<\/p>\n<h3>9. Ley aplicable y atribuci\u00f3n de jurisdicci\u00f3n.<\/h3>\n<p>Cualquier disputa relacionada con el uso del sitio <a href=\"https:\/\/translate.google.com\/website?sl=fr&amp;tl=es&amp;ajax=1&amp;u=https:\/\/www.chateau-la-rochefoucauld.com\">www.chateau-la-rochefoucauld.com<\/a> est\u00e1 sujeta a la ley francesa. La jurisdicci\u00f3n exclusiva se atribuye a los tribunales competentes de Par\u00eds.<\/p>\n<h3>10. Las principales leyes afectadas.<\/h3>\n<p>Ley n \u00b0 78-17 del 6 de enero de 1978, modificada notablemente por la ley n \u00b0 2004-801 del 6 de agosto de 2004 relativa al procesamiento de datos, archivos y libertades.<\/p>\n<p>Ley n \u00b0 2004-575 del 21 de junio de 2004 para la confianza en la econom\u00eda digital.<\/p>\n<h3>11. L\u00e9xico.<\/h3>\n<p>Usuario: usuario de Internet que se conecta, utilizando el sitio antes mencionado.<\/p>\n<p>Informaci\u00f3n personal: &#8220;informaci\u00f3n que permite, en cualquier forma, directa o indirectamente, la identificaci\u00f3n de las personas f\u00edsicas a las que se aplica&#8221; (art\u00edculo 4 de la ley n \u00b0 78-17 del 6 de enero de 1978).<\/p>\n","protected":false},"excerpt":{"rendered":"<p>1. Presentaci\u00f3n del sitio. En virtud del art\u00edculo 6 de la ley n \u00b0 2004-575 del 21 de junio de [&hellip;]<\/p>\n","protected":false},"author":1,"featured_media":0,"parent":0,"menu_order":0,"comment_status":"closed","ping_status":"closed","template":"","meta":{"footnotes":""},"class_list":["post-89827","page","type-page","status-publish","hentry"],"yoast_head":"<!-- This site is optimized with the Yoast SEO plugin v27.5 - https:\/\/yoast.com\/product\/yoast-seo-wordpress\/ -->\n<title>Notas legales - Ch\u00e2teau de La Rochefoucauld<\/title>\n<meta name=\"robots\" content=\"index, follow, max-snippet:-1, max-image-preview:large, max-video-preview:-1\" \/>\n<link rel=\"canonical\" href=\"https:\/\/www.chateau-la-rochefoucauld.com\/es\/mentions-legalesmentions-legales\/\" \/>\n<meta property=\"og:locale\" content=\"es_ES\" \/>\n<meta property=\"og:type\" content=\"article\" \/>\n<meta property=\"og:title\" content=\"Notas legales - Ch\u00e2teau de La Rochefoucauld\" \/>\n<meta property=\"og:description\" content=\"1. Presentaci\u00f3n del sitio. En virtud del art\u00edculo 6 de la ley n \u00b0 2004-575 del 21 de junio de [&hellip;]\" \/>\n<meta property=\"og:url\" content=\"https:\/\/www.chateau-la-rochefoucauld.com\/es\/mentions-legalesmentions-legales\/\" \/>\n<meta property=\"og:site_name\" content=\"Ch\u00e2teau de La Rochefoucauld\" \/>\n<meta property=\"article:publisher\" content=\"https:\/\/www.facebook.com\/ChateauDeLaRochefoucauld\" \/>\n<meta property=\"article:modified_time\" content=\"2021-05-31T14:41:34+00:00\" \/>\n<meta name=\"twitter:card\" content=\"summary_large_image\" \/>\n<meta name=\"twitter:label1\" content=\"Tiempo de lectura\" \/>\n\t<meta name=\"twitter:data1\" content=\"9 minutos\" \/>\n<script type=\"application\/ld+json\" class=\"yoast-schema-graph\">{\"@context\":\"https:\\\/\\\/schema.org\",\"@graph\":[{\"@type\":\"WebPage\",\"@id\":\"https:\\\/\\\/www.chateau-la-rochefoucauld.com\\\/es\\\/mentions-legalesmentions-legales\\\/\",\"url\":\"https:\\\/\\\/www.chateau-la-rochefoucauld.com\\\/es\\\/mentions-legalesmentions-legales\\\/\",\"name\":\"Notas legales - Ch\u00e2teau de La Rochefoucauld\",\"isPartOf\":{\"@id\":\"https:\\\/\\\/www.chateau-la-rochefoucauld.com\\\/es\\\/#website\"},\"datePublished\":\"2021-04-21T08:40:52+00:00\",\"dateModified\":\"2021-05-31T14:41:34+00:00\",\"breadcrumb\":{\"@id\":\"https:\\\/\\\/www.chateau-la-rochefoucauld.com\\\/es\\\/mentions-legalesmentions-legales\\\/#breadcrumb\"},\"inLanguage\":\"es\",\"potentialAction\":[{\"@type\":\"ReadAction\",\"target\":[\"https:\\\/\\\/www.chateau-la-rochefoucauld.com\\\/es\\\/mentions-legalesmentions-legales\\\/\"]}]},{\"@type\":\"BreadcrumbList\",\"@id\":\"https:\\\/\\\/www.chateau-la-rochefoucauld.com\\\/es\\\/mentions-legalesmentions-legales\\\/#breadcrumb\",\"itemListElement\":[{\"@type\":\"ListItem\",\"position\":1,\"name\":\"Accueil\",\"item\":\"https:\\\/\\\/www.chateau-la-rochefoucauld.com\\\/\"},{\"@type\":\"ListItem\",\"position\":2,\"name\":\"Notas legales\"}]},{\"@type\":\"WebSite\",\"@id\":\"https:\\\/\\\/www.chateau-la-rochefoucauld.com\\\/es\\\/#website\",\"url\":\"https:\\\/\\\/www.chateau-la-rochefoucauld.com\\\/es\\\/\",\"name\":\"Ch\u00e2teau de La Rochefoucauld\",\"description\":\"du 11\u00e8me si\u00e8cle \u00e0 nos jours\",\"publisher\":{\"@id\":\"https:\\\/\\\/www.chateau-la-rochefoucauld.com\\\/es\\\/#organization\"},\"potentialAction\":[{\"@type\":\"SearchAction\",\"target\":{\"@type\":\"EntryPoint\",\"urlTemplate\":\"https:\\\/\\\/www.chateau-la-rochefoucauld.com\\\/es\\\/?s={search_term_string}\"},\"query-input\":{\"@type\":\"PropertyValueSpecification\",\"valueRequired\":true,\"valueName\":\"search_term_string\"}}],\"inLanguage\":\"es\"},{\"@type\":\"Organization\",\"@id\":\"https:\\\/\\\/www.chateau-la-rochefoucauld.com\\\/es\\\/#organization\",\"name\":\"Ch\u00e2teau de La Rochefoucauld\",\"url\":\"https:\\\/\\\/www.chateau-la-rochefoucauld.com\\\/es\\\/\",\"logo\":{\"@type\":\"ImageObject\",\"inLanguage\":\"es\",\"@id\":\"https:\\\/\\\/www.chateau-la-rochefoucauld.com\\\/es\\\/#\\\/schema\\\/logo\\\/image\\\/\",\"url\":\"https:\\\/\\\/www.chateau-la-rochefoucauld.com\\\/wp-content\\\/uploads\\\/2021\\\/04\\\/blasonLaRochefoucauldPei.png\",\"contentUrl\":\"https:\\\/\\\/www.chateau-la-rochefoucauld.com\\\/wp-content\\\/uploads\\\/2021\\\/04\\\/blasonLaRochefoucauldPei.png\",\"width\":184,\"height\":200,\"caption\":\"Ch\u00e2teau de La Rochefoucauld\"},\"image\":{\"@id\":\"https:\\\/\\\/www.chateau-la-rochefoucauld.com\\\/es\\\/#\\\/schema\\\/logo\\\/image\\\/\"},\"sameAs\":[\"https:\\\/\\\/www.facebook.com\\\/ChateauDeLaRochefoucauld\",\"https:\\\/\\\/www.instagram.com\\\/chateau.la.rochefoucauld\\\/\"]}]}<\/script>\n<!-- \/ Yoast SEO plugin. -->","yoast_head_json":{"title":"Notas legales - Ch\u00e2teau de La Rochefoucauld","robots":{"index":"index","follow":"follow","max-snippet":"max-snippet:-1","max-image-preview":"max-image-preview:large","max-video-preview":"max-video-preview:-1"},"canonical":"https:\/\/www.chateau-la-rochefoucauld.com\/es\/mentions-legalesmentions-legales\/","og_locale":"es_ES","og_type":"article","og_title":"Notas legales - Ch\u00e2teau de La Rochefoucauld","og_description":"1. Presentaci\u00f3n del sitio. En virtud del art\u00edculo 6 de la ley n \u00b0 2004-575 del 21 de junio de [&hellip;]","og_url":"https:\/\/www.chateau-la-rochefoucauld.com\/es\/mentions-legalesmentions-legales\/","og_site_name":"Ch\u00e2teau de La Rochefoucauld","article_publisher":"https:\/\/www.facebook.com\/ChateauDeLaRochefoucauld","article_modified_time":"2021-05-31T14:41:34+00:00","twitter_card":"summary_large_image","twitter_misc":{"Tiempo de lectura":"9 minutos"},"schema":{"@context":"https:\/\/schema.org","@graph":[{"@type":"WebPage","@id":"https:\/\/www.chateau-la-rochefoucauld.com\/es\/mentions-legalesmentions-legales\/","url":"https:\/\/www.chateau-la-rochefoucauld.com\/es\/mentions-legalesmentions-legales\/","name":"Notas legales - Ch\u00e2teau de La Rochefoucauld","isPartOf":{"@id":"https:\/\/www.chateau-la-rochefoucauld.com\/es\/#website"},"datePublished":"2021-04-21T08:40:52+00:00","dateModified":"2021-05-31T14:41:34+00:00","breadcrumb":{"@id":"https:\/\/www.chateau-la-rochefoucauld.com\/es\/mentions-legalesmentions-legales\/#breadcrumb"},"inLanguage":"es","potentialAction":[{"@type":"ReadAction","target":["https:\/\/www.chateau-la-rochefoucauld.com\/es\/mentions-legalesmentions-legales\/"]}]},{"@type":"BreadcrumbList","@id":"https:\/\/www.chateau-la-rochefoucauld.com\/es\/mentions-legalesmentions-legales\/#breadcrumb","itemListElement":[{"@type":"ListItem","position":1,"name":"Accueil","item":"https:\/\/www.chateau-la-rochefoucauld.com\/"},{"@type":"ListItem","position":2,"name":"Notas legales"}]},{"@type":"WebSite","@id":"https:\/\/www.chateau-la-rochefoucauld.com\/es\/#website","url":"https:\/\/www.chateau-la-rochefoucauld.com\/es\/","name":"Ch\u00e2teau de La Rochefoucauld","description":"du 11\u00e8me si\u00e8cle \u00e0 nos jours","publisher":{"@id":"https:\/\/www.chateau-la-rochefoucauld.com\/es\/#organization"},"potentialAction":[{"@type":"SearchAction","target":{"@type":"EntryPoint","urlTemplate":"https:\/\/www.chateau-la-rochefoucauld.com\/es\/?s={search_term_string}"},"query-input":{"@type":"PropertyValueSpecification","valueRequired":true,"valueName":"search_term_string"}}],"inLanguage":"es"},{"@type":"Organization","@id":"https:\/\/www.chateau-la-rochefoucauld.com\/es\/#organization","name":"Ch\u00e2teau de La Rochefoucauld","url":"https:\/\/www.chateau-la-rochefoucauld.com\/es\/","logo":{"@type":"ImageObject","inLanguage":"es","@id":"https:\/\/www.chateau-la-rochefoucauld.com\/es\/#\/schema\/logo\/image\/","url":"https:\/\/www.chateau-la-rochefoucauld.com\/wp-content\/uploads\/2021\/04\/blasonLaRochefoucauldPei.png","contentUrl":"https:\/\/www.chateau-la-rochefoucauld.com\/wp-content\/uploads\/2021\/04\/blasonLaRochefoucauldPei.png","width":184,"height":200,"caption":"Ch\u00e2teau de La Rochefoucauld"},"image":{"@id":"https:\/\/www.chateau-la-rochefoucauld.com\/es\/#\/schema\/logo\/image\/"},"sameAs":["https:\/\/www.facebook.com\/ChateauDeLaRochefoucauld","https:\/\/www.instagram.com\/chateau.la.rochefoucauld\/"]}]}},"_links":{"self":[{"href":"https:\/\/www.chateau-la-rochefoucauld.com\/es\/wp-json\/wp\/v2\/pages\/89827","targetHints":{"allow":["GET"]}}],"collection":[{"href":"https:\/\/www.chateau-la-rochefoucauld.com\/es\/wp-json\/wp\/v2\/pages"}],"about":[{"href":"https:\/\/www.chateau-la-rochefoucauld.com\/es\/wp-json\/wp\/v2\/types\/page"}],"author":[{"embeddable":true,"href":"https:\/\/www.chateau-la-rochefoucauld.com\/es\/wp-json\/wp\/v2\/users\/1"}],"replies":[{"embeddable":true,"href":"https:\/\/www.chateau-la-rochefoucauld.com\/es\/wp-json\/wp\/v2\/comments?post=89827"}],"version-history":[{"count":6,"href":"https:\/\/www.chateau-la-rochefoucauld.com\/es\/wp-json\/wp\/v2\/pages\/89827\/revisions"}],"predecessor-version":[{"id":90362,"href":"https:\/\/www.chateau-la-rochefoucauld.com\/es\/wp-json\/wp\/v2\/pages\/89827\/revisions\/90362"}],"wp:attachment":[{"href":"https:\/\/www.chateau-la-rochefoucauld.com\/es\/wp-json\/wp\/v2\/media?parent=89827"}],"curies":[{"name":"wp","href":"https:\/\/api.w.org\/{rel}","templated":true}]}}