{"id":88696,"date":"2021-04-19T15:53:02","date_gmt":"2021-04-19T13:53:02","guid":{"rendered":"http:\/\/chateau.agencecentaure.fr\/the-pei-project\/"},"modified":"2021-06-01T17:39:23","modified_gmt":"2021-06-01T15:39:23","slug":"the-pei-project","status":"publish","type":"page","link":"https:\/\/www.chateau-la-rochefoucauld.com\/es\/the-pei-project\/","title":{"rendered":"THE PEI PROJECT"},"content":{"rendered":"<div class=\"wpb-content-wrapper\"><p>[vc_row unlock_row_content=&#8221;yes&#8221; row_height_percent=&#8221;100&#8243; override_padding=&#8221;yes&#8221; h_padding=&#8221;0&#8243; top_padding=&#8221;0&#8243; bottom_padding=&#8221;0&#8243; back_color=&#8221;color-jevc&#8221; overlay_alpha=&#8221;50&#8243; equal_height=&#8221;yes&#8221; gutter_size=&#8221;0&#8243; column_width_percent=&#8221;100&#8243; shift_y=&#8221;0&#8243; z_index=&#8221;0&#8243; shape_dividers=&#8221;&#8221;][vc_column column_width_percent=&#8221;100&#8243; align_horizontal=&#8221;align_center&#8221; gutter_size=&#8221;3&#8243; expand_height=&#8221;yes&#8221; back_color=&#8221;color-jevc&#8221; overlay_alpha=&#8221;50&#8243; shift_x=&#8221;0&#8243; shift_y=&#8221;0&#8243; shift_y_down=&#8221;0&#8243; z_index=&#8221;0&#8243; medium_width=&#8221;0&#8243; mobile_width=&#8221;0&#8243; sticky=&#8221;yes&#8221; width=&#8221;1\/2&#8243; mobile_height=&#8221;340&#8243; css=&#8221;.vc_custom_1618429650882{padding-top: 0px !important;padding-right: 0px !important;padding-bottom: 0px !important;padding-left: 0px !important;}&#8221;][vc_single_image media=&#8221;87952&#8243; media_width_percent=&#8221;100&#8243; media_ratio=&#8221;four-five&#8221; alignment=&#8221;center&#8221;][\/vc_column][vc_column column_width_use_pixel=&#8221;yes&#8221; gutter_size=&#8221;3&#8243; override_padding=&#8221;yes&#8221; column_padding=&#8221;5&#8243; back_color=&#8221;color-188982&#8243; overlay_alpha=&#8221;50&#8243; shift_x=&#8221;0&#8243; shift_y=&#8221;0&#8243; shift_y_down=&#8221;0&#8243; z_index=&#8221;0&#8243; medium_width=&#8221;0&#8243; mobile_width=&#8221;0&#8243; width=&#8221;1\/2&#8243; column_width_pixel=&#8221;528&#8243;][vc_custom_heading heading_semantic=&#8221;h6&#8243; text_size=&#8221;fontsize-160000&#8243; text_transform=&#8221;uppercase&#8221; text_space=&#8221;fontspace-135905&#8243; text_color=&#8221;accent&#8221;]<\/p>\n<h1>EL PROYECTO IEOH MING PEI<\/h1>\n<p>[\/vc_custom_heading][vc_button border_width=&#8221;0&#8243; media_lightbox=&#8221;88030&#8243;]Click here to view the Patronage file[\/vc_button][vc_column_text text_lead=&#8221;yes&#8221;]The castle of La Rochefoucauld was built through 7 centuries of architecture, from year 1000 until the middle of the 18th century.<\/p>\n<p>Each construction is related to a political act, imposing the size of the family and celebrating a victory.<\/p>\n<p>La ca\u00edda parcial de la torre del homenaje en el siglo XX dio la oportunidad de continuar la obra arquitect\u00f3nica en el siglo XXI. Los actuales propietarios del castillo pidieron al famoso arquitecto Sr. PEI que redise\u00f1ara la torre del homenaje utilizando materiales modernos (v\u00e9ase la maqueta). Vino a La Rochefoucauld, mostr\u00f3 un gran entusiasmo y el primer modelo pudo presentarse en 1999. Un segundo modelo fue finalmente aceptado por la Comisi\u00f3n Superior de Monumentos Hist\u00f3ricos. Este calabozo ser\u00e1 el s\u00edmbolo de una perennidad. Estar\u00e1 junto a una biblioteca virtual que el Sr. PEI quiere que sea la contrapartida del actual ch\u00e2telet de entrada que alberga la biblioteca de La Rochefoucauld Liancourt. El ala del siglo XVIII se transformar\u00e1 en una escuela de arquitectura.<\/p>\n<p>Today the project for the erection of the 21st century donjon, which cost amount to 5 million euros, is subject to patronage.<\/p>\n<p>&nbsp;<\/p>\n<p><em>The plans and models were produced by Atelier Imrey Culbert, associate architect.<\/em><br \/>\n<a href=\"http:\/\/www.imreyculbert.com\/\" target=\"_blank\" rel=\"noopener\">www.imreyculbert.com<\/a>[\/vc_column_text][\/vc_column][\/vc_row]<\/p>\n<\/div>","protected":false},"excerpt":{"rendered":"<p>[vc_row unlock_row_content=&#8221;yes&#8221; row_height_percent=&#8221;100&#8243; override_padding=&#8221;yes&#8221; h_padding=&#8221;0&#8243; top_padding=&#8221;0&#8243; bottom_padding=&#8221;0&#8243; back_color=&#8221;color-jevc&#8221; overlay_alpha=&#8221;50&#8243; equal_height=&#8221;yes&#8221; gutter_size=&#8221;0&#8243; column_width_percent=&#8221;100&#8243; shift_y=&#8221;0&#8243; z_index=&#8221;0&#8243; shape_dividers=&#8221;&#8221;][vc_column column_width_percent=&#8221;100&#8243; align_horizontal=&#8221;align_center&#8221; gutter_size=&#8221;3&#8243; expand_height=&#8221;yes&#8221; back_color=&#8221;color-jevc&#8221; [&hellip;]<\/p>\n","protected":false},"author":1,"featured_media":0,"parent":0,"menu_order":0,"comment_status":"closed","ping_status":"closed","template":"","meta":{"footnotes":""},"class_list":["post-88696","page","type-page","status-publish","hentry"],"yoast_head":"<!-- This site is optimized with the Yoast SEO plugin v27.5 - https:\/\/yoast.com\/product\/yoast-seo-wordpress\/ -->\n<title>THE PEI PROJECT - Ch\u00e2teau de La Rochefoucauld<\/title>\n<meta name=\"robots\" content=\"index, follow, max-snippet:-1, max-image-preview:large, max-video-preview:-1\" \/>\n<link rel=\"canonical\" href=\"https:\/\/www.chateau-la-rochefoucauld.com\/es\/the-pei-project\/\" \/>\n<meta property=\"og:locale\" content=\"es_ES\" \/>\n<meta property=\"og:type\" content=\"article\" \/>\n<meta property=\"og:title\" content=\"THE PEI PROJECT - Ch\u00e2teau de La Rochefoucauld\" \/>\n<meta property=\"og:description\" content=\"[vc_row unlock_row_content=&#8221;yes&#8221; row_height_percent=&#8221;100&#8243; override_padding=&#8221;yes&#8221; h_padding=&#8221;0&#8243; top_padding=&#8221;0&#8243; bottom_padding=&#8221;0&#8243; back_color=&#8221;color-jevc&#8221; overlay_alpha=&#8221;50&#8243; equal_height=&#8221;yes&#8221; gutter_size=&#8221;0&#8243; column_width_percent=&#8221;100&#8243; shift_y=&#8221;0&#8243; z_index=&#8221;0&#8243; shape_dividers=&#8221;&#8221;][vc_column column_width_percent=&#8221;100&#8243; align_horizontal=&#8221;align_center&#8221; gutter_size=&#8221;3&#8243; expand_height=&#8221;yes&#8221; back_color=&#8221;color-jevc&#8221; [&hellip;]\" \/>\n<meta property=\"og:url\" content=\"https:\/\/www.chateau-la-rochefoucauld.com\/es\/the-pei-project\/\" \/>\n<meta property=\"og:site_name\" content=\"Ch\u00e2teau de La Rochefoucauld\" \/>\n<meta property=\"article:publisher\" content=\"https:\/\/www.facebook.com\/ChateauDeLaRochefoucauld\" \/>\n<meta property=\"article:modified_time\" content=\"2021-06-01T15:39:23+00:00\" \/>\n<meta name=\"twitter:card\" content=\"summary_large_image\" \/>\n<meta name=\"twitter:label1\" content=\"Tiempo de lectura\" \/>\n\t<meta name=\"twitter:data1\" content=\"2 minutos\" \/>\n<script type=\"application\/ld+json\" class=\"yoast-schema-graph\">{\"@context\":\"https:\\\/\\\/schema.org\",\"@graph\":[{\"@type\":\"WebPage\",\"@id\":\"https:\\\/\\\/www.chateau-la-rochefoucauld.com\\\/es\\\/the-pei-project\\\/\",\"url\":\"https:\\\/\\\/www.chateau-la-rochefoucauld.com\\\/es\\\/the-pei-project\\\/\",\"name\":\"THE PEI PROJECT - Ch\u00e2teau de La Rochefoucauld\",\"isPartOf\":{\"@id\":\"https:\\\/\\\/www.chateau-la-rochefoucauld.com\\\/es\\\/#website\"},\"datePublished\":\"2021-04-19T13:53:02+00:00\",\"dateModified\":\"2021-06-01T15:39:23+00:00\",\"breadcrumb\":{\"@id\":\"https:\\\/\\\/www.chateau-la-rochefoucauld.com\\\/es\\\/the-pei-project\\\/#breadcrumb\"},\"inLanguage\":\"es\",\"potentialAction\":[{\"@type\":\"ReadAction\",\"target\":[\"https:\\\/\\\/www.chateau-la-rochefoucauld.com\\\/es\\\/the-pei-project\\\/\"]}]},{\"@type\":\"BreadcrumbList\",\"@id\":\"https:\\\/\\\/www.chateau-la-rochefoucauld.com\\\/es\\\/the-pei-project\\\/#breadcrumb\",\"itemListElement\":[{\"@type\":\"ListItem\",\"position\":1,\"name\":\"Accueil\",\"item\":\"https:\\\/\\\/www.chateau-la-rochefoucauld.com\\\/\"},{\"@type\":\"ListItem\",\"position\":2,\"name\":\"THE PEI PROJECT\"}]},{\"@type\":\"WebSite\",\"@id\":\"https:\\\/\\\/www.chateau-la-rochefoucauld.com\\\/es\\\/#website\",\"url\":\"https:\\\/\\\/www.chateau-la-rochefoucauld.com\\\/es\\\/\",\"name\":\"Ch\u00e2teau de La Rochefoucauld\",\"description\":\"du 11\u00e8me si\u00e8cle \u00e0 nos jours\",\"publisher\":{\"@id\":\"https:\\\/\\\/www.chateau-la-rochefoucauld.com\\\/es\\\/#organization\"},\"potentialAction\":[{\"@type\":\"SearchAction\",\"target\":{\"@type\":\"EntryPoint\",\"urlTemplate\":\"https:\\\/\\\/www.chateau-la-rochefoucauld.com\\\/es\\\/?s={search_term_string}\"},\"query-input\":{\"@type\":\"PropertyValueSpecification\",\"valueRequired\":true,\"valueName\":\"search_term_string\"}}],\"inLanguage\":\"es\"},{\"@type\":\"Organization\",\"@id\":\"https:\\\/\\\/www.chateau-la-rochefoucauld.com\\\/es\\\/#organization\",\"name\":\"Ch\u00e2teau de La Rochefoucauld\",\"url\":\"https:\\\/\\\/www.chateau-la-rochefoucauld.com\\\/es\\\/\",\"logo\":{\"@type\":\"ImageObject\",\"inLanguage\":\"es\",\"@id\":\"https:\\\/\\\/www.chateau-la-rochefoucauld.com\\\/es\\\/#\\\/schema\\\/logo\\\/image\\\/\",\"url\":\"https:\\\/\\\/www.chateau-la-rochefoucauld.com\\\/wp-content\\\/uploads\\\/2021\\\/04\\\/blasonLaRochefoucauldPei.png\",\"contentUrl\":\"https:\\\/\\\/www.chateau-la-rochefoucauld.com\\\/wp-content\\\/uploads\\\/2021\\\/04\\\/blasonLaRochefoucauldPei.png\",\"width\":184,\"height\":200,\"caption\":\"Ch\u00e2teau de La Rochefoucauld\"},\"image\":{\"@id\":\"https:\\\/\\\/www.chateau-la-rochefoucauld.com\\\/es\\\/#\\\/schema\\\/logo\\\/image\\\/\"},\"sameAs\":[\"https:\\\/\\\/www.facebook.com\\\/ChateauDeLaRochefoucauld\",\"https:\\\/\\\/www.instagram.com\\\/chateau.la.rochefoucauld\\\/\"]}]}<\/script>\n<!-- \/ Yoast SEO plugin. -->","yoast_head_json":{"title":"THE PEI PROJECT - Ch\u00e2teau de La Rochefoucauld","robots":{"index":"index","follow":"follow","max-snippet":"max-snippet:-1","max-image-preview":"max-image-preview:large","max-video-preview":"max-video-preview:-1"},"canonical":"https:\/\/www.chateau-la-rochefoucauld.com\/es\/the-pei-project\/","og_locale":"es_ES","og_type":"article","og_title":"THE PEI PROJECT - Ch\u00e2teau de La Rochefoucauld","og_description":"[vc_row unlock_row_content=&#8221;yes&#8221; row_height_percent=&#8221;100&#8243; override_padding=&#8221;yes&#8221; h_padding=&#8221;0&#8243; top_padding=&#8221;0&#8243; bottom_padding=&#8221;0&#8243; back_color=&#8221;color-jevc&#8221; overlay_alpha=&#8221;50&#8243; equal_height=&#8221;yes&#8221; gutter_size=&#8221;0&#8243; column_width_percent=&#8221;100&#8243; shift_y=&#8221;0&#8243; z_index=&#8221;0&#8243; shape_dividers=&#8221;&#8221;][vc_column column_width_percent=&#8221;100&#8243; align_horizontal=&#8221;align_center&#8221; gutter_size=&#8221;3&#8243; expand_height=&#8221;yes&#8221; back_color=&#8221;color-jevc&#8221; [&hellip;]","og_url":"https:\/\/www.chateau-la-rochefoucauld.com\/es\/the-pei-project\/","og_site_name":"Ch\u00e2teau de La Rochefoucauld","article_publisher":"https:\/\/www.facebook.com\/ChateauDeLaRochefoucauld","article_modified_time":"2021-06-01T15:39:23+00:00","twitter_card":"summary_large_image","twitter_misc":{"Tiempo de lectura":"2 minutos"},"schema":{"@context":"https:\/\/schema.org","@graph":[{"@type":"WebPage","@id":"https:\/\/www.chateau-la-rochefoucauld.com\/es\/the-pei-project\/","url":"https:\/\/www.chateau-la-rochefoucauld.com\/es\/the-pei-project\/","name":"THE PEI PROJECT - Ch\u00e2teau de La Rochefoucauld","isPartOf":{"@id":"https:\/\/www.chateau-la-rochefoucauld.com\/es\/#website"},"datePublished":"2021-04-19T13:53:02+00:00","dateModified":"2021-06-01T15:39:23+00:00","breadcrumb":{"@id":"https:\/\/www.chateau-la-rochefoucauld.com\/es\/the-pei-project\/#breadcrumb"},"inLanguage":"es","potentialAction":[{"@type":"ReadAction","target":["https:\/\/www.chateau-la-rochefoucauld.com\/es\/the-pei-project\/"]}]},{"@type":"BreadcrumbList","@id":"https:\/\/www.chateau-la-rochefoucauld.com\/es\/the-pei-project\/#breadcrumb","itemListElement":[{"@type":"ListItem","position":1,"name":"Accueil","item":"https:\/\/www.chateau-la-rochefoucauld.com\/"},{"@type":"ListItem","position":2,"name":"THE PEI PROJECT"}]},{"@type":"WebSite","@id":"https:\/\/www.chateau-la-rochefoucauld.com\/es\/#website","url":"https:\/\/www.chateau-la-rochefoucauld.com\/es\/","name":"Ch\u00e2teau de La Rochefoucauld","description":"du 11\u00e8me si\u00e8cle \u00e0 nos jours","publisher":{"@id":"https:\/\/www.chateau-la-rochefoucauld.com\/es\/#organization"},"potentialAction":[{"@type":"SearchAction","target":{"@type":"EntryPoint","urlTemplate":"https:\/\/www.chateau-la-rochefoucauld.com\/es\/?s={search_term_string}"},"query-input":{"@type":"PropertyValueSpecification","valueRequired":true,"valueName":"search_term_string"}}],"inLanguage":"es"},{"@type":"Organization","@id":"https:\/\/www.chateau-la-rochefoucauld.com\/es\/#organization","name":"Ch\u00e2teau de La Rochefoucauld","url":"https:\/\/www.chateau-la-rochefoucauld.com\/es\/","logo":{"@type":"ImageObject","inLanguage":"es","@id":"https:\/\/www.chateau-la-rochefoucauld.com\/es\/#\/schema\/logo\/image\/","url":"https:\/\/www.chateau-la-rochefoucauld.com\/wp-content\/uploads\/2021\/04\/blasonLaRochefoucauldPei.png","contentUrl":"https:\/\/www.chateau-la-rochefoucauld.com\/wp-content\/uploads\/2021\/04\/blasonLaRochefoucauldPei.png","width":184,"height":200,"caption":"Ch\u00e2teau de La Rochefoucauld"},"image":{"@id":"https:\/\/www.chateau-la-rochefoucauld.com\/es\/#\/schema\/logo\/image\/"},"sameAs":["https:\/\/www.facebook.com\/ChateauDeLaRochefoucauld","https:\/\/www.instagram.com\/chateau.la.rochefoucauld\/"]}]}},"_links":{"self":[{"href":"https:\/\/www.chateau-la-rochefoucauld.com\/es\/wp-json\/wp\/v2\/pages\/88696","targetHints":{"allow":["GET"]}}],"collection":[{"href":"https:\/\/www.chateau-la-rochefoucauld.com\/es\/wp-json\/wp\/v2\/pages"}],"about":[{"href":"https:\/\/www.chateau-la-rochefoucauld.com\/es\/wp-json\/wp\/v2\/types\/page"}],"author":[{"embeddable":true,"href":"https:\/\/www.chateau-la-rochefoucauld.com\/es\/wp-json\/wp\/v2\/users\/1"}],"replies":[{"embeddable":true,"href":"https:\/\/www.chateau-la-rochefoucauld.com\/es\/wp-json\/wp\/v2\/comments?post=88696"}],"version-history":[{"count":14,"href":"https:\/\/www.chateau-la-rochefoucauld.com\/es\/wp-json\/wp\/v2\/pages\/88696\/revisions"}],"predecessor-version":[{"id":90465,"href":"https:\/\/www.chateau-la-rochefoucauld.com\/es\/wp-json\/wp\/v2\/pages\/88696\/revisions\/90465"}],"wp:attachment":[{"href":"https:\/\/www.chateau-la-rochefoucauld.com\/es\/wp-json\/wp\/v2\/media?parent=88696"}],"curies":[{"name":"wp","href":"https:\/\/api.w.org\/{rel}","templated":true}]}}