{"id":89829,"date":"2021-04-21T10:20:50","date_gmt":"2021-04-21T08:20:50","guid":{"rendered":"http:\/\/chateau.agencecentaure.fr\/politique-de-confidentialite-2\/"},"modified":"2021-05-31T16:58:34","modified_gmt":"2021-05-31T14:58:34","slug":"politique-de-confidentialite","status":"publish","type":"page","link":"https:\/\/www.chateau-la-rochefoucauld.com\/en\/politique-de-confidentialite\/","title":{"rendered":"Privacy Policy"},"content":{"rendered":"<p>Faced with the development of new communication tools, it is necessary to pay particular attention to the protection of privacy. This is why we are committed to respecting the confidentiality of the personal information that we collect.<\/p>\n<hr \/>\n<p><strong>Collection of personal information<\/strong><\/p>\n<p>We collect the following information:<\/p>\n<ul>\n<li>Last name<\/li>\n<li>First name<\/li>\n<li>Address<\/li>\n<li>Postal code<\/li>\n<li>email address<\/li>\n<li>Telephone \/ fax number<\/li>\n<li>Gender \/ Sex<\/li>\n<li>Age \/ Date of birth<\/li>\n<\/ul>\n<p>The personal information we collect is collected through forms and through the interactivity established between you and our website. We also use, as indicated in the following section, cookies and \/ or logs to gather information about you.<\/p>\n<hr \/>\n<p><strong>Forms and interactivity<\/strong><\/p>\n<p>Your personal information is collected through a form, namely:<\/p>\n<ul>\n<li>Website registration form<\/li>\n<li>Order form<\/li>\n<\/ul>\n<p>We use the information thus collected for the following purposes:<\/p>\n<ul>\n<li>Order tracking<\/li>\n<li>Information \/ Promotional offers<\/li>\n<li>Statistics<\/li>\n<li>Contact<\/li>\n<li>Website management (presentation, organization)<\/li>\n<\/ul>\n<p>Your information is also collected through the interactivity that can be established between you and our website, as follows:<\/p>\n<ul>\n<li>Statistics<\/li>\n<li>Contact<\/li>\n<li>Website management (presentation, organization)<\/li>\n<\/ul>\n<p>We use the information thus collected for the following purposes:<\/p>\n<ul>\n<li>Comments<\/li>\n<li>Correspondence<\/li>\n<li>Information or for promotional offers<\/li>\n<\/ul>\n<hr \/>\n<p><strong>Log files and cookies<\/strong><\/p>\n<p>We collect certain information through log files and cookies. This mainly concerns the following information:<\/p>\n<ul>\n<li>IP adress<\/li>\n<li>Operating system<\/li>\n<li>Pages visited and requests<\/li>\n<li>Time and day of connection<\/li>\n<\/ul>\n<p>The use of such files allows us:<\/p>\n<ul>\n<li>Improved service and personalized welcome<\/li>\n<li>Tracking control<\/li>\n<li>Statistical<\/li>\n<\/ul>\n<hr \/>\n<p><strong>Right of objection and withdrawal<\/strong><\/p>\n<p>We are committed to offering you the right to oppose and withdraw your personal information.<br \/>\nThe right of opposition is understood as being the possibility offered to Internet users to refuse that their personal information be used for certain purposes mentioned during the collection.<\/p>\n<p>The right of withdrawal is understood as the possibility offered to Internet users to request that their personal information no longer appear, for example, in a mailing list.<\/p>\n<p>To exercise these rights, you can use the form at the bottom of the page or contact us:<br \/>\nAddress: Ch\u00e2teau de la Rochefoucauld<br \/>\n16 110 La Rochefoucauld<br \/>\nEmail: amis-du-chateau@wanadoo.fr<br \/>\nPhone: 05 45 62 07 42<br \/>\nSite section web: https:\/\/www.chateau-la-rochefoucauld.com\/politique-de-confidentialite\/<\/p>\n<hr \/>\n<p><strong>Permission to access<\/strong><\/p>\n<p>We are committed to recognizing a right of access and rectification to data subjects wishing to consult, modify or even delete information concerning them.<br \/>\nThis right will be exercised using the form at the bottom of the page or by contacting us:<br \/>\nAddress: Ch\u00e2teau de la Rochefoucauld<br \/>\n16 110 La Rochefoucauld<br \/>\nEmail: amis-du-chateau@wanadoo.fr<br \/>\nTelephone: 05 45 62 07 42<br \/>\nSection of the website: https:\/\/www.chateau-la-rochefoucauld.com\/politique-de-confidentialite\/<\/p>\n<hr \/>\n<p><strong>security<\/strong><\/p>\n<p>The personal information we collect is kept in a secure environment. People working for us are required to respect the confidentiality of your information.<br \/>\nTo ensure the security of your personal information, we use the following measures:<\/p>\n<ul>\n<li>SSL (Secure Sockets Layer) protocol<\/li>\n<li>Access management &#8211; authorized person<\/li>\n<li>Access management &#8211; data subject<\/li>\n<li>Computer backup<\/li>\n<li>Login password<\/li>\n<li>Firewalls<\/li>\n<\/ul>\n<p>We are committed to maintaining a high degree of confidentiality by integrating the latest technological innovations to ensure the confidentiality of your transactions. However, as no mechanism offers maximum security, there is always some risk involved when using the Internet to transmit personal information.<\/p>\n<hr \/>\n<p><strong>Legislation<\/strong><\/p>\n<p><span class=\"goog-text-highlight\">We undertake to respect the legislative provisions set out in: <\/span><br \/>\n<span class=\"goog-text-highlight\">https:\/\/www.cnil.fr\/fr\/loi-78-17-du-6-janvier-1978-modifiee<\/span><\/p>\n<hr \/>\n<h2>Personal data access form<\/h2>\n\t\t<form action=\"https:\/\/www.chateau-la-rochefoucauld.com\/wp-admin\/admin-ajax.php\" method=\"post\" id=\"gdrf-form\">\n\t\t\t<input type=\"hidden\" name=\"action\" value=\"gdrf_data_request\" \/>\n\t\t\t<input type=\"hidden\" name=\"gdrf_data_human_key\" id=\"gdrf_data_human_key\" value=\"60008\" \/>\n\t\t\t<input type=\"hidden\" name=\"gdrf_data_nonce\" id=\"gdrf_data_nonce\" value=\"bc9ff9ca69\" \/>\n\n\t\t\t\t\t<div class=\"gdrf-field gdrf-field-action\" role=\"radiogroup\" aria-labelledby=\"gdrf-radio-label\">\n\t\t\t\t<p id=\"gdrf-radio-label\">\n\t\t\t\t\tSelect your request:\t\t\t\t<\/p>\n\n\t\t\t\t<input id=\"gdrf-data-type-export\" class=\"gdrf-data-type-input\" type=\"radio\" name=\"gdrf_data_type\" value=\"export_personal_data\" \/>\n\t\t\t\t<label for=\"gdrf-data-type-export\" class=\"gdrf-data-type-label\">\n\t\t\t\t\tExport Personal Data\t\t\t\t<\/label>\n\t\t\t\t<br \/>\n\t\t\t\t<input id=\"gdrf-data-type-remove\" class=\"gdrf-data-type-input\" type=\"radio\" name=\"gdrf_data_type\" value=\"remove_personal_data\" \/>\n\t\t\t\t<label for=\"gdrf-data-type-remove\" class=\"gdrf-data-type-label\">\n\t\t\t\t\tRemove Personal Data\t\t\t\t<\/label>\n\t\t\t<\/div>\n\t\t\n\t\t\t<p class=\"gdrf-field gdrf-field-email\">\n\t\t\t\t<label for=\"gdrf_data_email\">\n\t\t\t\t\tYour email address (required)\t\t\t\t<\/label>\n\t\t\t\t<input type=\"email\" id=\"gdrf_data_email\" name=\"gdrf_data_email\" required \/>\n\t\t\t<\/p>\n\n\t\t\t<p class=\"gdrf-field gdrf-field-human\">\n\t\t\t\t<label for=\"gdrf_data_human\">\n\t\t\t\t\tHuman verification (required):\t\t\t\t\t6\u00a0+\u00a08\u00a0=\u00a0?\t\t\t\t<\/label>\n\t\t\t\t<input type=\"text\" id=\"gdrf_data_human\" name=\"gdrf_data_human\" required \/>\n\t\t\t<\/p>\n\n\t\t\t<p class=\"gdrf-field gdrf-field-submit\">\n\t\t\t\t<input id=\"gdrf-submit-button\" type=\"submit\" class=\"wp-element-button\" value=\"Send Request\" \/>\n\t\t\t<\/p>\n\t\t<\/form>\n\t\t\n","protected":false},"excerpt":{"rendered":"<p>Faced with the development of new communication tools, it is necessary to pay particular attention to the protection of privacy. [&hellip;]<\/p>\n","protected":false},"author":1,"featured_media":0,"parent":0,"menu_order":0,"comment_status":"closed","ping_status":"closed","template":"","meta":{"footnotes":""},"class_list":["post-89829","page","type-page","status-publish","hentry"],"yoast_head":"<!-- This site is optimized with the Yoast SEO plugin v27.5 - https:\/\/yoast.com\/product\/yoast-seo-wordpress\/ -->\n<title>Privacy Policy - Ch\u00e2teau de La Rochefoucauld<\/title>\n<meta name=\"robots\" content=\"index, follow, max-snippet:-1, max-image-preview:large, max-video-preview:-1\" \/>\n<link rel=\"canonical\" href=\"https:\/\/www.chateau-la-rochefoucauld.com\/en\/politique-de-confidentialite\/\" \/>\n<meta property=\"og:locale\" content=\"en_US\" \/>\n<meta property=\"og:type\" content=\"article\" \/>\n<meta property=\"og:title\" content=\"Privacy Policy - Ch\u00e2teau de La Rochefoucauld\" \/>\n<meta property=\"og:description\" content=\"Faced with the development of new communication tools, it is necessary to pay particular attention to the protection of privacy. [&hellip;]\" \/>\n<meta property=\"og:url\" content=\"https:\/\/www.chateau-la-rochefoucauld.com\/en\/politique-de-confidentialite\/\" \/>\n<meta property=\"og:site_name\" content=\"Ch\u00e2teau de La Rochefoucauld\" \/>\n<meta property=\"article:publisher\" content=\"https:\/\/www.facebook.com\/ChateauDeLaRochefoucauld\" \/>\n<meta property=\"article:modified_time\" content=\"2021-05-31T14:58:34+00:00\" \/>\n<meta name=\"twitter:card\" content=\"summary_large_image\" \/>\n<meta name=\"twitter:label1\" content=\"Est. reading time\" \/>\n\t<meta name=\"twitter:data1\" content=\"3 minutes\" \/>\n<script type=\"application\/ld+json\" class=\"yoast-schema-graph\">{\"@context\":\"https:\\\/\\\/schema.org\",\"@graph\":[{\"@type\":\"WebPage\",\"@id\":\"https:\\\/\\\/www.chateau-la-rochefoucauld.com\\\/en\\\/politique-de-confidentialite\\\/\",\"url\":\"https:\\\/\\\/www.chateau-la-rochefoucauld.com\\\/en\\\/politique-de-confidentialite\\\/\",\"name\":\"Privacy Policy - Ch\u00e2teau de La Rochefoucauld\",\"isPartOf\":{\"@id\":\"https:\\\/\\\/www.chateau-la-rochefoucauld.com\\\/es\\\/#website\"},\"datePublished\":\"2021-04-21T08:20:50+00:00\",\"dateModified\":\"2021-05-31T14:58:34+00:00\",\"breadcrumb\":{\"@id\":\"https:\\\/\\\/www.chateau-la-rochefoucauld.com\\\/en\\\/politique-de-confidentialite\\\/#breadcrumb\"},\"inLanguage\":\"en-US\",\"potentialAction\":[{\"@type\":\"ReadAction\",\"target\":[\"https:\\\/\\\/www.chateau-la-rochefoucauld.com\\\/en\\\/politique-de-confidentialite\\\/\"]}]},{\"@type\":\"BreadcrumbList\",\"@id\":\"https:\\\/\\\/www.chateau-la-rochefoucauld.com\\\/en\\\/politique-de-confidentialite\\\/#breadcrumb\",\"itemListElement\":[{\"@type\":\"ListItem\",\"position\":1,\"name\":\"Accueil\",\"item\":\"https:\\\/\\\/www.chateau-la-rochefoucauld.com\\\/\"},{\"@type\":\"ListItem\",\"position\":2,\"name\":\"Privacy Policy\"}]},{\"@type\":\"WebSite\",\"@id\":\"https:\\\/\\\/www.chateau-la-rochefoucauld.com\\\/es\\\/#website\",\"url\":\"https:\\\/\\\/www.chateau-la-rochefoucauld.com\\\/es\\\/\",\"name\":\"Ch\u00e2teau de La Rochefoucauld\",\"description\":\"du 11\u00e8me si\u00e8cle \u00e0 nos jours\",\"publisher\":{\"@id\":\"https:\\\/\\\/www.chateau-la-rochefoucauld.com\\\/es\\\/#organization\"},\"potentialAction\":[{\"@type\":\"SearchAction\",\"target\":{\"@type\":\"EntryPoint\",\"urlTemplate\":\"https:\\\/\\\/www.chateau-la-rochefoucauld.com\\\/es\\\/?s={search_term_string}\"},\"query-input\":{\"@type\":\"PropertyValueSpecification\",\"valueRequired\":true,\"valueName\":\"search_term_string\"}}],\"inLanguage\":\"en-US\"},{\"@type\":\"Organization\",\"@id\":\"https:\\\/\\\/www.chateau-la-rochefoucauld.com\\\/es\\\/#organization\",\"name\":\"Ch\u00e2teau de La Rochefoucauld\",\"url\":\"https:\\\/\\\/www.chateau-la-rochefoucauld.com\\\/es\\\/\",\"logo\":{\"@type\":\"ImageObject\",\"inLanguage\":\"en-US\",\"@id\":\"https:\\\/\\\/www.chateau-la-rochefoucauld.com\\\/es\\\/#\\\/schema\\\/logo\\\/image\\\/\",\"url\":\"https:\\\/\\\/www.chateau-la-rochefoucauld.com\\\/wp-content\\\/uploads\\\/2021\\\/04\\\/blasonLaRochefoucauldPei.png\",\"contentUrl\":\"https:\\\/\\\/www.chateau-la-rochefoucauld.com\\\/wp-content\\\/uploads\\\/2021\\\/04\\\/blasonLaRochefoucauldPei.png\",\"width\":184,\"height\":200,\"caption\":\"Ch\u00e2teau de La Rochefoucauld\"},\"image\":{\"@id\":\"https:\\\/\\\/www.chateau-la-rochefoucauld.com\\\/es\\\/#\\\/schema\\\/logo\\\/image\\\/\"},\"sameAs\":[\"https:\\\/\\\/www.facebook.com\\\/ChateauDeLaRochefoucauld\",\"https:\\\/\\\/www.instagram.com\\\/chateau.la.rochefoucauld\\\/\"]}]}<\/script>\n<!-- \/ Yoast SEO plugin. -->","yoast_head_json":{"title":"Privacy Policy - Ch\u00e2teau de La Rochefoucauld","robots":{"index":"index","follow":"follow","max-snippet":"max-snippet:-1","max-image-preview":"max-image-preview:large","max-video-preview":"max-video-preview:-1"},"canonical":"https:\/\/www.chateau-la-rochefoucauld.com\/en\/politique-de-confidentialite\/","og_locale":"en_US","og_type":"article","og_title":"Privacy Policy - Ch\u00e2teau de La Rochefoucauld","og_description":"Faced with the development of new communication tools, it is necessary to pay particular attention to the protection of privacy. [&hellip;]","og_url":"https:\/\/www.chateau-la-rochefoucauld.com\/en\/politique-de-confidentialite\/","og_site_name":"Ch\u00e2teau de La Rochefoucauld","article_publisher":"https:\/\/www.facebook.com\/ChateauDeLaRochefoucauld","article_modified_time":"2021-05-31T14:58:34+00:00","twitter_card":"summary_large_image","twitter_misc":{"Est. reading time":"3 minutes"},"schema":{"@context":"https:\/\/schema.org","@graph":[{"@type":"WebPage","@id":"https:\/\/www.chateau-la-rochefoucauld.com\/en\/politique-de-confidentialite\/","url":"https:\/\/www.chateau-la-rochefoucauld.com\/en\/politique-de-confidentialite\/","name":"Privacy Policy - Ch\u00e2teau de La Rochefoucauld","isPartOf":{"@id":"https:\/\/www.chateau-la-rochefoucauld.com\/es\/#website"},"datePublished":"2021-04-21T08:20:50+00:00","dateModified":"2021-05-31T14:58:34+00:00","breadcrumb":{"@id":"https:\/\/www.chateau-la-rochefoucauld.com\/en\/politique-de-confidentialite\/#breadcrumb"},"inLanguage":"en-US","potentialAction":[{"@type":"ReadAction","target":["https:\/\/www.chateau-la-rochefoucauld.com\/en\/politique-de-confidentialite\/"]}]},{"@type":"BreadcrumbList","@id":"https:\/\/www.chateau-la-rochefoucauld.com\/en\/politique-de-confidentialite\/#breadcrumb","itemListElement":[{"@type":"ListItem","position":1,"name":"Accueil","item":"https:\/\/www.chateau-la-rochefoucauld.com\/"},{"@type":"ListItem","position":2,"name":"Privacy Policy"}]},{"@type":"WebSite","@id":"https:\/\/www.chateau-la-rochefoucauld.com\/es\/#website","url":"https:\/\/www.chateau-la-rochefoucauld.com\/es\/","name":"Ch\u00e2teau de La Rochefoucauld","description":"du 11\u00e8me si\u00e8cle \u00e0 nos jours","publisher":{"@id":"https:\/\/www.chateau-la-rochefoucauld.com\/es\/#organization"},"potentialAction":[{"@type":"SearchAction","target":{"@type":"EntryPoint","urlTemplate":"https:\/\/www.chateau-la-rochefoucauld.com\/es\/?s={search_term_string}"},"query-input":{"@type":"PropertyValueSpecification","valueRequired":true,"valueName":"search_term_string"}}],"inLanguage":"en-US"},{"@type":"Organization","@id":"https:\/\/www.chateau-la-rochefoucauld.com\/es\/#organization","name":"Ch\u00e2teau de La Rochefoucauld","url":"https:\/\/www.chateau-la-rochefoucauld.com\/es\/","logo":{"@type":"ImageObject","inLanguage":"en-US","@id":"https:\/\/www.chateau-la-rochefoucauld.com\/es\/#\/schema\/logo\/image\/","url":"https:\/\/www.chateau-la-rochefoucauld.com\/wp-content\/uploads\/2021\/04\/blasonLaRochefoucauldPei.png","contentUrl":"https:\/\/www.chateau-la-rochefoucauld.com\/wp-content\/uploads\/2021\/04\/blasonLaRochefoucauldPei.png","width":184,"height":200,"caption":"Ch\u00e2teau de La Rochefoucauld"},"image":{"@id":"https:\/\/www.chateau-la-rochefoucauld.com\/es\/#\/schema\/logo\/image\/"},"sameAs":["https:\/\/www.facebook.com\/ChateauDeLaRochefoucauld","https:\/\/www.instagram.com\/chateau.la.rochefoucauld\/"]}]}},"_links":{"self":[{"href":"https:\/\/www.chateau-la-rochefoucauld.com\/en\/wp-json\/wp\/v2\/pages\/89829","targetHints":{"allow":["GET"]}}],"collection":[{"href":"https:\/\/www.chateau-la-rochefoucauld.com\/en\/wp-json\/wp\/v2\/pages"}],"about":[{"href":"https:\/\/www.chateau-la-rochefoucauld.com\/en\/wp-json\/wp\/v2\/types\/page"}],"author":[{"embeddable":true,"href":"https:\/\/www.chateau-la-rochefoucauld.com\/en\/wp-json\/wp\/v2\/users\/1"}],"replies":[{"embeddable":true,"href":"https:\/\/www.chateau-la-rochefoucauld.com\/en\/wp-json\/wp\/v2\/comments?post=89829"}],"version-history":[{"count":5,"href":"https:\/\/www.chateau-la-rochefoucauld.com\/en\/wp-json\/wp\/v2\/pages\/89829\/revisions"}],"predecessor-version":[{"id":90377,"href":"https:\/\/www.chateau-la-rochefoucauld.com\/en\/wp-json\/wp\/v2\/pages\/89829\/revisions\/90377"}],"wp:attachment":[{"href":"https:\/\/www.chateau-la-rochefoucauld.com\/en\/wp-json\/wp\/v2\/media?parent=89829"}],"curies":[{"name":"wp","href":"https:\/\/api.w.org\/{rel}","templated":true}]}}