{"id":88293,"date":"2021-03-10T20:45:36","date_gmt":"2021-03-10T19:45:36","guid":{"rendered":"http:\/\/chateau.agencecentaure.fr\/accueil-2\/"},"modified":"2026-02-27T08:46:10","modified_gmt":"2026-02-27T07:46:10","slug":"accueil-2","status":"publish","type":"page","link":"https:\/\/www.chateau-la-rochefoucauld.com\/en\/","title":{"rendered":"Home"},"content":{"rendered":"<div class=\"wpb-content-wrapper\"><p>[vc_row row_height_percent=&#8221;80&#8243; overlay_alpha=&#8221;0&#8243; equal_height=&#8221;yes&#8221; gutter_size=&#8221;0&#8243; column_width_percent=&#8221;100&#8243; shift_y=&#8221;0&#8243; z_index=&#8221;0&#8243; el_id=&#8221;cadreaccueil&#8221;][vc_column column_width_percent=&#8221;100&#8243; align_horizontal=&#8221;align_center&#8221; gutter_size=&#8221;3&#8243; expand_height=&#8221;yes&#8221; overlay_alpha=&#8221;50&#8243; shift_x=&#8221;0&#8243; shift_y=&#8221;0&#8243; shift_y_down=&#8221;0&#8243; z_index=&#8221;0&#8243; medium_width=&#8221;0&#8243; mobile_width=&#8221;0&#8243; width=&#8221;1\/4&#8243;][vc_single_image media=&#8221;88301&#8243; media_width_use_pixel=&#8221;yes&#8221; alignment=&#8221;center&#8221; media_width_pixel=&#8221;200&#8243; media_link=&#8221;url:%2Fhistoire%2F|title:Histoire&#8221;][\/vc_column][vc_column width=&#8221;3\/4&#8243;][vc_custom_heading text_color=&#8221;color-xsdn&#8221; heading_semantic=&#8221;h1&#8243; text_font=&#8221;font-931110&#8243; text_size=&#8221;bigtext&#8221; sub_lead=&#8221;yes&#8221;]La Rochefoucauld Castle[\/vc_custom_heading][vc_column_text text_lead=&#8221;yes&#8221; text_color=&#8221;color-lxmt&#8221; css=&#8221;.vc_custom_1695193154669{margin-top: 40px !important;margin-right: 0px !important;margin-bottom: 0px !important;margin-left: 0px !important;border-bottom-width: 0px !important;padding-top: 20px !important;padding-right: 20px !important;padding-bottom: 20px !important;padding-left: 20px !important;}&#8221; uncode_shortcode_id=&#8221;189967&#8243; text_color_type=&#8221;uncode-palette&#8221; el_class=&#8221;infomessage hidden&#8221;]We are open for the Journ\u00e9es du Patrimoine (Heritage Days) of September 16 and 17, 2021 from 10 am to 7 pm<br \/>\nPreferential rate of \u20ac2 per person<br \/>\nFree for children under 12[\/vc_column_text][vc_column_text text_lead=&#8221;yes&#8221; css=&#8221;.vc_custom_1663861270544{padding-top: 30px !important;padding-right: 30px !important;padding-bottom: 30px !important;padding-left: 30px !important;}&#8221; el_class=&#8221;infomessage hidden&#8221; uncode_shortcode_id=&#8221;309581&#8243;]<\/p>\n<h2 style=\"text-align: center;\">HERITAGE DAY<\/h2>\n<p style=\"text-align: center;\">We are open for Heritage Days on <strong>September 17 and 18, 2022<\/strong><br \/>\n10 a.m. to 7 p.m. (last entry at 6 p.m.).<br \/>\nSingle price of \u20ac2 per person from 12 years old (free for children under 12).[\/vc_column_text][vc_column_text text_lead=&#8221;yes&#8221; css=&#8221;.vc_custom_1708096367567{padding-top: 30px !important;padding-right: 30px !important;padding-bottom: 30px !important;padding-left: 30px !important;}&#8221; el_class=&#8221;infomessage hidden&#8221; uncode_shortcode_id=&#8221;236786&#8243;]<\/p>\n<h2 style=\"text-align: center;\">ANNUAL HOLIDAYS<\/h2>\n<p style=\"text-align: center;\">The castle is closed to the public for annual holidays <strong>until February 14 inclusive.<\/strong><\/p>\n<p>[\/vc_column_text][\/vc_column][\/vc_row][vc_row unlock_row_content=&#8221;yes&#8221; row_height_percent=&#8221;0&#8243; back_color=&#8221;color-926542&#8243; overlay_alpha=&#8221;0&#8243; gutter_size=&#8221;0&#8243; column_width_percent=&#8221;100&#8243; shift_y=&#8221;0&#8243; z_index=&#8221;0&#8243; auto_height_device=&#8221;yes&#8221; row_height_pixel=&#8221;50px&#8221; el_id=&#8221;cadreaccueil&#8221;][vc_column column_width_percent=&#8221;100&#8243; position_vertical=&#8221;middle&#8221; align_horizontal=&#8221;align_center&#8221; gutter_size=&#8221;3&#8243; expand_height=&#8221;yes&#8221; overlay_alpha=&#8221;50&#8243; shift_x=&#8221;0&#8243; shift_y=&#8221;0&#8243; shift_y_down=&#8221;0&#8243; z_index=&#8221;0&#8243; medium_width=&#8221;0&#8243; mobile_width=&#8221;0&#8243; width=&#8221;1\/6&#8243;][vc_raw_html]W3dwbWxfbGFuZ3VhZ2Vfc3dpdGNoZXIgdHlwZT0iYWNjdWVpbCIgZmxhZ3M9IjEiIG5hdGl2ZT0iMCIgdHJhbnNsYXRlZD0iMCJdWy93cG1sX2xhbmd1YWdlX3N3aXRjaGVyXQ==[\/vc_raw_html][\/vc_column][vc_column column_width_percent=&#8221;100&#8243; position_vertical=&#8221;middle&#8221; align_horizontal=&#8221;align_center&#8221; gutter_size=&#8221;3&#8243; overlay_alpha=&#8221;50&#8243; shift_x=&#8221;0&#8243; shift_y=&#8221;0&#8243; shift_y_down=&#8221;0&#8243; z_index=&#8221;0&#8243; medium_width=&#8221;0&#8243; mobile_width=&#8221;0&#8243; width=&#8221;1\/6&#8243;][vc_button border_width=&#8221;0&#8243; link=&#8221;url:https%3A%2F%2Fwww.chateau-la-rochefoucauld.com%2Fen%2Fhistory%2F|title:History|&#8221;]Enter[\/vc_button][\/vc_column][vc_column column_width_percent=&#8221;100&#8243; position_vertical=&#8221;middle&#8221; align_horizontal=&#8221;align_center&#8221; gutter_size=&#8221;3&#8243; overlay_alpha=&#8221;50&#8243; shift_x=&#8221;0&#8243; shift_y=&#8221;0&#8243; shift_y_down=&#8221;0&#8243; z_index=&#8221;0&#8243; medium_width=&#8221;0&#8243; mobile_width=&#8221;0&#8243; width=&#8221;1\/12&#8243;][uncode_socials][\/vc_column][vc_column column_width_percent=&#8221;100&#8243; position_vertical=&#8221;middle&#8221; align_horizontal=&#8221;align_center&#8221; gutter_size=&#8221;3&#8243; overlay_alpha=&#8221;50&#8243; shift_x=&#8221;0&#8243; shift_y=&#8221;0&#8243; shift_y_down=&#8221;0&#8243; z_index=&#8221;0&#8243; medium_width=&#8221;0&#8243; mobile_width=&#8221;0&#8243; width=&#8221;1\/6&#8243;][vc_column_text uncode_shortcode_id=&#8221;650173&#8243;]<\/p>\n<p style=\"text-align: center; color: #ffffff;\"><span style=\"font-size: 12pt; line-height: normal; color: #ffffff;\"><a style=\"color: #ffffff;\" href=\"tel:+33545635271\">05 45 63 52 71<\/a><\/span><\/p>\n<p>[\/vc_column_text][\/vc_column][vc_column column_width_percent=&#8221;100&#8243; position_vertical=&#8221;middle&#8221; align_horizontal=&#8221;align_center&#8221; gutter_size=&#8221;3&#8243; overlay_alpha=&#8221;50&#8243; shift_x=&#8221;0&#8243; shift_y=&#8221;0&#8243; shift_y_down=&#8221;0&#8243; z_index=&#8221;0&#8243; medium_width=&#8221;0&#8243; mobile_width=&#8221;0&#8243; width=&#8221;1\/6&#8243;][vc_column_text]<\/p>\n<p style=\"text-align: center;\"><span style=\"font-size: 12pt;\"><a href=\"mailto:amis-du-chateau@wanadoo.fr\"><span style=\"color: #ffffff; font-family: 'trebuchet ms', geneva, sans-serif;\">amis-du-chateau@wanadoo.fr<\/span><\/a><\/span><\/p>\n<p>[\/vc_column_text][\/vc_column][vc_column column_width_percent=&#8221;100&#8243; position_vertical=&#8221;middle&#8221; align_horizontal=&#8221;align_center&#8221; gutter_size=&#8221;0&#8243; override_padding=&#8221;yes&#8221; column_padding=&#8221;0&#8243; overlay_alpha=&#8221;50&#8243; shift_x=&#8221;0&#8243; shift_y=&#8221;0&#8243; shift_y_down=&#8221;0&#8243; z_index=&#8221;0&#8243; medium_width=&#8221;0&#8243; mobile_width=&#8221;0&#8243; width=&#8221;1\/4&#8243; css=&#8221;.vc_custom_1623675298675{padding-top: 0px !important;padding-right: 0px !important;padding-bottom: 0px !important;padding-left: 0px !important;}&#8221;][vc_column_text css=&#8221;.vc_custom_1772178349912{margin-top: 0px !important;margin-right: 0px !important;margin-bottom: 0px !important;margin-left: 0px !important;border-bottom-width: 0px !important;padding-top: 0px !important;padding-right: 0px !important;padding-left: 0px !important;}&#8221; uncode_shortcode_id=&#8221;301575&#8243; el_class=&#8221;hidden&#8221;]<\/p>\n<h2><span style=\"font-size: 12pt; color: #ffffff;\"><strong>Annual closure from January 5 to February 6 inclusive.<\/strong><\/span><\/h2>\n<p>[\/vc_column_text][vc_column_text css=&#8221;.vc_custom_1772178367003{margin-top: 0px !important;margin-right: 0px !important;margin-bottom: 0px !important;margin-left: 0px !important;border-bottom-width: 0px !important;padding-top: 0px !important;padding-right: 0px !important;padding-left: 0px !important;}&#8221; uncode_shortcode_id=&#8221;554081&#8243;]<\/p>\n<h2><span style=\"font-size: 12pt; color: #ffffff;\"><strong>The castle is open to the public<br \/>\n10 a.m. to 7 p.m. every day except Tuesday<\/strong><\/span><\/h2>\n<p>[\/vc_column_text][\/vc_column][\/vc_row]<\/p>\n<\/div>","protected":false},"excerpt":{"rendered":"<p>[vc_row row_height_percent=&#8221;80&#8243; overlay_alpha=&#8221;0&#8243; equal_height=&#8221;yes&#8221; gutter_size=&#8221;0&#8243; column_width_percent=&#8221;100&#8243; shift_y=&#8221;0&#8243; z_index=&#8221;0&#8243; el_id=&#8221;cadreaccueil&#8221;][vc_column column_width_percent=&#8221;100&#8243; align_horizontal=&#8221;align_center&#8221; gutter_size=&#8221;3&#8243; expand_height=&#8221;yes&#8221; overlay_alpha=&#8221;50&#8243; shift_x=&#8221;0&#8243; shift_y=&#8221;0&#8243; shift_y_down=&#8221;0&#8243; z_index=&#8221;0&#8243; medium_width=&#8221;0&#8243; mobile_width=&#8221;0&#8243; [&hellip;]<\/p>\n","protected":false},"author":1,"featured_media":0,"parent":0,"menu_order":0,"comment_status":"closed","ping_status":"closed","template":"","meta":{"footnotes":""},"class_list":["post-88293","page","type-page","status-publish","hentry"],"yoast_head":"<!-- This site is optimized with the Yoast SEO plugin v27.5 - https:\/\/yoast.com\/product\/yoast-seo-wordpress\/ -->\n<title>Home - Ch\u00e2teau de La Rochefoucauld<\/title>\n<meta name=\"robots\" content=\"index, follow, max-image-preview:large, max-video-preview:-1, noarchive, nosnippet\" \/>\n<link rel=\"canonical\" href=\"https:\/\/www.chateau-la-rochefoucauld.com\/\" \/>\n<meta property=\"og:locale\" content=\"en_US\" \/>\n<meta property=\"og:type\" content=\"article\" \/>\n<meta property=\"og:title\" content=\"Home - Ch\u00e2teau de La Rochefoucauld\" \/>\n<meta property=\"og:description\" content=\"[vc_row row_height_percent=&#8221;80&#8243; overlay_alpha=&#8221;0&#8243; equal_height=&#8221;yes&#8221; gutter_size=&#8221;0&#8243; column_width_percent=&#8221;100&#8243; shift_y=&#8221;0&#8243; z_index=&#8221;0&#8243; el_id=&#8221;cadreaccueil&#8221;][vc_column column_width_percent=&#8221;100&#8243; align_horizontal=&#8221;align_center&#8221; gutter_size=&#8221;3&#8243; expand_height=&#8221;yes&#8221; overlay_alpha=&#8221;50&#8243; shift_x=&#8221;0&#8243; shift_y=&#8221;0&#8243; shift_y_down=&#8221;0&#8243; z_index=&#8221;0&#8243; medium_width=&#8221;0&#8243; mobile_width=&#8221;0&#8243; [&hellip;]\" \/>\n<meta property=\"og:url\" content=\"https:\/\/www.chateau-la-rochefoucauld.com\/\" \/>\n<meta property=\"og:site_name\" content=\"Ch\u00e2teau de La Rochefoucauld\" \/>\n<meta property=\"article:publisher\" content=\"https:\/\/www.facebook.com\/ChateauDeLaRochefoucauld\" \/>\n<meta property=\"article:modified_time\" content=\"2026-02-27T07:46:10+00:00\" \/>\n<meta name=\"twitter:card\" content=\"summary_large_image\" \/>\n<meta name=\"twitter:label1\" content=\"Est. reading time\" \/>\n\t<meta name=\"twitter:data1\" content=\"2 minutes\" \/>\n<script type=\"application\/ld+json\" class=\"yoast-schema-graph\">{\"@context\":\"https:\\\/\\\/schema.org\",\"@graph\":[{\"@type\":\"WebPage\",\"@id\":\"https:\\\/\\\/www.chateau-la-rochefoucauld.com\\\/\",\"url\":\"https:\\\/\\\/www.chateau-la-rochefoucauld.com\\\/\",\"name\":\"Home - Ch\u00e2teau de La Rochefoucauld\",\"isPartOf\":{\"@id\":\"https:\\\/\\\/www.chateau-la-rochefoucauld.com\\\/es\\\/#website\"},\"datePublished\":\"2021-03-10T19:45:36+00:00\",\"dateModified\":\"2026-02-27T07:46:10+00:00\",\"breadcrumb\":{\"@id\":\"https:\\\/\\\/www.chateau-la-rochefoucauld.com\\\/#breadcrumb\"},\"inLanguage\":\"en-US\",\"potentialAction\":[{\"@type\":\"ReadAction\",\"target\":[\"https:\\\/\\\/www.chateau-la-rochefoucauld.com\\\/\"]}]},{\"@type\":\"BreadcrumbList\",\"@id\":\"https:\\\/\\\/www.chateau-la-rochefoucauld.com\\\/#breadcrumb\",\"itemListElement\":[{\"@type\":\"ListItem\",\"position\":1,\"name\":\"Accueil\",\"item\":\"https:\\\/\\\/www.chateau-la-rochefoucauld.com\\\/\"},{\"@type\":\"ListItem\",\"position\":2,\"name\":\"Home\"}]},{\"@type\":\"WebSite\",\"@id\":\"https:\\\/\\\/www.chateau-la-rochefoucauld.com\\\/es\\\/#website\",\"url\":\"https:\\\/\\\/www.chateau-la-rochefoucauld.com\\\/es\\\/\",\"name\":\"Ch\u00e2teau de La Rochefoucauld\",\"description\":\"du 11\u00e8me si\u00e8cle \u00e0 nos jours\",\"publisher\":{\"@id\":\"https:\\\/\\\/www.chateau-la-rochefoucauld.com\\\/es\\\/#organization\"},\"potentialAction\":[{\"@type\":\"SearchAction\",\"target\":{\"@type\":\"EntryPoint\",\"urlTemplate\":\"https:\\\/\\\/www.chateau-la-rochefoucauld.com\\\/es\\\/?s={search_term_string}\"},\"query-input\":{\"@type\":\"PropertyValueSpecification\",\"valueRequired\":true,\"valueName\":\"search_term_string\"}}],\"inLanguage\":\"en-US\"},{\"@type\":\"Organization\",\"@id\":\"https:\\\/\\\/www.chateau-la-rochefoucauld.com\\\/es\\\/#organization\",\"name\":\"Ch\u00e2teau de La Rochefoucauld\",\"url\":\"https:\\\/\\\/www.chateau-la-rochefoucauld.com\\\/es\\\/\",\"logo\":{\"@type\":\"ImageObject\",\"inLanguage\":\"en-US\",\"@id\":\"https:\\\/\\\/www.chateau-la-rochefoucauld.com\\\/es\\\/#\\\/schema\\\/logo\\\/image\\\/\",\"url\":\"https:\\\/\\\/www.chateau-la-rochefoucauld.com\\\/wp-content\\\/uploads\\\/2021\\\/04\\\/blasonLaRochefoucauldPei.png\",\"contentUrl\":\"https:\\\/\\\/www.chateau-la-rochefoucauld.com\\\/wp-content\\\/uploads\\\/2021\\\/04\\\/blasonLaRochefoucauldPei.png\",\"width\":184,\"height\":200,\"caption\":\"Ch\u00e2teau de La Rochefoucauld\"},\"image\":{\"@id\":\"https:\\\/\\\/www.chateau-la-rochefoucauld.com\\\/es\\\/#\\\/schema\\\/logo\\\/image\\\/\"},\"sameAs\":[\"https:\\\/\\\/www.facebook.com\\\/ChateauDeLaRochefoucauld\",\"https:\\\/\\\/www.instagram.com\\\/chateau.la.rochefoucauld\\\/\"]}]}<\/script>\n<!-- \/ Yoast SEO plugin. -->","yoast_head_json":{"title":"Home - Ch\u00e2teau de La Rochefoucauld","robots":{"index":"index","follow":"follow","max-image-preview":"max-image-preview:large","max-video-preview":"max-video-preview:-1","archive":"noarchive","snippet":"nosnippet"},"canonical":"https:\/\/www.chateau-la-rochefoucauld.com\/","og_locale":"en_US","og_type":"article","og_title":"Home - Ch\u00e2teau de La Rochefoucauld","og_description":"[vc_row row_height_percent=&#8221;80&#8243; overlay_alpha=&#8221;0&#8243; equal_height=&#8221;yes&#8221; gutter_size=&#8221;0&#8243; column_width_percent=&#8221;100&#8243; shift_y=&#8221;0&#8243; z_index=&#8221;0&#8243; el_id=&#8221;cadreaccueil&#8221;][vc_column column_width_percent=&#8221;100&#8243; align_horizontal=&#8221;align_center&#8221; gutter_size=&#8221;3&#8243; expand_height=&#8221;yes&#8221; overlay_alpha=&#8221;50&#8243; shift_x=&#8221;0&#8243; shift_y=&#8221;0&#8243; shift_y_down=&#8221;0&#8243; z_index=&#8221;0&#8243; medium_width=&#8221;0&#8243; mobile_width=&#8221;0&#8243; [&hellip;]","og_url":"https:\/\/www.chateau-la-rochefoucauld.com\/","og_site_name":"Ch\u00e2teau de La Rochefoucauld","article_publisher":"https:\/\/www.facebook.com\/ChateauDeLaRochefoucauld","article_modified_time":"2026-02-27T07:46:10+00:00","twitter_card":"summary_large_image","twitter_misc":{"Est. reading time":"2 minutes"},"schema":{"@context":"https:\/\/schema.org","@graph":[{"@type":"WebPage","@id":"https:\/\/www.chateau-la-rochefoucauld.com\/","url":"https:\/\/www.chateau-la-rochefoucauld.com\/","name":"Home - Ch\u00e2teau de La Rochefoucauld","isPartOf":{"@id":"https:\/\/www.chateau-la-rochefoucauld.com\/es\/#website"},"datePublished":"2021-03-10T19:45:36+00:00","dateModified":"2026-02-27T07:46:10+00:00","breadcrumb":{"@id":"https:\/\/www.chateau-la-rochefoucauld.com\/#breadcrumb"},"inLanguage":"en-US","potentialAction":[{"@type":"ReadAction","target":["https:\/\/www.chateau-la-rochefoucauld.com\/"]}]},{"@type":"BreadcrumbList","@id":"https:\/\/www.chateau-la-rochefoucauld.com\/#breadcrumb","itemListElement":[{"@type":"ListItem","position":1,"name":"Accueil","item":"https:\/\/www.chateau-la-rochefoucauld.com\/"},{"@type":"ListItem","position":2,"name":"Home"}]},{"@type":"WebSite","@id":"https:\/\/www.chateau-la-rochefoucauld.com\/es\/#website","url":"https:\/\/www.chateau-la-rochefoucauld.com\/es\/","name":"Ch\u00e2teau de La Rochefoucauld","description":"du 11\u00e8me si\u00e8cle \u00e0 nos jours","publisher":{"@id":"https:\/\/www.chateau-la-rochefoucauld.com\/es\/#organization"},"potentialAction":[{"@type":"SearchAction","target":{"@type":"EntryPoint","urlTemplate":"https:\/\/www.chateau-la-rochefoucauld.com\/es\/?s={search_term_string}"},"query-input":{"@type":"PropertyValueSpecification","valueRequired":true,"valueName":"search_term_string"}}],"inLanguage":"en-US"},{"@type":"Organization","@id":"https:\/\/www.chateau-la-rochefoucauld.com\/es\/#organization","name":"Ch\u00e2teau de La Rochefoucauld","url":"https:\/\/www.chateau-la-rochefoucauld.com\/es\/","logo":{"@type":"ImageObject","inLanguage":"en-US","@id":"https:\/\/www.chateau-la-rochefoucauld.com\/es\/#\/schema\/logo\/image\/","url":"https:\/\/www.chateau-la-rochefoucauld.com\/wp-content\/uploads\/2021\/04\/blasonLaRochefoucauldPei.png","contentUrl":"https:\/\/www.chateau-la-rochefoucauld.com\/wp-content\/uploads\/2021\/04\/blasonLaRochefoucauldPei.png","width":184,"height":200,"caption":"Ch\u00e2teau de La Rochefoucauld"},"image":{"@id":"https:\/\/www.chateau-la-rochefoucauld.com\/es\/#\/schema\/logo\/image\/"},"sameAs":["https:\/\/www.facebook.com\/ChateauDeLaRochefoucauld","https:\/\/www.instagram.com\/chateau.la.rochefoucauld\/"]}]}},"_links":{"self":[{"href":"https:\/\/www.chateau-la-rochefoucauld.com\/en\/wp-json\/wp\/v2\/pages\/88293","targetHints":{"allow":["GET"]}}],"collection":[{"href":"https:\/\/www.chateau-la-rochefoucauld.com\/en\/wp-json\/wp\/v2\/pages"}],"about":[{"href":"https:\/\/www.chateau-la-rochefoucauld.com\/en\/wp-json\/wp\/v2\/types\/page"}],"author":[{"embeddable":true,"href":"https:\/\/www.chateau-la-rochefoucauld.com\/en\/wp-json\/wp\/v2\/users\/1"}],"replies":[{"embeddable":true,"href":"https:\/\/www.chateau-la-rochefoucauld.com\/en\/wp-json\/wp\/v2\/comments?post=88293"}],"version-history":[{"count":98,"href":"https:\/\/www.chateau-la-rochefoucauld.com\/en\/wp-json\/wp\/v2\/pages\/88293\/revisions"}],"predecessor-version":[{"id":91070,"href":"https:\/\/www.chateau-la-rochefoucauld.com\/en\/wp-json\/wp\/v2\/pages\/88293\/revisions\/91070"}],"wp:attachment":[{"href":"https:\/\/www.chateau-la-rochefoucauld.com\/en\/wp-json\/wp\/v2\/media?parent=88293"}],"curies":[{"name":"wp","href":"https:\/\/api.w.org\/{rel}","templated":true}]}}