{"id":89830,"date":"2021-04-21T10:20:50","date_gmt":"2021-04-21T08:20:50","guid":{"rendered":"http:\/\/chateau.agencecentaure.fr\/politique-de-confidentialite\/"},"modified":"2021-05-31T16:53:23","modified_gmt":"2021-05-31T14:53:23","slug":"politique-de-confidentialite","status":"publish","type":"page","link":"https:\/\/www.chateau-la-rochefoucauld.com\/de\/politique-de-confidentialite\/","title":{"rendered":"Datenschutz-Bestimmungen"},"content":{"rendered":"<p>Angesichts der Entwicklung neuer Kommunikationsinstrumente muss dem Schutz der Privatsph\u00e4re besondere Aufmerksamkeit gewidmet werden. Aus diesem Grund verpflichten wir uns, die Vertraulichkeit der von uns gesammelten pers\u00f6nlichen Daten zu respektieren.<\/p>\n<hr \/>\n<p><strong>Sammlung pers\u00f6nlicher Informationen<\/strong><\/p>\n<p>Wir sammeln folgende Informationen:<\/p>\n<ul>\n<li>Nachname<\/li>\n<li>Vorname<\/li>\n<li>Adresse<\/li>\n<li>Postleitzahl<\/li>\n<li>E-Mail-Addresse<\/li>\n<li>Telefon- \/ Faxnummer<\/li>\n<li>Geschlecht \/ Geschlecht<\/li>\n<li>Alter \/ Geburtsdatum<\/li>\n<\/ul>\n<p>Die pers\u00f6nlichen Daten, die wir sammeln, werden \u00fcber Formulare und durch die Interaktivit\u00e4t zwischen Ihnen und unserer Website gesammelt. Wie im folgenden Abschnitt angegeben, verwenden wir auch Cookies und \/ oder Protokolle, um Informationen \u00fcber Sie zu sammeln.<\/p>\n<hr \/>\n<p><strong>Formen und Interaktivit\u00e4t<\/strong><\/p>\n<p>Ihre pers\u00f6nlichen Daten werden \u00fcber ein Formular gesammelt, n\u00e4mlich:<\/p>\n<ul>\n<li>Anmeldeformular f\u00fcr die Website<\/li>\n<li>Bestellformular<\/li>\n<\/ul>\n<p>Wir verwenden die so gesammelten Informationen f\u00fcr folgende Zwecke:<\/p>\n<ul>\n<li>Sendungsverfolgung<\/li>\n<li>Informations- \/ Werbeangebote<\/li>\n<li>Statistiken<\/li>\n<li>Kontakt<\/li>\n<li>Website-Management (Pr\u00e4sentation, Organisation)<\/li>\n<\/ul>\n<p>Ihre Informationen werden auch durch die Interaktivit\u00e4t gesammelt, die zwischen Ihnen und unserer Website wie folgt hergestellt werden kann:<\/p>\n<ul>\n<li>Statistiken<\/li>\n<li>Kontakt<\/li>\n<li>Website-Management (Pr\u00e4sentation, Organisation)<\/li>\n<\/ul>\n<p>Wir verwenden die so gesammelten Informationen f\u00fcr folgende Zwecke:<\/p>\n<ul>\n<li>Bemerkungen<\/li>\n<li>Korrespondenz<\/li>\n<li>Informationen oder f\u00fcr Werbeangebote<\/li>\n<\/ul>\n<hr \/>\n<p><strong>Protokolldateien und Cookies<\/strong><\/p>\n<p>Wir sammeln bestimmte Informationen durch Protokolldateien und Cookies. Dies betrifft haupts\u00e4chlich die folgenden Informationen:<\/p>\n<ul>\n<li>IP Adresse<\/li>\n<li>Betriebssystem<\/li>\n<li>Besuchte Seiten und Anfragen<\/li>\n<li>Uhrzeit und Tag der Verbindung<\/li>\n<\/ul>\n<p>Die Verwendung solcher Dateien erm\u00f6glicht uns:<\/p>\n<ul>\n<li>Verbesserter Service und pers\u00f6nlicher Empfang<\/li>\n<li>Tracking-Kontrolle<\/li>\n<li>Statistisch<\/li>\n<\/ul>\n<hr \/>\n<p><strong>Widerspruchs- und Widerrufsrecht<\/strong><\/p>\n<p>Wir verpflichten uns, Ihnen das Recht zu bieten, Ihre pers\u00f6nlichen Daten abzulehnen und zur\u00fcckzuziehen.<br \/>\nUnter Widerspruchsrecht wird die M\u00f6glichkeit verstanden, Internetnutzern die Verwendung ihrer pers\u00f6nlichen Daten f\u00fcr bestimmte w\u00e4hrend der Sammlung genannte Zwecke zu verweigern.<\/p>\n<p>Unter Widerrufsrecht versteht man die M\u00f6glichkeit f\u00fcr Internetnutzer, zu verlangen, dass ihre pers\u00f6nlichen Daten beispielsweise nicht mehr in einer Mailingliste erscheinen.<\/p>\n<p>Um diese Rechte auszu\u00fcben, k\u00f6nnen Sie das Formular unten auf der Seite verwenden oder uns kontaktieren:<br \/>\nAdresse: Ch\u00e2teau de la Rochefoucauld<br \/>\n16 110 La Rochefoucauld<br \/>\nE-Mail: amis-du-chateau@wanadoo.fr<br \/>\nTelefon: 05 45 62 07 42<br \/>\nSite-Bereich Web: https:\/\/www.chateau-la-rochefoucauld.com\/politique-de-confidentialite\/<\/p>\n<hr \/>\n<p><strong>Zugangsgenehmigung<\/strong><\/p>\n<p>Wir verpflichten uns, ein Recht auf Zugang und Berichtigung f\u00fcr betroffene Personen anzuerkennen, die diesbez\u00fcgliche Informationen einsehen, \u00e4ndern oder sogar l\u00f6schen m\u00f6chten.<br \/>\nDieses Recht wird \u00fcber das Formular unten auf der Seite oder durch Kontaktaufnahme mit uns ausge\u00fcbt:<br \/>\nAdresse: Ch\u00e2teau de la Rochefoucauld<br \/>\n16 110 La Rochefoucauld<br \/>\nE-Mail: amis-du-chateau@wanadoo.fr<br \/>\nTelefon: 05 45 62 07 42<br \/>\nAbschnitt des Website: https:\/\/www.chateau-la-rochefoucauld.com\/politique-de-confidentialite\/<\/p>\n<hr \/>\n<p><strong>Sicherheit<\/strong><\/p>\n<p>Die von uns gesammelten pers\u00f6nlichen Daten werden in einer sicheren Umgebung aufbewahrt. Personen, die f\u00fcr uns arbeiten, sind verpflichtet, die Vertraulichkeit Ihrer Daten zu respektieren.<br \/>\nUm die Sicherheit Ihrer pers\u00f6nlichen Daten zu gew\u00e4hrleisten, ergreifen wir die folgenden Ma\u00dfnahmen:<\/p>\n<ul>\n<li>SSL-Protokoll (Secure Sockets Layer)<\/li>\n<li>Zugriffsverwaltung &#8211; autorisierte Person<\/li>\n<li>Zugangsverwaltung &#8211; betroffene Person<\/li>\n<li>Computersicherung<\/li>\n<li>Passwort<\/li>\n<li>Firewalls<\/li>\n<\/ul>\n<p>Wir verpflichten uns, ein hohes Ma\u00df an Vertraulichkeit zu wahren, indem wir die neuesten technologischen Innovationen integrieren, um die Vertraulichkeit Ihrer Transaktionen zu gew\u00e4hrleisten. Da jedoch kein Mechanismus maximale Sicherheit bietet, besteht immer ein gewisses Risiko, wenn das Internet zur \u00dcbertragung pers\u00f6nlicher Informationen verwendet wird.<\/p>\n<hr \/>\n<p><strong>Gesetzgebung<\/strong><\/p>\n<p>Wir verpflichten uns, die gesetzlichen Bestimmungen einzuhalten:<br \/>\nhttps:\/\/www.cnil.fr\/fr\/loi-78-17-du-6-janvier-1978-modifiee<\/p>\n<hr \/>\n<h2>Formular f\u00fcr den Zugriff auf personenbezogene Daten<\/h2>\n\t\t<form action=\"https:\/\/www.chateau-la-rochefoucauld.com\/wp-admin\/admin-ajax.php\" method=\"post\" id=\"gdrf-form\">\n\t\t\t<input type=\"hidden\" name=\"action\" value=\"gdrf_data_request\" \/>\n\t\t\t<input type=\"hidden\" name=\"gdrf_data_human_key\" id=\"gdrf_data_human_key\" value=\"50004\" \/>\n\t\t\t<input type=\"hidden\" name=\"gdrf_data_nonce\" id=\"gdrf_data_nonce\" value=\"bc9ff9ca69\" \/>\n\n\t\t\t\t\t<div class=\"gdrf-field gdrf-field-action\" role=\"radiogroup\" aria-labelledby=\"gdrf-radio-label\">\n\t\t\t\t<p id=\"gdrf-radio-label\">\n\t\t\t\t\tW\u00e4hle eine Anfrage aus:\t\t\t\t<\/p>\n\n\t\t\t\t<input id=\"gdrf-data-type-export\" class=\"gdrf-data-type-input\" type=\"radio\" name=\"gdrf_data_type\" value=\"export_personal_data\" \/>\n\t\t\t\t<label for=\"gdrf-data-type-export\" class=\"gdrf-data-type-label\">\n\t\t\t\t\tPersonenbezogene Daten exportieren\t\t\t\t<\/label>\n\t\t\t\t<br \/>\n\t\t\t\t<input id=\"gdrf-data-type-remove\" class=\"gdrf-data-type-input\" type=\"radio\" name=\"gdrf_data_type\" value=\"remove_personal_data\" \/>\n\t\t\t\t<label for=\"gdrf-data-type-remove\" class=\"gdrf-data-type-label\">\n\t\t\t\t\tPersonenbezogene Daten l\u00f6schen\t\t\t\t<\/label>\n\t\t\t<\/div>\n\t\t\n\t\t\t<p class=\"gdrf-field gdrf-field-email\">\n\t\t\t\t<label for=\"gdrf_data_email\">\n\t\t\t\t\tDeine E-Mail-Adresse (erforderlich)\t\t\t\t<\/label>\n\t\t\t\t<input type=\"email\" id=\"gdrf_data_email\" name=\"gdrf_data_email\" required \/>\n\t\t\t<\/p>\n\n\t\t\t<p class=\"gdrf-field gdrf-field-human\">\n\t\t\t\t<label for=\"gdrf_data_human\">\n\t\t\t\t\tHuman verification (required):\t\t\t\t\t5\u00a0+\u00a04\u00a0=\u00a0?\t\t\t\t<\/label>\n\t\t\t\t<input type=\"text\" id=\"gdrf_data_human\" name=\"gdrf_data_human\" required \/>\n\t\t\t<\/p>\n\n\t\t\t<p class=\"gdrf-field gdrf-field-submit\">\n\t\t\t\t<input id=\"gdrf-submit-button\" type=\"submit\" class=\"wp-element-button\" value=\"Send Request\" \/>\n\t\t\t<\/p>\n\t\t<\/form>\n\t\t\n","protected":false},"excerpt":{"rendered":"<p>Angesichts der Entwicklung neuer Kommunikationsinstrumente muss dem Schutz der Privatsph\u00e4re besondere Aufmerksamkeit gewidmet werden. Aus diesem Grund verpflichten wir uns, [&hellip;]<\/p>\n","protected":false},"author":1,"featured_media":0,"parent":0,"menu_order":0,"comment_status":"closed","ping_status":"closed","template":"","meta":{"footnotes":""},"class_list":["post-89830","page","type-page","status-publish","hentry"],"yoast_head":"<!-- This site is optimized with the Yoast SEO plugin v27.5 - https:\/\/yoast.com\/product\/yoast-seo-wordpress\/ -->\n<title>Datenschutz-Bestimmungen - Ch\u00e2teau de La Rochefoucauld<\/title>\n<meta name=\"robots\" content=\"index, follow, max-snippet:-1, max-image-preview:large, max-video-preview:-1\" \/>\n<link rel=\"canonical\" href=\"https:\/\/www.chateau-la-rochefoucauld.com\/de\/politique-de-confidentialite\/\" \/>\n<meta property=\"og:locale\" content=\"de_DE\" \/>\n<meta property=\"og:type\" content=\"article\" \/>\n<meta property=\"og:title\" content=\"Datenschutz-Bestimmungen - Ch\u00e2teau de La Rochefoucauld\" \/>\n<meta property=\"og:description\" content=\"Angesichts der Entwicklung neuer Kommunikationsinstrumente muss dem Schutz der Privatsph\u00e4re besondere Aufmerksamkeit gewidmet werden. Aus diesem Grund verpflichten wir uns, [&hellip;]\" \/>\n<meta property=\"og:url\" content=\"https:\/\/www.chateau-la-rochefoucauld.com\/de\/politique-de-confidentialite\/\" \/>\n<meta property=\"og:site_name\" content=\"Ch\u00e2teau de La Rochefoucauld\" \/>\n<meta property=\"article:publisher\" content=\"https:\/\/www.facebook.com\/ChateauDeLaRochefoucauld\" \/>\n<meta property=\"article:modified_time\" content=\"2021-05-31T14:53:23+00:00\" \/>\n<meta name=\"twitter:card\" content=\"summary_large_image\" \/>\n<meta name=\"twitter:label1\" content=\"Gesch\u00e4tzte Lesezeit\" \/>\n\t<meta name=\"twitter:data1\" content=\"3\u00a0Minuten\" \/>\n<script type=\"application\/ld+json\" class=\"yoast-schema-graph\">{\"@context\":\"https:\\\/\\\/schema.org\",\"@graph\":[{\"@type\":\"WebPage\",\"@id\":\"https:\\\/\\\/www.chateau-la-rochefoucauld.com\\\/de\\\/politique-de-confidentialite\\\/\",\"url\":\"https:\\\/\\\/www.chateau-la-rochefoucauld.com\\\/de\\\/politique-de-confidentialite\\\/\",\"name\":\"Datenschutz-Bestimmungen - Ch\u00e2teau de La Rochefoucauld\",\"isPartOf\":{\"@id\":\"https:\\\/\\\/www.chateau-la-rochefoucauld.com\\\/es\\\/#website\"},\"datePublished\":\"2021-04-21T08:20:50+00:00\",\"dateModified\":\"2021-05-31T14:53:23+00:00\",\"breadcrumb\":{\"@id\":\"https:\\\/\\\/www.chateau-la-rochefoucauld.com\\\/de\\\/politique-de-confidentialite\\\/#breadcrumb\"},\"inLanguage\":\"de\",\"potentialAction\":[{\"@type\":\"ReadAction\",\"target\":[\"https:\\\/\\\/www.chateau-la-rochefoucauld.com\\\/de\\\/politique-de-confidentialite\\\/\"]}]},{\"@type\":\"BreadcrumbList\",\"@id\":\"https:\\\/\\\/www.chateau-la-rochefoucauld.com\\\/de\\\/politique-de-confidentialite\\\/#breadcrumb\",\"itemListElement\":[{\"@type\":\"ListItem\",\"position\":1,\"name\":\"Accueil\",\"item\":\"https:\\\/\\\/www.chateau-la-rochefoucauld.com\\\/\"},{\"@type\":\"ListItem\",\"position\":2,\"name\":\"Datenschutz-Bestimmungen\"}]},{\"@type\":\"WebSite\",\"@id\":\"https:\\\/\\\/www.chateau-la-rochefoucauld.com\\\/es\\\/#website\",\"url\":\"https:\\\/\\\/www.chateau-la-rochefoucauld.com\\\/es\\\/\",\"name\":\"Ch\u00e2teau de La Rochefoucauld\",\"description\":\"du 11\u00e8me si\u00e8cle \u00e0 nos jours\",\"publisher\":{\"@id\":\"https:\\\/\\\/www.chateau-la-rochefoucauld.com\\\/es\\\/#organization\"},\"potentialAction\":[{\"@type\":\"SearchAction\",\"target\":{\"@type\":\"EntryPoint\",\"urlTemplate\":\"https:\\\/\\\/www.chateau-la-rochefoucauld.com\\\/es\\\/?s={search_term_string}\"},\"query-input\":{\"@type\":\"PropertyValueSpecification\",\"valueRequired\":true,\"valueName\":\"search_term_string\"}}],\"inLanguage\":\"de\"},{\"@type\":\"Organization\",\"@id\":\"https:\\\/\\\/www.chateau-la-rochefoucauld.com\\\/es\\\/#organization\",\"name\":\"Ch\u00e2teau de La Rochefoucauld\",\"url\":\"https:\\\/\\\/www.chateau-la-rochefoucauld.com\\\/es\\\/\",\"logo\":{\"@type\":\"ImageObject\",\"inLanguage\":\"de\",\"@id\":\"https:\\\/\\\/www.chateau-la-rochefoucauld.com\\\/es\\\/#\\\/schema\\\/logo\\\/image\\\/\",\"url\":\"https:\\\/\\\/www.chateau-la-rochefoucauld.com\\\/wp-content\\\/uploads\\\/2021\\\/04\\\/blasonLaRochefoucauldPei.png\",\"contentUrl\":\"https:\\\/\\\/www.chateau-la-rochefoucauld.com\\\/wp-content\\\/uploads\\\/2021\\\/04\\\/blasonLaRochefoucauldPei.png\",\"width\":184,\"height\":200,\"caption\":\"Ch\u00e2teau de La Rochefoucauld\"},\"image\":{\"@id\":\"https:\\\/\\\/www.chateau-la-rochefoucauld.com\\\/es\\\/#\\\/schema\\\/logo\\\/image\\\/\"},\"sameAs\":[\"https:\\\/\\\/www.facebook.com\\\/ChateauDeLaRochefoucauld\",\"https:\\\/\\\/www.instagram.com\\\/chateau.la.rochefoucauld\\\/\"]}]}<\/script>\n<!-- \/ Yoast SEO plugin. -->","yoast_head_json":{"title":"Datenschutz-Bestimmungen - Ch\u00e2teau de La Rochefoucauld","robots":{"index":"index","follow":"follow","max-snippet":"max-snippet:-1","max-image-preview":"max-image-preview:large","max-video-preview":"max-video-preview:-1"},"canonical":"https:\/\/www.chateau-la-rochefoucauld.com\/de\/politique-de-confidentialite\/","og_locale":"de_DE","og_type":"article","og_title":"Datenschutz-Bestimmungen - Ch\u00e2teau de La Rochefoucauld","og_description":"Angesichts der Entwicklung neuer Kommunikationsinstrumente muss dem Schutz der Privatsph\u00e4re besondere Aufmerksamkeit gewidmet werden. Aus diesem Grund verpflichten wir uns, [&hellip;]","og_url":"https:\/\/www.chateau-la-rochefoucauld.com\/de\/politique-de-confidentialite\/","og_site_name":"Ch\u00e2teau de La Rochefoucauld","article_publisher":"https:\/\/www.facebook.com\/ChateauDeLaRochefoucauld","article_modified_time":"2021-05-31T14:53:23+00:00","twitter_card":"summary_large_image","twitter_misc":{"Gesch\u00e4tzte Lesezeit":"3\u00a0Minuten"},"schema":{"@context":"https:\/\/schema.org","@graph":[{"@type":"WebPage","@id":"https:\/\/www.chateau-la-rochefoucauld.com\/de\/politique-de-confidentialite\/","url":"https:\/\/www.chateau-la-rochefoucauld.com\/de\/politique-de-confidentialite\/","name":"Datenschutz-Bestimmungen - Ch\u00e2teau de La Rochefoucauld","isPartOf":{"@id":"https:\/\/www.chateau-la-rochefoucauld.com\/es\/#website"},"datePublished":"2021-04-21T08:20:50+00:00","dateModified":"2021-05-31T14:53:23+00:00","breadcrumb":{"@id":"https:\/\/www.chateau-la-rochefoucauld.com\/de\/politique-de-confidentialite\/#breadcrumb"},"inLanguage":"de","potentialAction":[{"@type":"ReadAction","target":["https:\/\/www.chateau-la-rochefoucauld.com\/de\/politique-de-confidentialite\/"]}]},{"@type":"BreadcrumbList","@id":"https:\/\/www.chateau-la-rochefoucauld.com\/de\/politique-de-confidentialite\/#breadcrumb","itemListElement":[{"@type":"ListItem","position":1,"name":"Accueil","item":"https:\/\/www.chateau-la-rochefoucauld.com\/"},{"@type":"ListItem","position":2,"name":"Datenschutz-Bestimmungen"}]},{"@type":"WebSite","@id":"https:\/\/www.chateau-la-rochefoucauld.com\/es\/#website","url":"https:\/\/www.chateau-la-rochefoucauld.com\/es\/","name":"Ch\u00e2teau de La Rochefoucauld","description":"du 11\u00e8me si\u00e8cle \u00e0 nos jours","publisher":{"@id":"https:\/\/www.chateau-la-rochefoucauld.com\/es\/#organization"},"potentialAction":[{"@type":"SearchAction","target":{"@type":"EntryPoint","urlTemplate":"https:\/\/www.chateau-la-rochefoucauld.com\/es\/?s={search_term_string}"},"query-input":{"@type":"PropertyValueSpecification","valueRequired":true,"valueName":"search_term_string"}}],"inLanguage":"de"},{"@type":"Organization","@id":"https:\/\/www.chateau-la-rochefoucauld.com\/es\/#organization","name":"Ch\u00e2teau de La Rochefoucauld","url":"https:\/\/www.chateau-la-rochefoucauld.com\/es\/","logo":{"@type":"ImageObject","inLanguage":"de","@id":"https:\/\/www.chateau-la-rochefoucauld.com\/es\/#\/schema\/logo\/image\/","url":"https:\/\/www.chateau-la-rochefoucauld.com\/wp-content\/uploads\/2021\/04\/blasonLaRochefoucauldPei.png","contentUrl":"https:\/\/www.chateau-la-rochefoucauld.com\/wp-content\/uploads\/2021\/04\/blasonLaRochefoucauldPei.png","width":184,"height":200,"caption":"Ch\u00e2teau de La Rochefoucauld"},"image":{"@id":"https:\/\/www.chateau-la-rochefoucauld.com\/es\/#\/schema\/logo\/image\/"},"sameAs":["https:\/\/www.facebook.com\/ChateauDeLaRochefoucauld","https:\/\/www.instagram.com\/chateau.la.rochefoucauld\/"]}]}},"_links":{"self":[{"href":"https:\/\/www.chateau-la-rochefoucauld.com\/de\/wp-json\/wp\/v2\/pages\/89830","targetHints":{"allow":["GET"]}}],"collection":[{"href":"https:\/\/www.chateau-la-rochefoucauld.com\/de\/wp-json\/wp\/v2\/pages"}],"about":[{"href":"https:\/\/www.chateau-la-rochefoucauld.com\/de\/wp-json\/wp\/v2\/types\/page"}],"author":[{"embeddable":true,"href":"https:\/\/www.chateau-la-rochefoucauld.com\/de\/wp-json\/wp\/v2\/users\/1"}],"replies":[{"embeddable":true,"href":"https:\/\/www.chateau-la-rochefoucauld.com\/de\/wp-json\/wp\/v2\/comments?post=89830"}],"version-history":[{"count":4,"href":"https:\/\/www.chateau-la-rochefoucauld.com\/de\/wp-json\/wp\/v2\/pages\/89830\/revisions"}],"predecessor-version":[{"id":90375,"href":"https:\/\/www.chateau-la-rochefoucauld.com\/de\/wp-json\/wp\/v2\/pages\/89830\/revisions\/90375"}],"wp:attachment":[{"href":"https:\/\/www.chateau-la-rochefoucauld.com\/de\/wp-json\/wp\/v2\/media?parent=89830"}],"curies":[{"name":"wp","href":"https:\/\/api.w.org\/{rel}","templated":true}]}}