{"id":89825,"date":"2021-04-21T10:40:52","date_gmt":"2021-04-21T08:40:52","guid":{"rendered":"http:\/\/chateau.agencecentaure.fr\/mentions-legalesmentions-legales\/"},"modified":"2021-05-31T16:41:25","modified_gmt":"2021-05-31T14:41:25","slug":"mentions-legalesmentions-legales","status":"publish","type":"page","link":"https:\/\/www.chateau-la-rochefoucauld.com\/de\/mentions-legalesmentions-legales\/","title":{"rendered":"Impressum"},"content":{"rendered":"<h3>1. Pr\u00e4sentation der Website.<\/h3>\n<p>Gem\u00e4\u00df Artikel 6 des Gesetzes Nr. 2004-575 vom 21. Juni 2004 \u00fcber das Vertrauen in die digitale Wirtschaft ist den Nutzern der Website die Identit\u00e4t der verschiedenen Interessengruppen im Zusammenhang mit ihrer Umsetzung und \u00dcberwachung klar:<\/p>\n<p><strong>Besitzer<\/strong> : Ch\u00e2teau de la Rochefoucauld<br \/>\n16 110 La Rochefoucauld<br \/>\nE-Mail: amis-du-chateau@wanadoo.fr<br \/>\nTelefon: 05 45 62 07 42<\/p>\n<p><strong>Publikationsmanager<\/strong> : amis-du-chateau@wanadoo.fr<br \/>\nDer Publikationsmanager ist eine juristische Person.<\/p>\n<p><strong>Bildnachweis :<\/strong><br \/>\nHomepage: David Perrin Dlr &#8211; Kameramann \/ Redakteur \/ Regisseur<br \/>\nAndere Seiten: Bernard Soumagne<\/p>\n<p><strong>Website-Erstellung:<\/strong> <a href=\"https:\/\/www.agencecentaure.fr\/\" target=\"_blank\" rel=\"noopener\">CENTAURE<\/a><\/p>\n<p><strong>Gastgeber<\/strong> : KALANDA &#8211; 94 Avenue de la Sarriette &#8211; ZAC Athelia 2 13600 La Ciotat &#8211; Frankreich<\/p>\n<h3>2. Allgemeine Nutzungsbedingungen der Website und der angebotenen Dienste.<\/h3>\n<p>Die Nutzung der Website <a href=\"https:\/\/translate.google.com\/website?sl=fr&amp;tl=de&amp;ajax=1&amp;u=https:\/\/www.chateau-la-rochefoucauld.com\">www.chateau-la-rochefoucauld.com<\/a> setzt die vollst\u00e4ndige und vollst\u00e4ndige Akzeptanz der nachstehend beschriebenen allgemeinen Nutzungsbedingungen voraus. Diese Nutzungsbedingungen k\u00f6nnen jederzeit ge\u00e4ndert oder erg\u00e4nzt werden. Benutzer der Website <a href=\"https:\/\/translate.google.com\/website?sl=fr&amp;tl=de&amp;ajax=1&amp;u=https:\/\/www.chateau-la-rochefoucauld.com\">www.chateau-la-rochefoucauld.com<\/a> werden daher gebeten, sie regelm\u00e4\u00dfig zu konsultieren.<\/p>\n<p>Diese Seite ist normalerweise f\u00fcr Benutzer jederzeit zug\u00e4nglich. Eine Unterbrechung aufgrund technischer Wartung kann jedoch von Le Ch\u00e2teau de la Rochefoucauld beschlossen werden, der sich dann bem\u00fcht, den Benutzern vorab die Daten und Zeiten der Intervention mitzuteilen.<\/p>\n<p>Die Website <a href=\"https:\/\/translate.google.com\/website?sl=fr&amp;tl=de&amp;ajax=1&amp;u=https:\/\/www.chateau-la-rochefoucauld.com\">www.chateau-la-rochefoucauld.com<\/a> wird vom Manager regelm\u00e4\u00dfig aktualisiert. Ebenso k\u00f6nnen die rechtlichen Hinweise jederzeit ge\u00e4ndert werden: Sie sind jedoch f\u00fcr den Benutzer verbindlich, der aufgefordert wird, so oft wie m\u00f6glich auf sie zu verweisen, um sie kennenzulernen.<\/p>\n<h3>3. Beschreibung der erbrachten Leistungen.<\/h3>\n<p>Der Zweck der Website <a href=\"https:\/\/translate.google.com\/website?sl=fr&amp;tl=de&amp;ajax=1&amp;u=https:\/\/www.chateau-la-rochefoucauld.com\">www.chateau-la-rochefoucauld.com<\/a> besteht darin, Informationen \u00fcber alle Aktivit\u00e4ten des Unternehmens bereitzustellen.<\/p>\n<p>Das Ch\u00e2teau de la Rochefoucauld ist bestrebt, der Website <a href=\"https:\/\/translate.google.com\/website?sl=fr&amp;tl=de&amp;ajax=1&amp;u=https:\/\/www.chateau-la-rochefoucauld.com\">www.chateau-la-rochefoucauld.com<\/a> so genaue Informationen wie m\u00f6glich zur Verf\u00fcgung zu stellen . Es kann jedoch nicht f\u00fcr Auslassungen, Ungenauigkeiten und M\u00e4ngel in der Aktualisierung verantwortlich gemacht werden, sei es aufgrund dieser oder von Drittpartnern, die diese Informationen bereitstellen.<\/p>\n<p>Alle auf der Website <a href=\"https:\/\/translate.google.com\/website?sl=fr&amp;tl=de&amp;ajax=1&amp;u=https:\/\/www.chateau-la-rochefoucauld.com\">www.chateau-la-rochefoucauld.com<\/a> angegebenen Informationen dienen als Hinweis und werden sich wahrscheinlich weiterentwickeln. Dar\u00fcber hinaus sind die Informationen auf der Website <a href=\"https:\/\/translate.google.com\/website?sl=fr&amp;tl=de&amp;ajax=1&amp;u=https:\/\/www.chateau-la-rochefoucauld.com\">www.chateau-la-rochefoucauld.com<\/a> nicht vollst\u00e4ndig. Sie unterliegen \u00c4nderungen, die vorgenommen wurden, seit sie online gestellt wurden.<\/p>\n<h3>4. Vertragliche Beschr\u00e4nkungen der technischen Daten.<\/h3>\n<p>Die Site verwendet JavaScript-Technologie.<\/p>\n<p>Die Website kann nicht f\u00fcr Sachsch\u00e4den im Zusammenhang mit der Nutzung der Website verantwortlich gemacht werden. Dar\u00fcber hinaus verpflichtet sich der Benutzer der Website, mit aktuellen Ger\u00e4ten, die keine Viren enthalten, und mit einem aktuellen Browser der neuesten Generation auf die Website zuzugreifen.<\/p>\n<h3>5. Geistiges Eigentum und F\u00e4lschungen.<\/h3>\n<p>Das Ch\u00e2teau de la Rochefoucauld besitzt die Rechte an geistigem Eigentum oder die Nutzungsrechte an allen auf der Website zug\u00e4nglichen Elementen, insbesondere den Texten, Bildern, Grafiken, Logos, Symbolen, Sounds und Software.<\/p>\n<p>Jede Vervielf\u00e4ltigung, Darstellung, \u00c4nderung, Ver\u00f6ffentlichung, Anpassung aller oder eines Teils der Elemente der Website, unabh\u00e4ngig von den verwendeten Mitteln oder Verfahren, ist ohne vorherige schriftliche Zustimmung von: Le Ch\u00e2teau de la Rochefoucauld untersagt<\/p>\n<p>Jede nicht autorisierte Nutzung der Website oder eines der darin enthaltenen Elemente wird als Versto\u00df angesehen und gem\u00e4\u00df den Bestimmungen der Artikel L.335-2 und den Bestimmungen des Gesetzes \u00fcber geistiges Eigentum strafrechtlich verfolgt.<\/p>\n<h3>6. Haftungsbeschr\u00e4nkungen.<\/h3>\n<p>Ch\u00e2teau de la Rochefoucauld kann nicht f\u00fcr direkte oder indirekte Sch\u00e4den an den Ger\u00e4ten des Benutzers verantwortlich gemacht werden, die beim Zugriff auf die Website <a href=\"https:\/\/translate.google.com\/website?sl=fr&amp;tl=de&amp;ajax=1&amp;u=https:\/\/www.chateau-la-rochefoucauld.com\">www.chateau-la-rochefoucauld.com<\/a> entstehen und entweder durch die Verwendung von Ger\u00e4ten verursacht werden, die nicht den in Punkt 4 angegebenen Spezifikationen entsprechen. oder das Auftreten eines Fehlers oder einer Inkompatibilit\u00e4t.<\/p>\n<p>Das Ch\u00e2teau de la Rochefoucauld kann auch nicht f\u00fcr indirekte Sch\u00e4den (wie z. B. Marktverlust oder Verlust einer Chance) infolge der Nutzung der Website <a href=\"https:\/\/translate.google.com\/website?sl=fr&amp;tl=de&amp;ajax=1&amp;u=https:\/\/www.chateau-la-rochefoucauld.com\">www.chateau-la-rochefoucauld.com verantwortlich gemacht werden<\/a><\/p>\n<p>Interaktive Bereiche (M\u00f6glichkeit, Fragen im Kontaktbereich zu stellen) stehen Benutzern zur Verf\u00fcgung. Ch\u00e2teau de la Rochefoucauld beh\u00e4lt sich das Recht vor, Inhalte, die gegen das in Frankreich geltende Recht versto\u00dfen, insbesondere die Bestimmungen zum Datenschutz, ohne vorherige Ank\u00fcndigung zu entfernen. Gegebenenfalls beh\u00e4lt sich Le Ch\u00e2teau de la Rochefoucauld auch das Recht vor, die zivil- und \/ oder strafrechtliche Haftung des Nutzers in Frage zu stellen, insbesondere im Falle einer rassistischen, missbr\u00e4uchlichen, diffamierenden oder pornografischen Nachricht, unabh\u00e4ngig vom verwendeten Medium (Text, Fotografie, usw.).<\/p>\n<h3>7. Verwaltung personenbezogener Daten.<\/h3>\n<p>In Frankreich sind personenbezogene Daten insbesondere durch das Gesetz Nr. 78-87 vom 6. Januar 1978, das Gesetz Nr. 2004-801 vom 6. August 2004, Artikel L. 226-13 des Strafgesetzbuchs und die Europ\u00e4ische Richtlinie vom Oktober gesch\u00fctzt 24, 1995.<\/p>\n<p>Bei Verwendung der Website <a href=\"https:\/\/translate.google.com\/website?sl=fr&amp;tl=de&amp;ajax=1&amp;u=https:\/\/www.chateau-la-rochefoucauld.com\">www.chateau-la-rochefoucauld.com<\/a> kann Folgendes erfasst werden: die URL der Links, \u00fcber die der Benutzer auf die Website <a href=\"https:\/\/translate.google.com\/website?sl=fr&amp;tl=de&amp;ajax=1&amp;u=https:\/\/www.chateau-la-rochefoucauld.com\">www.chateau-la-rochefoucauld.com<\/a> zugegriffen hat , der Zugriffsanbieter des Benutzers, das Internet des Benutzers Protokolladresse (IP).<\/p>\n<p>In jedem Fall sammelt das Ch\u00e2teau de la Rochefoucauld nur personenbezogene Daten \u00fcber den Benutzer, wenn bestimmte Dienste auf der Website <a href=\"https:\/\/translate.google.com\/website?sl=fr&amp;tl=de&amp;ajax=1&amp;u=https:\/\/www.chateau-la-rochefoucauld.com\">www.chateau-la-rochefoucauld.com angeboten werden<\/a> . Der Benutzer stellt diese Informationen mit vollst\u00e4ndiger Kenntnis der Fakten zur Verf\u00fcgung, insbesondere wenn er sie selbst eingibt. Dem Benutzer der Website <a href=\"https:\/\/translate.google.com\/website?sl=fr&amp;tl=de&amp;ajax=1&amp;u=https:\/\/www.chateau-la-rochefoucauld.com\">www.chateau-la-rochefoucauld.com wird dann<\/a> die Verpflichtung <a href=\"https:\/\/translate.google.com\/website?sl=fr&amp;tl=de&amp;ajax=1&amp;u=https:\/\/www.chateau-la-rochefoucauld.com\">mitgeteilt<\/a> , diese Informationen nicht bereitzustellen.<\/p>\n<p>Gem\u00e4\u00df den Bestimmungen von Artikel 38 und den Bestimmungen des Gesetzes 78-17 vom 6. Januar 1978 \u00fcber Datenverarbeitung, Dateien und Freiheiten hat jeder Benutzer ein Recht auf Zugang, Berichtigung und Widerspruch zu ihm betreffenden personenbezogenen Daten seine schriftliche und unterschriebene Anfrage, zusammen mit einer Kopie des Ausweises mit Unterschrift des Inhabers des Dokuments, unter Angabe der Adresse, an die die Antwort gesendet werden muss.<\/p>\n<p>Keine pers\u00f6nlichen Informationen des Benutzers der Website <a href=\"https:\/\/translate.google.com\/website?sl=fr&amp;tl=de&amp;ajax=1&amp;u=https:\/\/www.chateau-la-rochefoucauld.com\">www.chateau-la-rochefoucauld.com werden<\/a> ohne Wissen des Benutzers ver\u00f6ffentlicht, ausgetauscht, \u00fcbertragen, zugewiesen oder auf irgendeinem Medium an Dritte verkauft. Nur die Hypothese der Einl\u00f6sung von Le Ch\u00e2teau de la Rochefoucauld und seiner Rechte w\u00fcrde die \u00dcbermittlung solcher Informationen an den m\u00f6glichen K\u00e4ufer erm\u00f6glichen, der wiederum an die gleiche Verpflichtung gebunden w\u00e4re, Daten in Bezug auf den Benutzer der Website <a href=\"https:\/\/translate.google.com\/website?sl=fr&amp;tl=de&amp;ajax=1&amp;u=https:\/\/www.chateau-la-rochefoucauld.com\">www<\/a> zu speichern und zu \u00e4ndern <a href=\"https:\/\/translate.google.com\/website?sl=fr&amp;tl=de&amp;ajax=1&amp;u=https:\/\/www.chateau-la-rochefoucauld.com\">.chateau-la-rochefoucauld.com<\/a> .<\/p>\n<p>Die oben genannte Site wird der CNIL unter der Nummer IN PROGRESS gemeldet.<\/p>\n<p>Die Datenbanken sind durch die Bestimmungen des Gesetzes vom 1. Juli 1998 zur Umsetzung der Richtlinie 96\/9 vom 11. M\u00e4rz 1996 \u00fcber den rechtlichen Schutz von Datenbanken gesch\u00fctzt.<\/p>\n<p>Auf unserer speziellen Seite k\u00f6nnen Sie Ihre Datenschutzbestimmungen lesen.<br \/>\nAm Ende der Seite finden Sie ein Kontaktformular, mit dem Sie den Zugriff anfordern oder Ihre pers\u00f6nlichen Daten l\u00f6schen k\u00f6nnen.<br \/>\n<a href=\"https:\/\/translate.google.com\/website?sl=fr&amp;tl=de&amp;ajax=1&amp;u=https:\/\/www.chateau-la-rochefoucauld.com\/politique-de-confidentialite\/\">SIEHE DIE SEITE &#8220;DATENSCHUTZRICHTLINIE&#8221;.<\/a><\/p>\n<h3>8. Hypertext-Links und Cookies.<\/h3>\n<p>Die Website <a href=\"https:\/\/translate.google.com\/website?sl=fr&amp;tl=de&amp;ajax=1&amp;u=https:\/\/www.chateau-la-rochefoucauld.com\">www.chateau-la-rochefoucauld.com<\/a> enth\u00e4lt eine Reihe von Hypertext-Links zu anderen Websites, die mit Genehmigung von Le Ch\u00e2teau de la Rochefoucauld eingerichtet wurden. Das Ch\u00e2teau de la Rochefoucauld hat jedoch nicht die M\u00f6glichkeit, den Inhalt der so besuchten Websites zu \u00fcberpr\u00fcfen, und \u00fcbernimmt daher keine Verantwortung f\u00fcr diese Tatsache.<\/p>\n<p>Das Durchsuchen der Website <a href=\"https:\/\/translate.google.com\/website?sl=fr&amp;tl=de&amp;ajax=1&amp;u=https:\/\/www.chateau-la-rochefoucauld.com\">www.chateau-la-rochefoucauld.com<\/a> kann dazu f\u00fchren, dass Cookies auf dem Computer des Benutzers installiert werden. Ein Cookie ist eine kleine Datei, die keine Identifizierung des Benutzers erm\u00f6glicht, aber Informationen zur Navigation eines Computers auf einer Site aufzeichnet. Die so erhaltenen Daten sollen die sp\u00e4tere Navigation auf der Website erleichtern und verschiedene Anwesenheitsma\u00dfe erm\u00f6glichen.<\/p>\n<p>Wenn Sie sich weigern, ein Cookie zu installieren, kann der Zugriff auf bestimmte Dienste m\u00f6glicherweise unm\u00f6glich werden. Der Benutzer kann seinen Computer jedoch wie folgt konfigurieren, um die Installation von Cookies abzulehnen:<\/p>\n<p>Im Internet Explorer: Registerkarte Werkzeug (Piktogramm in Form eines Zahnrads oben rechts) \/ Internetoptionen. Klicken Sie auf Datenschutz und w\u00e4hlen Sie Alle Cookies blockieren. Validieren Sie auf OK.<\/p>\n<p>In Firefox: Klicken Sie oben im Browserfenster auf die Schaltfl\u00e4che Firefox und wechseln Sie zur Registerkarte Optionen. Klicken Sie auf die Registerkarte Datenschutz.<\/p>\n<p>Konfigurieren Sie die Erhaltungsregeln f\u00fcr: Verwenden Sie personalisierte Parameter f\u00fcr den Verlauf. Deaktivieren Sie es schlie\u00dflich, um Cookies zu deaktivieren.<\/p>\n<p>In Safari: Klicken Sie oben rechts im Browser auf das Men\u00fcpiktogramm (symbolisiert durch ein Zahnrad). Einstellungen ausw\u00e4hlen. Klicken Sie auf Erweiterte Einstellungen anzeigen. Klicken Sie im Abschnitt &#8220;Vertraulichkeit&#8221; auf Inhaltseinstellungen. Im Bereich \u201eCookies\u201c k\u00f6nnen Sie Cookies blockieren.<\/p>\n<p>Unter Chrome: Klicken Sie oben rechts im Browser auf das Men\u00fcpiktogramm (symbolisiert durch drei horizontale Linien). Einstellungen ausw\u00e4hlen. Klicken Sie auf Erweiterte Einstellungen anzeigen. Klicken Sie im Abschnitt &#8220;Vertraulichkeit&#8221; auf Einstellungen. Auf der Registerkarte &#8220;Vertraulichkeit&#8221; k\u00f6nnen Sie Cookies blockieren.<\/p>\n<h3>9. Anwendbares Recht und Zust\u00e4ndigkeitszuweisung.<\/h3>\n<p>Alle Streitigkeiten im Zusammenhang mit der Nutzung der Website <a href=\"https:\/\/translate.google.com\/website?sl=fr&amp;tl=de&amp;ajax=1&amp;u=https:\/\/www.chateau-la-rochefoucauld.com\">www.chateau-la-rochefoucauld.com<\/a> unterliegen franz\u00f6sischem Recht. Die ausschlie\u00dfliche Zust\u00e4ndigkeit liegt bei den zust\u00e4ndigen Gerichten von Paris.<\/p>\n<h3>10. Die wichtigsten betroffenen Gesetze.<\/h3>\n<p>Gesetz Nr. 78-17 vom 6. Januar 1978, insbesondere ge\u00e4ndert durch Gesetz Nr. 2004-801 vom 6. August 2004 in Bezug auf Datenverarbeitung, Dateien und Freiheiten.<\/p>\n<p>Gesetz Nr. 2004-575 vom 21. Juni 2004 \u00fcber das Vertrauen in die digitale Wirtschaft.<\/p>\n<h3>11. Lexikon.<\/h3>\n<p>Benutzer: Internetbenutzer, der \u00fcber die oben genannte Website eine Verbindung herstellt.<\/p>\n<p>Pers\u00f6nliche Informationen: &#8220;Informationen, die in irgendeiner Form direkt oder indirekt die Identifizierung der nat\u00fcrlichen Personen erm\u00f6glichen, f\u00fcr die sie gelten&#8221; (Artikel 4 des Gesetzes Nr. 78-17 vom 6. Januar 1978).<\/p>\n","protected":false},"excerpt":{"rendered":"<p>1. Pr\u00e4sentation der Website. Gem\u00e4\u00df Artikel 6 des Gesetzes Nr. 2004-575 vom 21. Juni 2004 \u00fcber das Vertrauen in die [&hellip;]<\/p>\n","protected":false},"author":1,"featured_media":0,"parent":0,"menu_order":0,"comment_status":"closed","ping_status":"closed","template":"","meta":{"footnotes":""},"class_list":["post-89825","page","type-page","status-publish","hentry"],"yoast_head":"<!-- This site is optimized with the Yoast SEO plugin v27.5 - https:\/\/yoast.com\/product\/yoast-seo-wordpress\/ -->\n<title>Impressum - Ch\u00e2teau de La Rochefoucauld<\/title>\n<meta name=\"robots\" content=\"index, follow, max-snippet:-1, max-image-preview:large, max-video-preview:-1\" \/>\n<link rel=\"canonical\" href=\"https:\/\/www.chateau-la-rochefoucauld.com\/de\/mentions-legalesmentions-legales\/\" \/>\n<meta property=\"og:locale\" content=\"de_DE\" \/>\n<meta property=\"og:type\" content=\"article\" \/>\n<meta property=\"og:title\" content=\"Impressum - Ch\u00e2teau de La Rochefoucauld\" \/>\n<meta property=\"og:description\" content=\"1. Pr\u00e4sentation der Website. Gem\u00e4\u00df Artikel 6 des Gesetzes Nr. 2004-575 vom 21. Juni 2004 \u00fcber das Vertrauen in die [&hellip;]\" \/>\n<meta property=\"og:url\" content=\"https:\/\/www.chateau-la-rochefoucauld.com\/de\/mentions-legalesmentions-legales\/\" \/>\n<meta property=\"og:site_name\" content=\"Ch\u00e2teau de La Rochefoucauld\" \/>\n<meta property=\"article:publisher\" content=\"https:\/\/www.facebook.com\/ChateauDeLaRochefoucauld\" \/>\n<meta property=\"article:modified_time\" content=\"2021-05-31T14:41:25+00:00\" \/>\n<meta name=\"twitter:card\" content=\"summary_large_image\" \/>\n<meta name=\"twitter:label1\" content=\"Gesch\u00e4tzte Lesezeit\" \/>\n\t<meta name=\"twitter:data1\" content=\"7\u00a0Minuten\" \/>\n<script type=\"application\/ld+json\" class=\"yoast-schema-graph\">{\"@context\":\"https:\\\/\\\/schema.org\",\"@graph\":[{\"@type\":\"WebPage\",\"@id\":\"https:\\\/\\\/www.chateau-la-rochefoucauld.com\\\/de\\\/mentions-legalesmentions-legales\\\/\",\"url\":\"https:\\\/\\\/www.chateau-la-rochefoucauld.com\\\/de\\\/mentions-legalesmentions-legales\\\/\",\"name\":\"Impressum - Ch\u00e2teau de La Rochefoucauld\",\"isPartOf\":{\"@id\":\"https:\\\/\\\/www.chateau-la-rochefoucauld.com\\\/es\\\/#website\"},\"datePublished\":\"2021-04-21T08:40:52+00:00\",\"dateModified\":\"2021-05-31T14:41:25+00:00\",\"breadcrumb\":{\"@id\":\"https:\\\/\\\/www.chateau-la-rochefoucauld.com\\\/de\\\/mentions-legalesmentions-legales\\\/#breadcrumb\"},\"inLanguage\":\"de\",\"potentialAction\":[{\"@type\":\"ReadAction\",\"target\":[\"https:\\\/\\\/www.chateau-la-rochefoucauld.com\\\/de\\\/mentions-legalesmentions-legales\\\/\"]}]},{\"@type\":\"BreadcrumbList\",\"@id\":\"https:\\\/\\\/www.chateau-la-rochefoucauld.com\\\/de\\\/mentions-legalesmentions-legales\\\/#breadcrumb\",\"itemListElement\":[{\"@type\":\"ListItem\",\"position\":1,\"name\":\"Accueil\",\"item\":\"https:\\\/\\\/www.chateau-la-rochefoucauld.com\\\/\"},{\"@type\":\"ListItem\",\"position\":2,\"name\":\"Impressum\"}]},{\"@type\":\"WebSite\",\"@id\":\"https:\\\/\\\/www.chateau-la-rochefoucauld.com\\\/es\\\/#website\",\"url\":\"https:\\\/\\\/www.chateau-la-rochefoucauld.com\\\/es\\\/\",\"name\":\"Ch\u00e2teau de La Rochefoucauld\",\"description\":\"du 11\u00e8me si\u00e8cle \u00e0 nos jours\",\"publisher\":{\"@id\":\"https:\\\/\\\/www.chateau-la-rochefoucauld.com\\\/es\\\/#organization\"},\"potentialAction\":[{\"@type\":\"SearchAction\",\"target\":{\"@type\":\"EntryPoint\",\"urlTemplate\":\"https:\\\/\\\/www.chateau-la-rochefoucauld.com\\\/es\\\/?s={search_term_string}\"},\"query-input\":{\"@type\":\"PropertyValueSpecification\",\"valueRequired\":true,\"valueName\":\"search_term_string\"}}],\"inLanguage\":\"de\"},{\"@type\":\"Organization\",\"@id\":\"https:\\\/\\\/www.chateau-la-rochefoucauld.com\\\/es\\\/#organization\",\"name\":\"Ch\u00e2teau de La Rochefoucauld\",\"url\":\"https:\\\/\\\/www.chateau-la-rochefoucauld.com\\\/es\\\/\",\"logo\":{\"@type\":\"ImageObject\",\"inLanguage\":\"de\",\"@id\":\"https:\\\/\\\/www.chateau-la-rochefoucauld.com\\\/es\\\/#\\\/schema\\\/logo\\\/image\\\/\",\"url\":\"https:\\\/\\\/www.chateau-la-rochefoucauld.com\\\/wp-content\\\/uploads\\\/2021\\\/04\\\/blasonLaRochefoucauldPei.png\",\"contentUrl\":\"https:\\\/\\\/www.chateau-la-rochefoucauld.com\\\/wp-content\\\/uploads\\\/2021\\\/04\\\/blasonLaRochefoucauldPei.png\",\"width\":184,\"height\":200,\"caption\":\"Ch\u00e2teau de La Rochefoucauld\"},\"image\":{\"@id\":\"https:\\\/\\\/www.chateau-la-rochefoucauld.com\\\/es\\\/#\\\/schema\\\/logo\\\/image\\\/\"},\"sameAs\":[\"https:\\\/\\\/www.facebook.com\\\/ChateauDeLaRochefoucauld\",\"https:\\\/\\\/www.instagram.com\\\/chateau.la.rochefoucauld\\\/\"]}]}<\/script>\n<!-- \/ Yoast SEO plugin. -->","yoast_head_json":{"title":"Impressum - Ch\u00e2teau de La Rochefoucauld","robots":{"index":"index","follow":"follow","max-snippet":"max-snippet:-1","max-image-preview":"max-image-preview:large","max-video-preview":"max-video-preview:-1"},"canonical":"https:\/\/www.chateau-la-rochefoucauld.com\/de\/mentions-legalesmentions-legales\/","og_locale":"de_DE","og_type":"article","og_title":"Impressum - Ch\u00e2teau de La Rochefoucauld","og_description":"1. Pr\u00e4sentation der Website. Gem\u00e4\u00df Artikel 6 des Gesetzes Nr. 2004-575 vom 21. Juni 2004 \u00fcber das Vertrauen in die [&hellip;]","og_url":"https:\/\/www.chateau-la-rochefoucauld.com\/de\/mentions-legalesmentions-legales\/","og_site_name":"Ch\u00e2teau de La Rochefoucauld","article_publisher":"https:\/\/www.facebook.com\/ChateauDeLaRochefoucauld","article_modified_time":"2021-05-31T14:41:25+00:00","twitter_card":"summary_large_image","twitter_misc":{"Gesch\u00e4tzte Lesezeit":"7\u00a0Minuten"},"schema":{"@context":"https:\/\/schema.org","@graph":[{"@type":"WebPage","@id":"https:\/\/www.chateau-la-rochefoucauld.com\/de\/mentions-legalesmentions-legales\/","url":"https:\/\/www.chateau-la-rochefoucauld.com\/de\/mentions-legalesmentions-legales\/","name":"Impressum - Ch\u00e2teau de La Rochefoucauld","isPartOf":{"@id":"https:\/\/www.chateau-la-rochefoucauld.com\/es\/#website"},"datePublished":"2021-04-21T08:40:52+00:00","dateModified":"2021-05-31T14:41:25+00:00","breadcrumb":{"@id":"https:\/\/www.chateau-la-rochefoucauld.com\/de\/mentions-legalesmentions-legales\/#breadcrumb"},"inLanguage":"de","potentialAction":[{"@type":"ReadAction","target":["https:\/\/www.chateau-la-rochefoucauld.com\/de\/mentions-legalesmentions-legales\/"]}]},{"@type":"BreadcrumbList","@id":"https:\/\/www.chateau-la-rochefoucauld.com\/de\/mentions-legalesmentions-legales\/#breadcrumb","itemListElement":[{"@type":"ListItem","position":1,"name":"Accueil","item":"https:\/\/www.chateau-la-rochefoucauld.com\/"},{"@type":"ListItem","position":2,"name":"Impressum"}]},{"@type":"WebSite","@id":"https:\/\/www.chateau-la-rochefoucauld.com\/es\/#website","url":"https:\/\/www.chateau-la-rochefoucauld.com\/es\/","name":"Ch\u00e2teau de La Rochefoucauld","description":"du 11\u00e8me si\u00e8cle \u00e0 nos jours","publisher":{"@id":"https:\/\/www.chateau-la-rochefoucauld.com\/es\/#organization"},"potentialAction":[{"@type":"SearchAction","target":{"@type":"EntryPoint","urlTemplate":"https:\/\/www.chateau-la-rochefoucauld.com\/es\/?s={search_term_string}"},"query-input":{"@type":"PropertyValueSpecification","valueRequired":true,"valueName":"search_term_string"}}],"inLanguage":"de"},{"@type":"Organization","@id":"https:\/\/www.chateau-la-rochefoucauld.com\/es\/#organization","name":"Ch\u00e2teau de La Rochefoucauld","url":"https:\/\/www.chateau-la-rochefoucauld.com\/es\/","logo":{"@type":"ImageObject","inLanguage":"de","@id":"https:\/\/www.chateau-la-rochefoucauld.com\/es\/#\/schema\/logo\/image\/","url":"https:\/\/www.chateau-la-rochefoucauld.com\/wp-content\/uploads\/2021\/04\/blasonLaRochefoucauldPei.png","contentUrl":"https:\/\/www.chateau-la-rochefoucauld.com\/wp-content\/uploads\/2021\/04\/blasonLaRochefoucauldPei.png","width":184,"height":200,"caption":"Ch\u00e2teau de La Rochefoucauld"},"image":{"@id":"https:\/\/www.chateau-la-rochefoucauld.com\/es\/#\/schema\/logo\/image\/"},"sameAs":["https:\/\/www.facebook.com\/ChateauDeLaRochefoucauld","https:\/\/www.instagram.com\/chateau.la.rochefoucauld\/"]}]}},"_links":{"self":[{"href":"https:\/\/www.chateau-la-rochefoucauld.com\/de\/wp-json\/wp\/v2\/pages\/89825","targetHints":{"allow":["GET"]}}],"collection":[{"href":"https:\/\/www.chateau-la-rochefoucauld.com\/de\/wp-json\/wp\/v2\/pages"}],"about":[{"href":"https:\/\/www.chateau-la-rochefoucauld.com\/de\/wp-json\/wp\/v2\/types\/page"}],"author":[{"embeddable":true,"href":"https:\/\/www.chateau-la-rochefoucauld.com\/de\/wp-json\/wp\/v2\/users\/1"}],"replies":[{"embeddable":true,"href":"https:\/\/www.chateau-la-rochefoucauld.com\/de\/wp-json\/wp\/v2\/comments?post=89825"}],"version-history":[{"count":4,"href":"https:\/\/www.chateau-la-rochefoucauld.com\/de\/wp-json\/wp\/v2\/pages\/89825\/revisions"}],"predecessor-version":[{"id":90361,"href":"https:\/\/www.chateau-la-rochefoucauld.com\/de\/wp-json\/wp\/v2\/pages\/89825\/revisions\/90361"}],"wp:attachment":[{"href":"https:\/\/www.chateau-la-rochefoucauld.com\/de\/wp-json\/wp\/v2\/media?parent=89825"}],"curies":[{"name":"wp","href":"https:\/\/api.w.org\/{rel}","templated":true}]}}