{"id":88862,"date":"2021-04-19T17:06:03","date_gmt":"2021-04-19T15:06:03","guid":{"rendered":"http:\/\/chateau.agencecentaure.fr\/die-bibliotheken\/karten-und-praegestempel\/"},"modified":"2021-06-01T17:01:04","modified_gmt":"2021-06-01T15:01:04","slug":"karten-und-praegestempel","status":"publish","type":"page","link":"https:\/\/www.chateau-la-rochefoucauld.com\/de\/die-bibliotheken\/karten-und-praegestempel\/","title":{"rendered":"KARTEN UND PR\u00c4GESTEMPEL"},"content":{"rendered":"<div class=\"wpb-content-wrapper\"><p>[vc_row unlock_row_content=&#8221;yes&#8221; row_height_percent=&#8221;100&#8243; override_padding=&#8221;yes&#8221; h_padding=&#8221;0&#8243; top_padding=&#8221;0&#8243; bottom_padding=&#8221;0&#8243; back_color=&#8221;color-jevc&#8221; overlay_alpha=&#8221;50&#8243; equal_height=&#8221;yes&#8221; gutter_size=&#8221;0&#8243; column_width_percent=&#8221;100&#8243; shift_y=&#8221;0&#8243; z_index=&#8221;0&#8243; shape_dividers=&#8221;&#8221;][vc_column column_width_percent=&#8221;100&#8243; align_horizontal=&#8221;align_center&#8221; gutter_size=&#8221;3&#8243; expand_height=&#8221;yes&#8221; back_color=&#8221;color-jevc&#8221; overlay_alpha=&#8221;50&#8243; shift_x=&#8221;0&#8243; shift_y=&#8221;0&#8243; shift_y_down=&#8221;0&#8243; z_index=&#8221;0&#8243; medium_width=&#8221;0&#8243; mobile_width=&#8221;0&#8243; sticky=&#8221;yes&#8221; width=&#8221;1\/2&#8243; mobile_height=&#8221;340&#8243; css=&#8221;.vc_custom_1618429511978{padding-top: 0px !important;padding-right: 0px !important;padding-bottom: 0px !important;padding-left: 0px !important;}&#8221;][vc_single_image media=&#8221;90039&#8243; media_width_percent=&#8221;100&#8243;][\/vc_column][vc_column column_width_use_pixel=&#8221;yes&#8221; gutter_size=&#8221;3&#8243; override_padding=&#8221;yes&#8221; column_padding=&#8221;5&#8243; back_color=&#8221;color-gyho&#8221; overlay_alpha=&#8221;50&#8243; shift_x=&#8221;0&#8243; shift_y=&#8221;0&#8243; shift_y_down=&#8221;0&#8243; z_index=&#8221;0&#8243; medium_width=&#8221;0&#8243; mobile_width=&#8221;0&#8243; width=&#8221;1\/2&#8243; column_width_pixel=&#8221;528&#8243;][vc_custom_heading heading_semantic=&#8221;h6&#8243; text_size=&#8221;fontsize-160000&#8243; text_transform=&#8221;uppercase&#8221; text_space=&#8221;fontspace-135905&#8243; text_color=&#8221;accent&#8221;]<\/p>\n<h1>KARTEN UND PR\u00c4GESTEMPEL<\/h1>\n<p>[\/vc_custom_heading][vc_column_text text_lead=&#8221;yes&#8221;]Das Schlo\u00df in Spielraum seiner sehr gro\u00dfen Buchsammlung verf\u00fcgt \u00fcber etwa drei hundert Karten und Pr\u00e4gestempel, die eine Sicht von St\u00e4dten, von L\u00e4ndern oder von Kontinenten darstellen. Neben Karten von Italien, von Deutschland, von Luxemburg, von S\u00fcdamerika oder von Heiligen findet man auch Schlachtpl\u00e4ne.[\/vc_column_text][\/vc_column][\/vc_row]<\/p>\n<\/div>","protected":false},"excerpt":{"rendered":"<p>[vc_row unlock_row_content=&#8221;yes&#8221; row_height_percent=&#8221;100&#8243; override_padding=&#8221;yes&#8221; h_padding=&#8221;0&#8243; top_padding=&#8221;0&#8243; bottom_padding=&#8221;0&#8243; back_color=&#8221;color-jevc&#8221; overlay_alpha=&#8221;50&#8243; equal_height=&#8221;yes&#8221; gutter_size=&#8221;0&#8243; column_width_percent=&#8221;100&#8243; shift_y=&#8221;0&#8243; z_index=&#8221;0&#8243; shape_dividers=&#8221;&#8221;][vc_column column_width_percent=&#8221;100&#8243; align_horizontal=&#8221;align_center&#8221; gutter_size=&#8221;3&#8243; expand_height=&#8221;yes&#8221; back_color=&#8221;color-jevc&#8221; [&hellip;]<\/p>\n","protected":false},"author":1,"featured_media":0,"parent":88834,"menu_order":0,"comment_status":"closed","ping_status":"closed","template":"","meta":{"footnotes":""},"class_list":["post-88862","page","type-page","status-publish","hentry"],"yoast_head":"<!-- This site is optimized with the Yoast SEO plugin v27.5 - https:\/\/yoast.com\/product\/yoast-seo-wordpress\/ -->\n<title>KARTEN UND PR\u00c4GESTEMPEL - Ch\u00e2teau de La Rochefoucauld<\/title>\n<meta name=\"robots\" content=\"index, follow, max-snippet:-1, max-image-preview:large, max-video-preview:-1\" \/>\n<link rel=\"canonical\" href=\"https:\/\/www.chateau-la-rochefoucauld.com\/de\/die-bibliotheken\/karten-und-praegestempel\/\" \/>\n<meta property=\"og:locale\" content=\"de_DE\" \/>\n<meta property=\"og:type\" content=\"article\" \/>\n<meta property=\"og:title\" content=\"KARTEN UND PR\u00c4GESTEMPEL - Ch\u00e2teau de La Rochefoucauld\" \/>\n<meta property=\"og:description\" content=\"[vc_row unlock_row_content=&#8221;yes&#8221; row_height_percent=&#8221;100&#8243; override_padding=&#8221;yes&#8221; h_padding=&#8221;0&#8243; top_padding=&#8221;0&#8243; bottom_padding=&#8221;0&#8243; back_color=&#8221;color-jevc&#8221; overlay_alpha=&#8221;50&#8243; equal_height=&#8221;yes&#8221; gutter_size=&#8221;0&#8243; column_width_percent=&#8221;100&#8243; shift_y=&#8221;0&#8243; z_index=&#8221;0&#8243; shape_dividers=&#8221;&#8221;][vc_column column_width_percent=&#8221;100&#8243; align_horizontal=&#8221;align_center&#8221; gutter_size=&#8221;3&#8243; expand_height=&#8221;yes&#8221; back_color=&#8221;color-jevc&#8221; [&hellip;]\" \/>\n<meta property=\"og:url\" content=\"https:\/\/www.chateau-la-rochefoucauld.com\/de\/die-bibliotheken\/karten-und-praegestempel\/\" \/>\n<meta property=\"og:site_name\" content=\"Ch\u00e2teau de La Rochefoucauld\" \/>\n<meta property=\"article:publisher\" content=\"https:\/\/www.facebook.com\/ChateauDeLaRochefoucauld\" \/>\n<meta property=\"article:modified_time\" content=\"2021-06-01T15:01:04+00:00\" \/>\n<meta name=\"twitter:card\" content=\"summary_large_image\" \/>\n<meta name=\"twitter:label1\" content=\"Gesch\u00e4tzte Lesezeit\" \/>\n\t<meta name=\"twitter:data1\" content=\"1\u00a0Minute\" \/>\n<script type=\"application\/ld+json\" class=\"yoast-schema-graph\">{\"@context\":\"https:\\\/\\\/schema.org\",\"@graph\":[{\"@type\":\"WebPage\",\"@id\":\"https:\\\/\\\/www.chateau-la-rochefoucauld.com\\\/de\\\/die-bibliotheken\\\/karten-und-praegestempel\\\/\",\"url\":\"https:\\\/\\\/www.chateau-la-rochefoucauld.com\\\/de\\\/die-bibliotheken\\\/karten-und-praegestempel\\\/\",\"name\":\"KARTEN UND PR\u00c4GESTEMPEL - Ch\u00e2teau de La Rochefoucauld\",\"isPartOf\":{\"@id\":\"https:\\\/\\\/www.chateau-la-rochefoucauld.com\\\/es\\\/#website\"},\"datePublished\":\"2021-04-19T15:06:03+00:00\",\"dateModified\":\"2021-06-01T15:01:04+00:00\",\"breadcrumb\":{\"@id\":\"https:\\\/\\\/www.chateau-la-rochefoucauld.com\\\/de\\\/die-bibliotheken\\\/karten-und-praegestempel\\\/#breadcrumb\"},\"inLanguage\":\"de\",\"potentialAction\":[{\"@type\":\"ReadAction\",\"target\":[\"https:\\\/\\\/www.chateau-la-rochefoucauld.com\\\/de\\\/die-bibliotheken\\\/karten-und-praegestempel\\\/\"]}]},{\"@type\":\"BreadcrumbList\",\"@id\":\"https:\\\/\\\/www.chateau-la-rochefoucauld.com\\\/de\\\/die-bibliotheken\\\/karten-und-praegestempel\\\/#breadcrumb\",\"itemListElement\":[{\"@type\":\"ListItem\",\"position\":1,\"name\":\"Accueil\",\"item\":\"https:\\\/\\\/www.chateau-la-rochefoucauld.com\\\/\"},{\"@type\":\"ListItem\",\"position\":2,\"name\":\"DIE BIBLIOTHEKEN\",\"item\":\"https:\\\/\\\/www.chateau-la-rochefoucauld.com\\\/de\\\/die-bibliotheken\\\/\"},{\"@type\":\"ListItem\",\"position\":3,\"name\":\"KARTEN UND PR\u00c4GESTEMPEL\"}]},{\"@type\":\"WebSite\",\"@id\":\"https:\\\/\\\/www.chateau-la-rochefoucauld.com\\\/es\\\/#website\",\"url\":\"https:\\\/\\\/www.chateau-la-rochefoucauld.com\\\/es\\\/\",\"name\":\"Ch\u00e2teau de La Rochefoucauld\",\"description\":\"du 11\u00e8me si\u00e8cle \u00e0 nos jours\",\"publisher\":{\"@id\":\"https:\\\/\\\/www.chateau-la-rochefoucauld.com\\\/es\\\/#organization\"},\"potentialAction\":[{\"@type\":\"SearchAction\",\"target\":{\"@type\":\"EntryPoint\",\"urlTemplate\":\"https:\\\/\\\/www.chateau-la-rochefoucauld.com\\\/es\\\/?s={search_term_string}\"},\"query-input\":{\"@type\":\"PropertyValueSpecification\",\"valueRequired\":true,\"valueName\":\"search_term_string\"}}],\"inLanguage\":\"de\"},{\"@type\":\"Organization\",\"@id\":\"https:\\\/\\\/www.chateau-la-rochefoucauld.com\\\/es\\\/#organization\",\"name\":\"Ch\u00e2teau de La Rochefoucauld\",\"url\":\"https:\\\/\\\/www.chateau-la-rochefoucauld.com\\\/es\\\/\",\"logo\":{\"@type\":\"ImageObject\",\"inLanguage\":\"de\",\"@id\":\"https:\\\/\\\/www.chateau-la-rochefoucauld.com\\\/es\\\/#\\\/schema\\\/logo\\\/image\\\/\",\"url\":\"https:\\\/\\\/www.chateau-la-rochefoucauld.com\\\/wp-content\\\/uploads\\\/2021\\\/04\\\/blasonLaRochefoucauldPei.png\",\"contentUrl\":\"https:\\\/\\\/www.chateau-la-rochefoucauld.com\\\/wp-content\\\/uploads\\\/2021\\\/04\\\/blasonLaRochefoucauldPei.png\",\"width\":184,\"height\":200,\"caption\":\"Ch\u00e2teau de La Rochefoucauld\"},\"image\":{\"@id\":\"https:\\\/\\\/www.chateau-la-rochefoucauld.com\\\/es\\\/#\\\/schema\\\/logo\\\/image\\\/\"},\"sameAs\":[\"https:\\\/\\\/www.facebook.com\\\/ChateauDeLaRochefoucauld\",\"https:\\\/\\\/www.instagram.com\\\/chateau.la.rochefoucauld\\\/\"]}]}<\/script>\n<!-- \/ Yoast SEO plugin. -->","yoast_head_json":{"title":"KARTEN UND PR\u00c4GESTEMPEL - Ch\u00e2teau de La Rochefoucauld","robots":{"index":"index","follow":"follow","max-snippet":"max-snippet:-1","max-image-preview":"max-image-preview:large","max-video-preview":"max-video-preview:-1"},"canonical":"https:\/\/www.chateau-la-rochefoucauld.com\/de\/die-bibliotheken\/karten-und-praegestempel\/","og_locale":"de_DE","og_type":"article","og_title":"KARTEN UND PR\u00c4GESTEMPEL - Ch\u00e2teau de La Rochefoucauld","og_description":"[vc_row unlock_row_content=&#8221;yes&#8221; row_height_percent=&#8221;100&#8243; override_padding=&#8221;yes&#8221; h_padding=&#8221;0&#8243; top_padding=&#8221;0&#8243; bottom_padding=&#8221;0&#8243; back_color=&#8221;color-jevc&#8221; overlay_alpha=&#8221;50&#8243; equal_height=&#8221;yes&#8221; gutter_size=&#8221;0&#8243; column_width_percent=&#8221;100&#8243; shift_y=&#8221;0&#8243; z_index=&#8221;0&#8243; shape_dividers=&#8221;&#8221;][vc_column column_width_percent=&#8221;100&#8243; align_horizontal=&#8221;align_center&#8221; gutter_size=&#8221;3&#8243; expand_height=&#8221;yes&#8221; back_color=&#8221;color-jevc&#8221; [&hellip;]","og_url":"https:\/\/www.chateau-la-rochefoucauld.com\/de\/die-bibliotheken\/karten-und-praegestempel\/","og_site_name":"Ch\u00e2teau de La Rochefoucauld","article_publisher":"https:\/\/www.facebook.com\/ChateauDeLaRochefoucauld","article_modified_time":"2021-06-01T15:01:04+00:00","twitter_card":"summary_large_image","twitter_misc":{"Gesch\u00e4tzte Lesezeit":"1\u00a0Minute"},"schema":{"@context":"https:\/\/schema.org","@graph":[{"@type":"WebPage","@id":"https:\/\/www.chateau-la-rochefoucauld.com\/de\/die-bibliotheken\/karten-und-praegestempel\/","url":"https:\/\/www.chateau-la-rochefoucauld.com\/de\/die-bibliotheken\/karten-und-praegestempel\/","name":"KARTEN UND PR\u00c4GESTEMPEL - Ch\u00e2teau de La Rochefoucauld","isPartOf":{"@id":"https:\/\/www.chateau-la-rochefoucauld.com\/es\/#website"},"datePublished":"2021-04-19T15:06:03+00:00","dateModified":"2021-06-01T15:01:04+00:00","breadcrumb":{"@id":"https:\/\/www.chateau-la-rochefoucauld.com\/de\/die-bibliotheken\/karten-und-praegestempel\/#breadcrumb"},"inLanguage":"de","potentialAction":[{"@type":"ReadAction","target":["https:\/\/www.chateau-la-rochefoucauld.com\/de\/die-bibliotheken\/karten-und-praegestempel\/"]}]},{"@type":"BreadcrumbList","@id":"https:\/\/www.chateau-la-rochefoucauld.com\/de\/die-bibliotheken\/karten-und-praegestempel\/#breadcrumb","itemListElement":[{"@type":"ListItem","position":1,"name":"Accueil","item":"https:\/\/www.chateau-la-rochefoucauld.com\/"},{"@type":"ListItem","position":2,"name":"DIE BIBLIOTHEKEN","item":"https:\/\/www.chateau-la-rochefoucauld.com\/de\/die-bibliotheken\/"},{"@type":"ListItem","position":3,"name":"KARTEN UND PR\u00c4GESTEMPEL"}]},{"@type":"WebSite","@id":"https:\/\/www.chateau-la-rochefoucauld.com\/es\/#website","url":"https:\/\/www.chateau-la-rochefoucauld.com\/es\/","name":"Ch\u00e2teau de La Rochefoucauld","description":"du 11\u00e8me si\u00e8cle \u00e0 nos jours","publisher":{"@id":"https:\/\/www.chateau-la-rochefoucauld.com\/es\/#organization"},"potentialAction":[{"@type":"SearchAction","target":{"@type":"EntryPoint","urlTemplate":"https:\/\/www.chateau-la-rochefoucauld.com\/es\/?s={search_term_string}"},"query-input":{"@type":"PropertyValueSpecification","valueRequired":true,"valueName":"search_term_string"}}],"inLanguage":"de"},{"@type":"Organization","@id":"https:\/\/www.chateau-la-rochefoucauld.com\/es\/#organization","name":"Ch\u00e2teau de La Rochefoucauld","url":"https:\/\/www.chateau-la-rochefoucauld.com\/es\/","logo":{"@type":"ImageObject","inLanguage":"de","@id":"https:\/\/www.chateau-la-rochefoucauld.com\/es\/#\/schema\/logo\/image\/","url":"https:\/\/www.chateau-la-rochefoucauld.com\/wp-content\/uploads\/2021\/04\/blasonLaRochefoucauldPei.png","contentUrl":"https:\/\/www.chateau-la-rochefoucauld.com\/wp-content\/uploads\/2021\/04\/blasonLaRochefoucauldPei.png","width":184,"height":200,"caption":"Ch\u00e2teau de La Rochefoucauld"},"image":{"@id":"https:\/\/www.chateau-la-rochefoucauld.com\/es\/#\/schema\/logo\/image\/"},"sameAs":["https:\/\/www.facebook.com\/ChateauDeLaRochefoucauld","https:\/\/www.instagram.com\/chateau.la.rochefoucauld\/"]}]}},"_links":{"self":[{"href":"https:\/\/www.chateau-la-rochefoucauld.com\/de\/wp-json\/wp\/v2\/pages\/88862","targetHints":{"allow":["GET"]}}],"collection":[{"href":"https:\/\/www.chateau-la-rochefoucauld.com\/de\/wp-json\/wp\/v2\/pages"}],"about":[{"href":"https:\/\/www.chateau-la-rochefoucauld.com\/de\/wp-json\/wp\/v2\/types\/page"}],"author":[{"embeddable":true,"href":"https:\/\/www.chateau-la-rochefoucauld.com\/de\/wp-json\/wp\/v2\/users\/1"}],"replies":[{"embeddable":true,"href":"https:\/\/www.chateau-la-rochefoucauld.com\/de\/wp-json\/wp\/v2\/comments?post=88862"}],"version-history":[{"count":3,"href":"https:\/\/www.chateau-la-rochefoucauld.com\/de\/wp-json\/wp\/v2\/pages\/88862\/revisions"}],"predecessor-version":[{"id":90438,"href":"https:\/\/www.chateau-la-rochefoucauld.com\/de\/wp-json\/wp\/v2\/pages\/88862\/revisions\/90438"}],"up":[{"embeddable":true,"href":"https:\/\/www.chateau-la-rochefoucauld.com\/de\/wp-json\/wp\/v2\/pages\/88834"}],"wp:attachment":[{"href":"https:\/\/www.chateau-la-rochefoucauld.com\/de\/wp-json\/wp\/v2\/media?parent=88862"}],"curies":[{"name":"wp","href":"https:\/\/api.w.org\/{rel}","templated":true}]}}